{"id":210826,"date":"2026-02-17T09:15:56","date_gmt":"2026-02-17T09:15:56","guid":{"rendered":"https:\/\/moto-oprema.com\/?post_type=product&#038;p=210826"},"modified":"2026-02-17T09:23:00","modified_gmt":"2026-02-17T09:23:00","slug":"alpinestars-mx-jugend-fluid-portl-rot-hellgrau-dunkelgrau-kopija","status":"publish","type":"product","link":"https:\/\/moto-oprema.com\/de\/Artikel\/alpinestars-mx-jugend-fluid-portl-rot-hellgrau-dunkelgrau-kopija\/","title":{"rendered":"ALPINESTARS MX JUGEND HOSE FLUID PORTL GR\u00dcN WEISS SCHWARZ"},"content":{"rendered":"<p>Die Youth Fluid-Linie bietet Freizeit-MX-Fahrern MX-Ausr\u00fcstung mit optimierter MX-Technologie. Sie nutzt die wichtigsten Designmerkmale der Supertech-, Techstar- und Racer-Linien f\u00fcr ein komplettes Aussehen und Gef\u00fchl, das auf Komfort und Fahrfunktionalit\u00e4t f\u00fcr junge Fahrer optimiert ist. Die Youth Fluid Sportausr\u00fcstung wurde auf h\u00e4rtestem Terrain entwickelt und getestet und ist ideal f\u00fcr viele Arten von Offroad-Fahrten geeignet. Sie bietet die entspannteste Passform aller MX26 Ausr\u00fcstungslinien. Die Youth Fluid Linie hat eine sportlichere Passform, einschlie\u00dflich enger anliegender \u00c4rmel, und das Gr\u00f6\u00dfensortiment wurde erweitert, um Gr\u00f6\u00dfen f\u00fcr Fahrer im Alter von 5 bis 15 Jahren anzubieten.  <\/p>\n<p>Wesentliche Merkmale<\/p>\n<ul>\n<li>Verbesserte Leistung und Komfort: Die Youth Fluid Portl Sporthose bietet dank der leichten Polyesterkonstruktion, der Stretch-Cordura-Eins\u00e4tze und der vorgeformten Socken ein optimales Ma\u00df an Leistung, Komfort und Bewegungsfreiheit w\u00e4hrend der Fahrt.<\/li>\n<li>Ergonomisches Muster f\u00fcr verbesserten Fahrerkomfort: Ergonomischer Schnitt und 3D-Muster f\u00fcr \u00fcberragenden Fahrerkomfort und Mobilit\u00e4t.<\/li>\n<\/ul>\n<p>Bauwesen<\/p>\n<ul>\n<li>Die Youth Fluid Grid Pants besteht aus 600D-Polyester, mit verst\u00e4rktem 600D-Polyester am Ges\u00e4\u00df und an den Knien f\u00fcr noch mehr Strapazierf\u00e4higkeit.<\/li>\n<li>Ergonomischer Schnitt und 3D-Muster f\u00fcr mehr Fahrerkomfort, unvergleichliche Bewegungsfreiheit und \u00fcberragende Mobilit\u00e4t.<\/li>\n<li>Verl\u00e4ngerte elastische Kordel-Eins\u00e4tze im Schritt, an den Knien, am Ges\u00e4\u00df und an der Innenseite der Beine sorgen f\u00fcr \u00fcberragende Bewegungsfreiheit, optimale Passform und erh\u00f6hten Komfort f\u00fcr die Reiterin.<\/li>\n<li>Hochwertige, mit Kunstleder verst\u00e4rkte Knieinnenseiten sorgen f\u00fcr weichen Halt, Haltbarkeit und Komfort.<\/li>\n<li>Schnalle mit Griff f\u00fcr einen sicheren und individuellen Sitz.<\/li>\n<li>Mesh-Futter f\u00fcr mehr Fahrkomfort.<\/li>\n<li>Rei\u00dfverschluss f\u00fcr einfachen Gebrauch.<\/li>\n<\/ul>\n","protected":false},"excerpt":{"rendered":"<p>Alpinestars MX Jugend Fluid Portl Pants<\/p>\n","protected":false},"featured_media":210761,"comment_status":"open","ping_status":"closed","template":"","meta":{"_acf_changed":false},"brand":[2111],"gender":[],"product_brand":[],"product_cat":[2216,2028,2246],"product_tag":[],"class_list":{"0":"post-210826","1":"product","2":"type-product","3":"status-publish","4":"has-post-thumbnail","6":"brand-alpinestars-de","7":"product_cat-fur-die-jungsten-de","8":"product_cat-motocross-ausrustung","9":"product_cat-mx-hose-de","10":"pa_size-22-de","11":"pa_size-24-de","12":"pa_size-26-de","13":"pa_size-28-de","15":"first","16":"instock","17":"sale","18":"taxable","19":"shipping-taxable","20":"purchasable","21":"product-type-variable"},"acf":[],"_links":{"self":[{"href":"https:\/\/moto-oprema.com\/de\/wp-json\/wp\/v2\/product\/210826","targetHints":{"allow":["GET"]}}],"collection":[{"href":"https:\/\/moto-oprema.com\/de\/wp-json\/wp\/v2\/product"}],"about":[{"href":"https:\/\/moto-oprema.com\/de\/wp-json\/wp\/v2\/types\/product"}],"replies":[{"embeddable":true,"href":"https:\/\/moto-oprema.com\/de\/wp-json\/wp\/v2\/comments?post=210826"}],"wp:featuredmedia":[{"embeddable":true,"href":"https:\/\/moto-oprema.com\/de\/wp-json\/wp\/v2\/media\/210761"}],"wp:attachment":[{"href":"https:\/\/moto-oprema.com\/de\/wp-json\/wp\/v2\/media?parent=210826"}],"wp:term":[{"taxonomy":"brand","embeddable":true,"href":"https:\/\/moto-oprema.com\/de\/wp-json\/wp\/v2\/brand?post=210826"},{"taxonomy":"gender","embeddable":true,"href":"https:\/\/moto-oprema.com\/de\/wp-json\/wp\/v2\/gender?post=210826"},{"taxonomy":"product_brand","embeddable":true,"href":"https:\/\/moto-oprema.com\/de\/wp-json\/wp\/v2\/product_brand?post=210826"},{"taxonomy":"product_cat","embeddable":true,"href":"https:\/\/moto-oprema.com\/de\/wp-json\/wp\/v2\/product_cat?post=210826"},{"taxonomy":"product_tag","embeddable":true,"href":"https:\/\/moto-oprema.com\/de\/wp-json\/wp\/v2\/product_tag?post=210826"}],"curies":[{"name":"wp","href":"https:\/\/api.w.org\/{rel}","templated":true}]}}