{"id":210673,"date":"2026-02-16T09:32:20","date_gmt":"2026-02-16T09:32:20","guid":{"rendered":"https:\/\/moto-oprema.com\/?post_type=product&#038;p=210673"},"modified":"2026-02-16T11:01:30","modified_gmt":"2026-02-16T11:01:30","slug":"alpinestars-mx-jugend-trikot-fluid-portl-grun-weiss-schwarz-kopija","status":"publish","type":"product","link":"https:\/\/moto-oprema.com\/de\/Artikel\/alpinestars-mx-jugend-trikot-fluid-portl-grun-weiss-schwarz-kopija\/","title":{"rendered":"ALPINESTARS MX JUGEND TRIKOT FLUID PORTL ROT HELLGRAU DUNKELGRAU"},"content":{"rendered":"<p>Die Youth Fluid-Linie bietet Freizeitfahrern eine MX-Ausr\u00fcstung mit optimierter MX-Technologie, die die Eigenschaften der Top-Motocross-Ausr\u00fcstung von Alpinestars f\u00fcr den perfekten Look und das perfekte Fahrgef\u00fchl nutzt und f\u00fcr den Komfort und die Fahrfunktionalit\u00e4t optimiert wurde, die junge Fahrer verlangen. Entwickelt und getestet auf einigen der h\u00e4rtesten Terrains, ist die Youth Fluid ideal f\u00fcr viele Arten von Offroad-Fahrten und bietet die entspannteste Passform aller MX26-Ausr\u00fcstungslinien. Die Youth Fluid-Gr\u00f6\u00dfenpalette wurde erweitert und bietet nun Gr\u00f6\u00dfen f\u00fcr Fahrer im Alter von 5 bis 15 Jahren.  <\/p>\n<p>Wesentliche Merkmale<\/p>\n<ul>\n<li>Ein entspannter, sportlicher Schnitt mit einem neuen ergonomischen Schnitt und Muster f\u00fcr mehr Bewegungsfreiheit und hervorragende Mobilit\u00e4t.<\/li>\n<li>Das Youth Fluid Portl Trikot ist in einer Vielzahl von kr\u00e4ftigen und aggressiven Farbkombinationen erh\u00e4ltlich, die auf die Youth Fluid Portl Shorts abgestimmt sind, um ein komplettes Aussehen und ein Gef\u00fchl von Leistung zu vermitteln.<\/li>\n<\/ul>\n<p>Bauwesen<\/p>\n<ul>\n<li>Die fortschrittliche Polyesterkonstruktion ist leicht, feuchtigkeitsableitend und atmungsaktiv, mit mechanischem Stretch f\u00fcr erh\u00f6hte Strapazierf\u00e4higkeit, was ein hohes Ma\u00df an Leistung und mehr Fahrkomfort gew\u00e4hrleistet.<\/li>\n<li>Athletischer Schnitt mit neuem ergonomischen Schnitt und Muster f\u00fcr hervorragende Bewegungsfreiheit und Mobilit\u00e4t.<\/li>\n<li>Die MX26 Youth Fluid T-Shirts haben eine neue ergonomische Konstruktion, die speziell auf jede Grafik der Linie abgestimmt ist.<\/li>\n<li>Der hintere Teil ist l\u00e4nger und bietet mehr Schutz beim Fahren.<\/li>\n<li>Sportliche Kragenkonstruktion f\u00fcr ultimativen Fahrerkomfort.<\/li>\n<\/ul>\n<p>&nbsp;<\/p>\n","protected":false},"excerpt":{"rendered":"<p>Alpinestars MX Jugend Jersey Fluid Portl<\/p>\n","protected":false},"featured_media":210561,"comment_status":"open","ping_status":"closed","template":"","meta":{"_acf_changed":false},"brand":[2111],"gender":[],"product_brand":[],"product_cat":[2216,2028,3435],"product_tag":[],"class_list":{"0":"post-210673","1":"product","2":"type-product","3":"status-publish","4":"has-post-thumbnail","6":"brand-alpinestars-de","7":"product_cat-fur-die-jungsten-de","8":"product_cat-motocross-ausrustung","9":"product_cat-mx-trikots","10":"pa_size-2xl-de","11":"pa_size-l-de","12":"pa_size-m-de","13":"pa_size-s-de","14":"pa_size-xl-de","16":"first","17":"instock","18":"sale","19":"taxable","20":"shipping-taxable","21":"purchasable","22":"product-type-variable"},"acf":[],"_links":{"self":[{"href":"https:\/\/moto-oprema.com\/de\/wp-json\/wp\/v2\/product\/210673","targetHints":{"allow":["GET"]}}],"collection":[{"href":"https:\/\/moto-oprema.com\/de\/wp-json\/wp\/v2\/product"}],"about":[{"href":"https:\/\/moto-oprema.com\/de\/wp-json\/wp\/v2\/types\/product"}],"replies":[{"embeddable":true,"href":"https:\/\/moto-oprema.com\/de\/wp-json\/wp\/v2\/comments?post=210673"}],"wp:featuredmedia":[{"embeddable":true,"href":"https:\/\/moto-oprema.com\/de\/wp-json\/wp\/v2\/media\/210561"}],"wp:attachment":[{"href":"https:\/\/moto-oprema.com\/de\/wp-json\/wp\/v2\/media?parent=210673"}],"wp:term":[{"taxonomy":"brand","embeddable":true,"href":"https:\/\/moto-oprema.com\/de\/wp-json\/wp\/v2\/brand?post=210673"},{"taxonomy":"gender","embeddable":true,"href":"https:\/\/moto-oprema.com\/de\/wp-json\/wp\/v2\/gender?post=210673"},{"taxonomy":"product_brand","embeddable":true,"href":"https:\/\/moto-oprema.com\/de\/wp-json\/wp\/v2\/product_brand?post=210673"},{"taxonomy":"product_cat","embeddable":true,"href":"https:\/\/moto-oprema.com\/de\/wp-json\/wp\/v2\/product_cat?post=210673"},{"taxonomy":"product_tag","embeddable":true,"href":"https:\/\/moto-oprema.com\/de\/wp-json\/wp\/v2\/product_tag?post=210673"}],"curies":[{"name":"wp","href":"https:\/\/api.w.org\/{rel}","templated":true}]}}