{"id":209376,"date":"2026-02-13T09:05:11","date_gmt":"2026-02-13T09:05:11","guid":{"rendered":"https:\/\/moto-oprema.com\/?post_type=product&#038;p=209376"},"modified":"2026-02-13T09:08:44","modified_gmt":"2026-02-13T09:08:44","slug":"alpinestars-racer-mx-trikot-lahnd-sand-camo-26-kopija","status":"publish","type":"product","link":"https:\/\/moto-oprema.com\/de\/Artikel\/alpinestars-racer-mx-trikot-lahnd-sand-camo-26-kopija\/","title":{"rendered":"ALPINESTARS RACER MX TRIKOT LAHND EISEN CAMO 26"},"content":{"rendered":"<p>Das Racer wurde auf einigen der h\u00e4rtesten Terrains der Welt entwickelt und getestet und ist dank seines ergonomischen, vorgeformten Designs und der feuchtigkeitsableitenden, leichten und strapazierf\u00e4higen technischen Materialien ideal f\u00fcr viele Arten von Offroad-Fahrten. Das Racer Lahnd Jersey und die Shorts wurden entwickelt, um das optimale Ma\u00df an Komfort und Haltbarkeit zu bieten, das Rennfahrer und Alltagsfahrer ben\u00f6tigen. Sie sind in einer Vielzahl von kr\u00e4ftigen und aggressiven Farbkombinationen erh\u00e4ltlich, die auf die Racer Lahnd-Ausr\u00fcstung und die Alpinestars MX-Handschuhe abgestimmt sind und f\u00fcr den perfekten Look und das perfekte Gef\u00fchl von Leistung sorgen.  <\/p>\n<p>Wesentliche Merkmale<\/p>\n<ul>\n<li>Strapazierf\u00e4hige, fortschrittliche Konstruktion: Das Racer Lahnd Jersey verf\u00fcgt \u00fcber eine extrem leichte und strapazierf\u00e4hige Hauptkonstruktion und eine fortschrittliche Multi-Material-Polyesterkonstruktion, die leicht, feuchtigkeitsableitend und atmungsaktiv ist.<\/li>\n<li>Race Fit: Das T-Shirt hat eine Race Fit-Passform mit einem ergonomischen, mehrteiligen Design, das die Gesamtpassform und den Stil verbessert.<\/li>\n<li>Neue Mesh-Eins\u00e4tze an den Seiten des Rumpfes: hochwertiges Stretch-Mesh f\u00fcr bessere Dehnbarkeit und leichte Atmungsaktivit\u00e4t.<\/li>\n<\/ul>\n<p>Bauwesen<\/p>\n<ul>\n<li>Das Racer Lahnd Trikot zeichnet sich durch eine entspannte, vorgeformte Konstruktion, eine ergonomische, athletische Passform und ein Muster aus, das f\u00fcr \u00fcberragende Beweglichkeit und verbesserte K\u00f6rperbewegung entwickelt wurde.<\/li>\n<li>Strategisch platzierte, atmungsaktive Stretch-Mesh-Eins\u00e4tze an der Unterseite der \u00c4rmel f\u00fcr verbesserte Atmungsaktivit\u00e4t, Passform und hervorragende Bewegungsfreiheit.<\/li>\n<li>Durchgehende Overlock-N\u00e4hte f\u00fcr zus\u00e4tzliche Haltbarkeit.<\/li>\n<li>Der Stretchkragen hat eine offenere und optimal entspannte Passform f\u00fcr mehr Komfort.<\/li>\n<li>L\u00e4ngerer Schnitt am R\u00fccken f\u00fcr mehr Abdeckung beim Reiten.<\/li>\n<li>Verstellbare Manschetten f\u00fcr optimale Passform.<\/li>\n<\/ul>\n<p>&nbsp;<\/p>\n<p>&nbsp;<\/p>\n","protected":false},"excerpt":{"rendered":"<p>Alpinestars MX Trikot Racer<\/p>\n","protected":false},"featured_media":209319,"comment_status":"open","ping_status":"closed","template":"","meta":{"_acf_changed":false},"brand":[2111],"gender":[2168],"product_brand":[],"product_cat":[2028,2029],"product_tag":[],"class_list":{"0":"post-209376","1":"product","2":"type-product","3":"status-publish","4":"has-post-thumbnail","6":"brand-alpinestars-de","7":"gender-moski-de","8":"product_cat-motocross-ausrustung","9":"product_cat-mx-dresi-de","10":"pa_size-2xl-de","11":"pa_size-l-de","12":"pa_size-m-de","13":"pa_size-s-de","14":"pa_size-xl-de","16":"first","17":"instock","18":"sale","19":"taxable","20":"shipping-taxable","21":"purchasable","22":"product-type-variable"},"acf":[],"_links":{"self":[{"href":"https:\/\/moto-oprema.com\/de\/wp-json\/wp\/v2\/product\/209376","targetHints":{"allow":["GET"]}}],"collection":[{"href":"https:\/\/moto-oprema.com\/de\/wp-json\/wp\/v2\/product"}],"about":[{"href":"https:\/\/moto-oprema.com\/de\/wp-json\/wp\/v2\/types\/product"}],"replies":[{"embeddable":true,"href":"https:\/\/moto-oprema.com\/de\/wp-json\/wp\/v2\/comments?post=209376"}],"wp:featuredmedia":[{"embeddable":true,"href":"https:\/\/moto-oprema.com\/de\/wp-json\/wp\/v2\/media\/209319"}],"wp:attachment":[{"href":"https:\/\/moto-oprema.com\/de\/wp-json\/wp\/v2\/media?parent=209376"}],"wp:term":[{"taxonomy":"brand","embeddable":true,"href":"https:\/\/moto-oprema.com\/de\/wp-json\/wp\/v2\/brand?post=209376"},{"taxonomy":"gender","embeddable":true,"href":"https:\/\/moto-oprema.com\/de\/wp-json\/wp\/v2\/gender?post=209376"},{"taxonomy":"product_brand","embeddable":true,"href":"https:\/\/moto-oprema.com\/de\/wp-json\/wp\/v2\/product_brand?post=209376"},{"taxonomy":"product_cat","embeddable":true,"href":"https:\/\/moto-oprema.com\/de\/wp-json\/wp\/v2\/product_cat?post=209376"},{"taxonomy":"product_tag","embeddable":true,"href":"https:\/\/moto-oprema.com\/de\/wp-json\/wp\/v2\/product_tag?post=209376"}],"curies":[{"name":"wp","href":"https:\/\/api.w.org\/{rel}","templated":true}]}}