{"id":209206,"date":"2026-02-13T08:47:50","date_gmt":"2026-02-13T08:47:50","guid":{"rendered":"https:\/\/moto-oprema.com\/?post_type=product&#038;p=209206"},"modified":"2026-02-13T08:52:53","modified_gmt":"2026-02-13T08:52:53","slug":"alpinestars-mx-hose-racer-portl-grun-weiss-schwarz-26-kopija","status":"publish","type":"product","link":"https:\/\/moto-oprema.com\/de\/Artikel\/alpinestars-mx-hose-racer-portl-grun-weiss-schwarz-26-kopija\/","title":{"rendered":"ALPINESTARS MX HOSE RACER PORTL ROT HELLGRAU DUNKELGRAU 26"},"content":{"rendered":"<p>Das Racer wurde auf einigen der h\u00e4rtesten Terrains der Welt entwickelt und getestet und ist dank seines ergonomischen, vorgeformten Designs und der feuchtigkeitsableitenden, leichten und strapazierf\u00e4higen technischen Materialien ideal f\u00fcr viele Arten von Offroad-Fahrten. Das Racer Portl Trikot und die Shorts sind so konzipiert, dass sie das optimale Ma\u00df an Komfort und Haltbarkeit bieten, das Rennfahrer und Alltagsfahrer ben\u00f6tigen. Sie sind in einer Reihe von markanten und aggressiven Farbkombinationen erh\u00e4ltlich, die auf die Racer-Ausr\u00fcstung und die MX-Handschuhe von Alpinestars abgestimmt sind, um den perfekten Look und das perfekte Gef\u00fchl von Leistung zu gew\u00e4hrleisten.  <\/p>\n<p>Wesentliche Merkmale<\/p>\n<ul>\n<li>Race Fit: Die Racer Portal Hose wurde mit einem sportlichen Schnitt, gro\u00dfz\u00fcgigen elastischen Eins\u00e4tzen und vorgeformten Socken entworfen, um Beweglichkeit und Komfort zu gew\u00e4hrleisten, besonders beim Reiten.<\/li>\n<li>Strapazierf\u00e4hige, fortschrittliche Konstruktion: Die Racer Portal Hose besteht aus leichtem, aber strapazierf\u00e4higem 600D-Polyester und ist an Stellen, die st\u00e4rker beansprucht werden, wie Ges\u00e4\u00df und Knie, verst\u00e4rkt, um die Haltbarkeit zu erh\u00f6hen.<\/li>\n<li>Verbesserte Bewegungsfreiheit: Die Racer Portal Pants verf\u00fcgt \u00fcber elastische Eins\u00e4tze aus Ripstop-Gewebe am R\u00fccken, zwischen den Beinen und \u00fcber den Knien &#8211; hergestellt aus Supertech-Gewebe &#8211; f\u00fcr \u00fcberragende Bewegungsfreiheit und Fahrerkomfort.<\/li>\n<\/ul>\n<p>Bauwesen<\/p>\n<ul>\n<li>Der Racer Portl ist extrem leicht, dehnbar und strapazierf\u00e4hig und bietet eine hervorragende Atmungsaktivit\u00e4t dank der hoch atmungsaktiven und bel\u00fcfteten Stretchnet-Eins\u00e4tze, die sich \u00fcber die gesamte R\u00fcckseite der Unterschenkel erstrecken und speziell f\u00fcr maximale Bel\u00fcftung, Komfort und Dehnbarkeit konzipiert sind.<\/li>\n<li>Die aktualisierte ergonomische Konstruktion umfasst einen sportlichen Schnitt f\u00fcr eine bessere Passform.<\/li>\n<li>Die Knieinnenseiten aus Ziegenleder bieten ein hervorragendes Tragegef\u00fchl, besseren Halt und zus\u00e4tzliche Widerstandsf\u00e4higkeit gegen Hitze und Abrieb.<\/li>\n<li>Der sichere und schnelle selbstschlie\u00dfende Magnetverschluss des SX2 und der verstellbare Verschlussriemen, der aus der Techstar-Linie stammt, sorgen f\u00fcr eine individuelle Passform.<\/li>\n<li>Der Innenbund aus Silikon h\u00e4lt die Hose sicher an ihrem Platz.<\/li>\n<li>Rei\u00dfverschluss f\u00fcr Bequemlichkeit und Benutzerfreundlichkeit.<\/li>\n<\/ul>\n<p>&nbsp;<\/p>\n","protected":false},"excerpt":{"rendered":"<p>Alpinestars Racer Portl MX Hose<\/p>\n","protected":false},"featured_media":209057,"comment_status":"open","ping_status":"closed","template":"","meta":{"_acf_changed":false},"brand":[2111],"gender":[2168],"product_brand":[],"product_cat":[2028,2069],"product_tag":[],"class_list":{"0":"post-209206","1":"product","2":"type-product","3":"status-publish","4":"has-post-thumbnail","6":"brand-alpinestars-de","7":"gender-moski-de","8":"product_cat-motocross-ausrustung","9":"product_cat-mx-hose","10":"pa_size-28-de","11":"pa_size-30-de","12":"pa_size-32-de","13":"pa_size-34-de","14":"pa_size-36-de","15":"pa_size-38-de","16":"pa_size-40-de","18":"first","19":"instock","20":"sale","21":"taxable","22":"shipping-taxable","23":"purchasable","24":"product-type-variable"},"acf":[],"_links":{"self":[{"href":"https:\/\/moto-oprema.com\/de\/wp-json\/wp\/v2\/product\/209206","targetHints":{"allow":["GET"]}}],"collection":[{"href":"https:\/\/moto-oprema.com\/de\/wp-json\/wp\/v2\/product"}],"about":[{"href":"https:\/\/moto-oprema.com\/de\/wp-json\/wp\/v2\/types\/product"}],"replies":[{"embeddable":true,"href":"https:\/\/moto-oprema.com\/de\/wp-json\/wp\/v2\/comments?post=209206"}],"wp:featuredmedia":[{"embeddable":true,"href":"https:\/\/moto-oprema.com\/de\/wp-json\/wp\/v2\/media\/209057"}],"wp:attachment":[{"href":"https:\/\/moto-oprema.com\/de\/wp-json\/wp\/v2\/media?parent=209206"}],"wp:term":[{"taxonomy":"brand","embeddable":true,"href":"https:\/\/moto-oprema.com\/de\/wp-json\/wp\/v2\/brand?post=209206"},{"taxonomy":"gender","embeddable":true,"href":"https:\/\/moto-oprema.com\/de\/wp-json\/wp\/v2\/gender?post=209206"},{"taxonomy":"product_brand","embeddable":true,"href":"https:\/\/moto-oprema.com\/de\/wp-json\/wp\/v2\/product_brand?post=209206"},{"taxonomy":"product_cat","embeddable":true,"href":"https:\/\/moto-oprema.com\/de\/wp-json\/wp\/v2\/product_cat?post=209206"},{"taxonomy":"product_tag","embeddable":true,"href":"https:\/\/moto-oprema.com\/de\/wp-json\/wp\/v2\/product_tag?post=209206"}],"curies":[{"name":"wp","href":"https:\/\/api.w.org\/{rel}","templated":true}]}}