{"id":207325,"date":"2026-02-06T08:56:25","date_gmt":"2026-02-06T08:56:25","guid":{"rendered":"https:\/\/moto-oprema.com\/?post_type=product&#038;p=207325"},"modified":"2026-02-06T09:09:27","modified_gmt":"2026-02-06T09:09:27","slug":"alpinestars-mx-trikot-stella-techstar-nomur-schwarz-weiss-fuchsia-kopija","status":"publish","type":"product","link":"https:\/\/moto-oprema.com\/de\/Artikel\/alpinestars-mx-trikot-stella-techstar-nomur-schwarz-weiss-fuchsia-kopija\/","title":{"rendered":"ALPINESTARS MX TRIKOT STELLA TECHSTAR NOMUR HELLBLAU OFF WEISS SCHWARZ 26"},"content":{"rendered":"<p>Die Techstar-Serie bietet die optimale Kombination aus Leistung und Haltbarkeit. Das Trikot wurde f\u00fcr Wettk\u00e4mpfe auf hohem Niveau und auf jedem Terrain entwickelt und bietet einen Schnitt und eine Passform, die vom Rennsport abgeleitet sind. Die Multi-Material-Konstruktion des Trikots gew\u00e4hrleistet ein H\u00f6chstma\u00df an Bel\u00fcftung und Stretch f\u00fcr ausgezeichnete Bewegungsfreiheit.  <\/p>\n<p>Eigenschaften<\/p>\n<ul>\n<li>Das Stella Techstar Nomur Trikot mit ergonomischem Schnitt f\u00fcr Frauen wurde speziell an den weiblichen K\u00f6rperbau angepasst, um optimalen Fahrkomfort zu gew\u00e4hrleisten.<\/li>\n<li>Athletischer Rennschnitt und ergonomisches Design: Das leichte Stella Techstar Nomur Trikot mit athletischem Rennschnitt verf\u00fcgt \u00fcber eine aktualisierte Multi-Material-Konstruktion mit einem pr\u00e4zise zugeschnittenen, elastischen Polyester-Hauptteil, das ergonomische, elastische Eins\u00e4tze f\u00fcr \u00fcberragende Bewegungsfreiheit und erh\u00f6hten Fahrerkomfort enth\u00e4lt.<\/li>\n<li>Optimale Bel\u00fcftung: Strategisch platzierte Laserperforationen f\u00fcr zus\u00e4tzlichen Luftstrom und optimale Bel\u00fcftung.<\/li>\n<\/ul>\n<p>Merkmale:<\/p>\n<ul>\n<li>Das Stella Techstar Nomur T-Shirt ist aus leichtem, sehr strapazierf\u00e4higem, feuchtigkeitsableitendem Stretchmaterial gefertigt und bietet \u00fcberragenden Komfort und Leistung.<\/li>\n<li>Ergonomisch gestalteter Schnitt und optimiertes mehrteiliges Rennmuster f\u00fcr mehr Bewegungsfreiheit und \u00fcberragende Mobilit\u00e4t.<\/li>\n<li>Das T-Shirt hat lasergeschnittene Perforationen auf der Brust und an den Armen f\u00fcr zus\u00e4tzliche Bel\u00fcftung.<\/li>\n<li>Strategisch platzierte Stretcheins\u00e4tze f\u00fcr ultimative Bewegungsfreiheit.<\/li>\n<li>Stretchkonstruktion an \u00c4rmeln und Schultern f\u00fcr mehr Bewegungsfreiheit und Fahrkomfort.<\/li>\n<li>Innovative Konstruktion ohne Seitenn\u00e4hte und Unterarmn\u00e4hte f\u00fcr maximalen Fahrkomfort.<\/li>\n<li>Nahtloser Kragen f\u00fcr einfache Handhabung und erh\u00f6hten Fahrerkomfort sowie nahtlose Manschetten.<\/li>\n<li>Verl\u00e4ngertes Heck f\u00fcr bessere Abdeckung beim Fahren und Kompatibilit\u00e4t mit Alpinestars MX-Hosen.<\/li>\n<\/ul>\n<p>&nbsp;<\/p>\n","protected":false},"excerpt":{"rendered":"<p>Das Alpinestars Techstar Nomur MX Trikot f\u00fcr Damen ist aus einem leichten, sehr strapazierf\u00e4higen Stretchmaterial gefertigt,&#8230;<\/p>\n","protected":false},"featured_media":207259,"comment_status":"open","ping_status":"closed","template":"","meta":{"_acf_changed":false},"brand":[2111],"gender":[2170],"product_brand":[],"product_cat":[2028,2029],"product_tag":[],"class_list":{"0":"post-207325","1":"product","2":"type-product","3":"status-publish","4":"has-post-thumbnail","6":"brand-alpinestars-de","7":"gender-zenska-de","8":"product_cat-motocross-ausrustung","9":"product_cat-mx-dresi-de","10":"pa_size-l-de","11":"pa_size-m-de","12":"pa_size-s-de","13":"pa_size-xl-de","14":"pa_size-xs-de","16":"first","17":"instock","18":"sale","19":"taxable","20":"shipping-taxable","21":"purchasable","22":"product-type-variable"},"acf":[],"_links":{"self":[{"href":"https:\/\/moto-oprema.com\/de\/wp-json\/wp\/v2\/product\/207325","targetHints":{"allow":["GET"]}}],"collection":[{"href":"https:\/\/moto-oprema.com\/de\/wp-json\/wp\/v2\/product"}],"about":[{"href":"https:\/\/moto-oprema.com\/de\/wp-json\/wp\/v2\/types\/product"}],"replies":[{"embeddable":true,"href":"https:\/\/moto-oprema.com\/de\/wp-json\/wp\/v2\/comments?post=207325"}],"wp:featuredmedia":[{"embeddable":true,"href":"https:\/\/moto-oprema.com\/de\/wp-json\/wp\/v2\/media\/207259"}],"wp:attachment":[{"href":"https:\/\/moto-oprema.com\/de\/wp-json\/wp\/v2\/media?parent=207325"}],"wp:term":[{"taxonomy":"brand","embeddable":true,"href":"https:\/\/moto-oprema.com\/de\/wp-json\/wp\/v2\/brand?post=207325"},{"taxonomy":"gender","embeddable":true,"href":"https:\/\/moto-oprema.com\/de\/wp-json\/wp\/v2\/gender?post=207325"},{"taxonomy":"product_brand","embeddable":true,"href":"https:\/\/moto-oprema.com\/de\/wp-json\/wp\/v2\/product_brand?post=207325"},{"taxonomy":"product_cat","embeddable":true,"href":"https:\/\/moto-oprema.com\/de\/wp-json\/wp\/v2\/product_cat?post=207325"},{"taxonomy":"product_tag","embeddable":true,"href":"https:\/\/moto-oprema.com\/de\/wp-json\/wp\/v2\/product_tag?post=207325"}],"curies":[{"name":"wp","href":"https:\/\/api.w.org\/{rel}","templated":true}]}}