{"id":206008,"date":"2026-02-04T11:49:18","date_gmt":"2026-02-04T11:49:18","guid":{"rendered":"https:\/\/moto-oprema.com\/?post_type=product&#038;p=206008"},"modified":"2026-02-04T11:55:43","modified_gmt":"2026-02-04T11:55:43","slug":"alpinestars-mx-supertech-hose-vista-dark-navy-hot-coral-cobalt-26-kopija","status":"publish","type":"product","link":"https:\/\/moto-oprema.com\/de\/Artikel\/alpinestars-mx-supertech-hose-vista-dark-navy-hot-coral-cobalt-26-kopija\/","title":{"rendered":"ALPINESTARS MX SUPERTECH HOSE VISTA HELLGRAU GELB FLUO BLAU 26"},"content":{"rendered":"<p>Supertech ist Alpinestars&#8216; innovative Pro Level Linie von Motocross-Ausr\u00fcstung, die f\u00fcr \u00fcberragende Leistung im Gel\u00e4nde entwickelt wurde. Die Supertech-Ausr\u00fcstung ist vollst\u00e4ndig werksseitig konzipiert und enth\u00e4lt eine Reihe von Technologien, die im SX- und MXGP-Rennsport f\u00fcr ein optimales Ma\u00df an Flexibilit\u00e4t, Bewegungsfreiheit, Bel\u00fcftung, Haltbarkeit und Komfort getestet wurden. Die Supertech-Hosen mit ihrem athletischen Rennfahrerschnitt sind die idealen Motocross-Hosen f\u00fcr Spitzenleistungen und wurden f\u00fcr den Wettkampfsport entwickelt.  <\/p>\n<p>&nbsp;<\/p>\n<p>Wesentliche Merkmale<\/p>\n<ul>\n<li>Fortschrittliche elastische Konstruktion: Die Supertech-Hose besteht aus einem einlagigen, fortschrittlichen elastischen Rip-Stop-Material. Alpinestars hat die Zusammensetzung der Textilfasern speziell f\u00fcr optimierte mechanische Eigenschaften wie Festigkeit, Elastizit\u00e4t und Abriebfestigkeit entwickelt. <\/li>\n<li>Auf Leistung ausgelegt: mit einer einlagigen Konstruktion, die auf Leistung ausgelegt ist, f\u00fcr verbesserte Tragbarkeit, \u00fcberlegenen Komfort, geringeres Gewicht und einfache Verwendung mit Knieschienen.<\/li>\n<li>Pro Rider Athletic Fit: ein erstklassiger athletischer Schnitt und eine leistungsorientierte Form mit einem verbesserten Schnittmuster, das die von professionellen Reitern geforderte hohe K\u00f6rperbeweglichkeit, Flexibilit\u00e4t und Komfort bietet.<\/li>\n<\/ul>\n<p>Bauwesen<\/p>\n<ul>\n<li>Strapazierf\u00e4hige, vollst\u00e4ndig dehnbare 4-Wege-Konstruktion, die ein hohes Ma\u00df an Bel\u00fcftung und Leichtigkeit bietet.<\/li>\n<li>Die Supertech Scenz Shorts enthalten eine Reihe von Technologien, die sich bei SX- und MXGP-Rennen bew\u00e4hrt haben.<\/li>\n<li>Ziegenleder mit elastischer Aramidfaser-Knieinnenseite f\u00fcr optimales Tragegef\u00fchl und Haltbarkeit.<\/li>\n<li>Hochatmungsaktive Stretchnet-Zonen entlang des gesamten Unterschenkels sorgen f\u00fcr eine ultraleichte Konstruktion, die \u00fcberlegene Atmungsaktivit\u00e4t und hervorragende Elastizit\u00e4t f\u00fcr ein hohes Ma\u00df an Komfort und Leistung bietet.<\/li>\n<li>Ungef\u00fcttertes Design f\u00fcr optimalen Reiterkomfort und einfaches An- und Ausziehen mit Kniesch\u00fctzern oder Knieschonern.<\/li>\n<li>Strategisch platzierte Perforationen f\u00fcr zus\u00e4tzliche Atmungsaktivit\u00e4t und optimale Bel\u00fcftung.<\/li>\n<li>SX1 Magnetverschluss mit automatischer Verriegelung f\u00fcr einen schnellen und sicheren Verschluss.<\/li>\n<li>Innenbund aus Silikon, um die Hose in Position zu halten.<\/li>\n<li>Abgedeckter Rei\u00dfverschluss f\u00fcr Langlebigkeit.<\/li>\n<\/ul>\n<p>82% Polyester, 10% Elasthan, 5% Leder, 3% Polyamid<\/p>\n","protected":false},"excerpt":{"rendered":"","protected":false},"featured_media":205895,"comment_status":"open","ping_status":"closed","template":"","meta":{"_acf_changed":false},"brand":[2111],"gender":[2168],"product_brand":[],"product_cat":[2028,2069],"product_tag":[],"class_list":{"0":"post-206008","1":"product","2":"type-product","3":"status-publish","4":"has-post-thumbnail","6":"brand-alpinestars-de","7":"gender-moski-de","8":"product_cat-motocross-ausrustung","9":"product_cat-mx-hose","10":"pa_size-30-de","11":"pa_size-32-de","12":"pa_size-34-de","13":"pa_size-36-de","14":"pa_size-38-de","15":"pa_size-40-de","17":"first","18":"instock","19":"sale","20":"taxable","21":"shipping-taxable","22":"purchasable","23":"product-type-variable"},"acf":[],"_links":{"self":[{"href":"https:\/\/moto-oprema.com\/de\/wp-json\/wp\/v2\/product\/206008","targetHints":{"allow":["GET"]}}],"collection":[{"href":"https:\/\/moto-oprema.com\/de\/wp-json\/wp\/v2\/product"}],"about":[{"href":"https:\/\/moto-oprema.com\/de\/wp-json\/wp\/v2\/types\/product"}],"replies":[{"embeddable":true,"href":"https:\/\/moto-oprema.com\/de\/wp-json\/wp\/v2\/comments?post=206008"}],"wp:featuredmedia":[{"embeddable":true,"href":"https:\/\/moto-oprema.com\/de\/wp-json\/wp\/v2\/media\/205895"}],"wp:attachment":[{"href":"https:\/\/moto-oprema.com\/de\/wp-json\/wp\/v2\/media?parent=206008"}],"wp:term":[{"taxonomy":"brand","embeddable":true,"href":"https:\/\/moto-oprema.com\/de\/wp-json\/wp\/v2\/brand?post=206008"},{"taxonomy":"gender","embeddable":true,"href":"https:\/\/moto-oprema.com\/de\/wp-json\/wp\/v2\/gender?post=206008"},{"taxonomy":"product_brand","embeddable":true,"href":"https:\/\/moto-oprema.com\/de\/wp-json\/wp\/v2\/product_brand?post=206008"},{"taxonomy":"product_cat","embeddable":true,"href":"https:\/\/moto-oprema.com\/de\/wp-json\/wp\/v2\/product_cat?post=206008"},{"taxonomy":"product_tag","embeddable":true,"href":"https:\/\/moto-oprema.com\/de\/wp-json\/wp\/v2\/product_tag?post=206008"}],"curies":[{"name":"wp","href":"https:\/\/api.w.org\/{rel}","templated":true}]}}