{"id":205463,"date":"2026-02-04T10:32:59","date_gmt":"2026-02-04T10:32:59","guid":{"rendered":"https:\/\/moto-oprema.com\/?post_type=product&#038;p=205463"},"modified":"2026-02-04T10:40:13","modified_gmt":"2026-02-04T10:40:13","slug":"alpinestars-supertech-mx-handschuhe-gold-schwarz-fluo-rosa-kopija","status":"publish","type":"product","link":"https:\/\/moto-oprema.com\/de\/Artikel\/alpinestars-supertech-mx-handschuhe-gold-schwarz-fluo-rosa-kopija\/","title":{"rendered":"ALPINESTARS SUPERTECH MX HANDSCHUHE UCLA BLAU TIEFBLAU WEISS"},"content":{"rendered":"<p>Die Supertech MX-Handschuhe wurden f\u00fcr Profifahrer entwickelt und bieten ein erstklassiges einlagiges Design mit einem nahtlosen, ergonomischen Schnitt, der auf den Rennsport zugeschnitten ist. Die aus hochelastischen Materialien gefertigten Handschuhe bieten au\u00dfergew\u00f6hnliche Kontrolle und Reaktionsf\u00e4higkeit an den Griffen des Motorrads und setzen einen neuen Standard f\u00fcr Leichtigkeit, Komfort und Leistung. <\/p>\n<p>Eigenschaften:<\/p>\n<ul>\n<li>Professionelles Design und Leistung: ma\u00dfgeschneidert f\u00fcr eine professionelle Passform, Kontrolle und Komfort, die f\u00fcr den Rennsport unerl\u00e4sslich sind.<\/li>\n<li>Fortschrittliche Konstruktion: aus einem strapazierf\u00e4higen einlagigen Stretch-R\u00fccken und einem nahtlosen Design, das ein hohes Ma\u00df an Flexibilit\u00e4t und Komfort gew\u00e4hrleistet.<\/li>\n<li>Verbesserte Atmungsaktivit\u00e4t: Gro\u00dfe Laserperforationen, bel\u00fcftete Fourchettes und perforierte Handfl\u00e4chen sorgen f\u00fcr eine hervorragende Bel\u00fcftung und halten die H\u00e4nde k\u00fchl.<\/li>\n<li>Hoher Grip: Silikongriffe an den ersten und zweiten Fingern sowie verst\u00e4rkte Daumen sorgen f\u00fcr eine lange Haltbarkeit in Bereichen, die stark beansprucht werden, und geben dem Fahrer eine hervorragende Kontrolle \u00fcber den Lenker des Motorrads.<\/li>\n<\/ul>\n<p>Bauwesen<\/p>\n<ul>\n<li>Hochflexible und fortschrittliche, handgefertigte Rennpassform f\u00fcr unvergleichliche Kontrolle.<\/li>\n<li>R\u00fccken aus hochwertigem, einlagigem, hochflexiblem Material mit nahtloser Konstruktion.<\/li>\n<li>Gro\u00dfe Laserperforationen und bel\u00fcftete Fourchettes f\u00f6rdern die Luftzirkulation und verbessern den Fahrerkomfort.<\/li>\n<li>Der nahtlose Manschettenverschluss sorgt f\u00fcr einen sicheren Sitz.<\/li>\n<li>Der einlagige, hochflexible, perforierte Flor tr\u00e4gt zur Leichtigkeit des Handschuhs bei.<\/li>\n<li>Silikongriff an den ersten und zweiten Fingern f\u00fcr ein hohes Ma\u00df an Griffigkeit.<\/li>\n<li>Verst\u00e4rkung an den Zehen f\u00fcr erh\u00f6hte Haltbarkeit.<\/li>\n<\/ul>\n<p>86% Polyester, 10% Elasthan, 4% Polyamid<\/p>\n","protected":false},"excerpt":{"rendered":"","protected":false},"featured_media":204966,"comment_status":"open","ping_status":"closed","template":"","meta":{"_acf_changed":false},"brand":[2111],"gender":[2168],"product_brand":[],"product_cat":[2028,2070],"product_tag":[],"class_list":{"0":"post-205463","1":"product","2":"type-product","3":"status-publish","4":"has-post-thumbnail","6":"brand-alpinestars-de","7":"gender-moski-de","8":"product_cat-motocross-ausrustung","9":"product_cat-mx-handschuhe","10":"pa_size-2xl-de","11":"pa_size-3xl-de","12":"pa_size-4xl-de","13":"pa_size-l-de","14":"pa_size-m-de","15":"pa_size-s-de","16":"pa_size-xl-de","18":"first","19":"instock","20":"sale","21":"taxable","22":"shipping-taxable","23":"purchasable","24":"product-type-variable"},"acf":[],"_links":{"self":[{"href":"https:\/\/moto-oprema.com\/de\/wp-json\/wp\/v2\/product\/205463","targetHints":{"allow":["GET"]}}],"collection":[{"href":"https:\/\/moto-oprema.com\/de\/wp-json\/wp\/v2\/product"}],"about":[{"href":"https:\/\/moto-oprema.com\/de\/wp-json\/wp\/v2\/types\/product"}],"replies":[{"embeddable":true,"href":"https:\/\/moto-oprema.com\/de\/wp-json\/wp\/v2\/comments?post=205463"}],"wp:featuredmedia":[{"embeddable":true,"href":"https:\/\/moto-oprema.com\/de\/wp-json\/wp\/v2\/media\/204966"}],"wp:attachment":[{"href":"https:\/\/moto-oprema.com\/de\/wp-json\/wp\/v2\/media?parent=205463"}],"wp:term":[{"taxonomy":"brand","embeddable":true,"href":"https:\/\/moto-oprema.com\/de\/wp-json\/wp\/v2\/brand?post=205463"},{"taxonomy":"gender","embeddable":true,"href":"https:\/\/moto-oprema.com\/de\/wp-json\/wp\/v2\/gender?post=205463"},{"taxonomy":"product_brand","embeddable":true,"href":"https:\/\/moto-oprema.com\/de\/wp-json\/wp\/v2\/product_brand?post=205463"},{"taxonomy":"product_cat","embeddable":true,"href":"https:\/\/moto-oprema.com\/de\/wp-json\/wp\/v2\/product_cat?post=205463"},{"taxonomy":"product_tag","embeddable":true,"href":"https:\/\/moto-oprema.com\/de\/wp-json\/wp\/v2\/product_tag?post=205463"}],"curies":[{"name":"wp","href":"https:\/\/api.w.org\/{rel}","templated":true}]}}