{"id":203151,"date":"2026-01-30T08:25:09","date_gmt":"2026-01-30T08:25:09","guid":{"rendered":"https:\/\/moto-oprema.com\/?post_type=product&#038;p=203151"},"modified":"2026-01-30T08:55:00","modified_gmt":"2026-01-30T08:55:00","slug":"dainese-super-sprint-d-dry-jacke-schwarz-rot-kopija-3","status":"publish","type":"product","link":"https:\/\/moto-oprema.com\/de\/Artikel\/dainese-super-sprint-d-dry-jacke-schwarz-rot-kopija-3\/","title":{"rendered":"DAINESE VENTAR AIR JACKE WEISS ROT"},"content":{"rendered":"<p>Herren-Sportjacke f\u00fcr Motorradfahrer aus Stoff, ideal auch f\u00fcr das hei\u00dfeste Wetter. Herausnehmbares winddichtes Innenfutter, verstellbarer Kragen, Taille und Handgelenke f\u00fcr maximale Funktionalit\u00e4t. Schulter- und Ellbogenschutz und Smart Air-Airbag-System.  <\/p>\n<p>Herren-Sportjacke f\u00fcr Motorradfahrer, aus Mesh-Material mit gro\u00dfen Eins\u00e4tzen aus Stretchmaterial f\u00fcr maximale Ergonomie und Bewegungsfreiheit im Sattel. Die umfangreiche Bel\u00fcftung macht sie ideal f\u00fcr die hei\u00dfe Jahreszeit, w\u00e4hrend der herausnehmbare winddichte Einsatz auch an k\u00fchleren und windigeren Tagen f\u00fcr thermischen Komfort sorgt und ihre Vielseitigkeit erh\u00f6ht. <\/p>\n<p>Das Design ist von der Welt des Rennsports inspiriert, mit einem k\u00fchnen und aggressiven Look, der durch technische Elemente wie austauschbare Schulterplatten aus Aluminium und eine speziell f\u00fcr das Fahren von Sportbikes entwickelte Ergonomie erg\u00e4nzt wird. Die Jacke ist f\u00fcr den t\u00e4glichen Gebrauch konzipiert und verf\u00fcgt \u00fcber praktische L\u00f6sungen wie ein System zur Befestigung der Jacke an der Hose, Verstellm\u00f6glichkeiten am Kragen, an der Taille und an den Handgelenken, zwei Au\u00dfentaschen und eine wasserdichte Innentasche zur Aufbewahrung wichtiger Gegenst\u00e4nde. <\/p>\n<p>Er ist nach der europ\u00e4ischen Norm EN 17092 zertifiziert und an den Schultern und Ellbogen mit dem Pro-Armor-Schutz ausgestattet, der nach EN 1621.1 Level 2 zertifiziert ist und ein H\u00f6chstma\u00df an Schutz bietet, ohne dabei an Leichtigkeit und Flexibilit\u00e4t einzub\u00fc\u00dfen. Die Sicherheit kann durch die Option, einen Brustprotektor, einen R\u00fcckenprotektor und das Smart Air System anzubringen, noch weiter erh\u00f6ht werden. Die spezifischen F\u00e4cher und Befestigungen sind f\u00fcr eine perfekte Integration konzipiert. <\/p>\n<p>Ideal f\u00fcr alle, die eine technische, vielseitige Jacke mit Rennsportcharakter suchen, die f\u00fcr Schutz, Komfort und sportlichen Stil bei jeder Fahrt sorgt.<\/p>\n","protected":false},"excerpt":{"rendered":"<p>Dainese Super Sprint D-Dry wasserdichte Textiljacke f\u00fcr Motorradfahrer<\/p>\n","protected":false},"featured_media":203240,"comment_status":"open","ping_status":"closed","template":"","meta":{"_acf_changed":false},"brand":[2113],"gender":[2168],"product_brand":[],"product_cat":[1357,2045,2048],"product_tag":[],"class_list":{"0":"post-203151","1":"product","2":"type-product","3":"status-publish","4":"has-post-thumbnail","6":"brand-dainese-de","7":"gender-moski-de","8":"product_cat-ausrustung-fur-motorradfahrer","9":"product_cat-jakne-de","10":"product_cat-textil-jacken","11":"pa_size-48-de","12":"pa_size-50-de","13":"pa_size-52-de","14":"pa_size-54-de","15":"pa_size-56-de","16":"pa_size-58-de","17":"pa_size-60-de","18":"pa_size-62-de","20":"first","21":"instock","22":"sale","23":"taxable","24":"shipping-taxable","25":"purchasable","26":"product-type-variable"},"acf":[],"_links":{"self":[{"href":"https:\/\/moto-oprema.com\/de\/wp-json\/wp\/v2\/product\/203151","targetHints":{"allow":["GET"]}}],"collection":[{"href":"https:\/\/moto-oprema.com\/de\/wp-json\/wp\/v2\/product"}],"about":[{"href":"https:\/\/moto-oprema.com\/de\/wp-json\/wp\/v2\/types\/product"}],"replies":[{"embeddable":true,"href":"https:\/\/moto-oprema.com\/de\/wp-json\/wp\/v2\/comments?post=203151"}],"wp:featuredmedia":[{"embeddable":true,"href":"https:\/\/moto-oprema.com\/de\/wp-json\/wp\/v2\/media\/203240"}],"wp:attachment":[{"href":"https:\/\/moto-oprema.com\/de\/wp-json\/wp\/v2\/media?parent=203151"}],"wp:term":[{"taxonomy":"brand","embeddable":true,"href":"https:\/\/moto-oprema.com\/de\/wp-json\/wp\/v2\/brand?post=203151"},{"taxonomy":"gender","embeddable":true,"href":"https:\/\/moto-oprema.com\/de\/wp-json\/wp\/v2\/gender?post=203151"},{"taxonomy":"product_brand","embeddable":true,"href":"https:\/\/moto-oprema.com\/de\/wp-json\/wp\/v2\/product_brand?post=203151"},{"taxonomy":"product_cat","embeddable":true,"href":"https:\/\/moto-oprema.com\/de\/wp-json\/wp\/v2\/product_cat?post=203151"},{"taxonomy":"product_tag","embeddable":true,"href":"https:\/\/moto-oprema.com\/de\/wp-json\/wp\/v2\/product_tag?post=203151"}],"curies":[{"name":"wp","href":"https:\/\/api.w.org\/{rel}","templated":true}]}}