{"id":202065,"date":"2026-01-26T10:17:31","date_gmt":"2026-01-26T10:17:31","guid":{"rendered":"https:\/\/moto-oprema.com\/?post_type=product&#038;p=202065"},"modified":"2026-01-26T10:17:33","modified_gmt":"2026-01-26T10:17:33","slug":"shoei-hornet-adv6-mattschwarz","status":"publish","type":"product","link":"https:\/\/moto-oprema.com\/de\/Artikel\/shoei-hornet-adv6-mattschwarz\/","title":{"rendered":"SHOEI HORNET ADV6 MATTSCHWARZ"},"content":{"rendered":"<p>Der HORNET ADV 06 ist der ideale Begleiter f\u00fcr Motorradabenteuer und Reisen, sowohl auf der Stra\u00dfe als auch im Gel\u00e4nde. Sein Helmschild bietet stabilen und dauerhaften Schutz vor Blendung. Dank seiner aerodynamisch optimierten Form erzeugt dieses Visier auch bei h\u00f6heren Geschwindigkeiten nur minimalen Auftrieb. Der Helm ist perfekt ausbalanciert und entlastet die Nackenmuskulatur des Fahrers auch bei l\u00e4ngeren Fahrten oder in anspruchsvollerem Gel\u00e4nde.   <\/p>\n<p>Sicherheit:<\/p>\n<ul>\n<li>Eine 6-lagige Zusammensetzung aus Glasfasern, organischen Fasern und Hochleistungsfasermaterialien bildet die Basis der AIM+ (Advanced Integrated Matrix Plus) Au\u00dfenschale des SHOEI HORNET ADV 06. Zusammen mit einer Polystyrol-Innenschale, die aus mehreren Elementen mit unterschiedlichen Absorptionskapazit\u00e4ten besteht, bietet diese Au\u00dfenschale optimalen Aufprallschutz bei einem relativ geringen Gesamtgewicht des Helms. <\/li>\n<li>Das standardm\u00e4\u00dfige klare Visier mit gro\u00dfem Sichtfeld bietet Schutz vor Wetter und Staub. Und es kann dank des Schnellwechselmechanismus ohne Werkzeug ausgetauscht werden. Wie alle Integralhelmvisiere von SHOEI reduziert es das Eindringen von mehr als 99% der UV-Strahlung in das Innere des Helms. Die mit dem Helm mitgelieferte PINLOCK\u00aeEVO-Antibeschlagscheibe sorgt f\u00fcr klare Sicht auch bei widrigen Wetterbedingungen.   <\/li>\n<li>Der Kinnriemen mit Doppel-D-Verschluss ist leicht verstellbar und h\u00e4lt den Helm sicher an seinem Platz.<\/li>\n<li>Das EQRS (Emergency Quick Release System) erleichtert das Abnehmen der Wangenpolster im Notfall, so dass der Helm sanft abgenommen werden kann.<\/li>\n<\/ul>\n<p>Der SHOEI HORNET ADV 06 erf\u00fcllt die Anforderungen der Pr\u00fcfnorm ECE-R 22.06 f\u00fcr Motorradhelme.<\/p>\n<p>Tragekomfort<\/p>\n<ul>\n<li>Die 4 verschiedenen Au\u00dfenschalengr\u00f6\u00dfen (XS-S | M | L | XL-XXL) machen den SHOEI HORNET ADV 06 zu einem kompakten Begleiter f\u00fcr Motorradabenteuer und erm\u00f6glichen eine optimale Balance zwischen Helmgr\u00f6\u00dfe und Fahrergr\u00f6\u00dfe. Gute Balance, relativ geringes Gewicht und ein kaum sp\u00fcrbares Anheben des Helmschilds entlasten die Nackenmuskulatur, sowohl auf endlosen Highways als auch auf staubigen Trails. <\/li>\n<li>Das Mittelpolster, das f\u00fcr eine effektive Bel\u00fcftung sorgt, sowie das dreidimensional vorgeformte Wangenpolster und der Kinnschutz sind vollst\u00e4ndig herausnehmbar und waschbar. Die Wangen- und Mittelpolster sind in verschiedenen St\u00e4rken f\u00fcr eine individuelle Helmanpassung erh\u00e4ltlich. <\/li>\n<li>Abnehmbare Ohrpolster tragen effektiv zur L\u00e4rmreduzierung bei.<\/li>\n<li>Die Aussparungen im Ohrbereich erm\u00f6glichen die Installation einer Gegensprechanlage.<\/li>\n<\/ul>\n<p>Bel\u00fcftung<\/p>\n<p>Die 4 verstellbaren Lufteinl\u00e4sse und 4 Luftausl\u00e4sse des SHOEI HORNET ADV 06 tragen effektiv zum Luftaustausch bei und reduzieren so sp\u00fcrbar die Temperatur und Feuchtigkeit im Inneren des Helms. Das Ergebnis ist ein angenehmes Innenraumklima, sowohl auf der Autobahn als auch auf der Rennstrecke. <\/p>\n<p>Aerodynamik<\/p>\n<p>Der integrierte Spoiler verbessert die aerodynamische Leistung des SHOEI HORNET ADV 06. Das in das aerodynamische Konzept integrierte perforierte Helmschild bietet hervorragenden Schutz vor Blendung, Schmutz und Steinschlag und reduziert gleichzeitig den Luftwiderstand. <\/p>\n<p>Zubeh\u00f6r<\/p>\n<p>Der SHOEI HORNET ADV 06 ist mit Visieren in verschiedenen T\u00f6nungen und Verspiegelungen erh\u00e4ltlich, die gem\u00e4\u00df den ECE-Typgenehmigungsvorschriften verwendet werden k\u00f6nnen. Der Helm ist urspr\u00fcnglich mit einem klaren Visier Typ CNS-2 ausgestattet, das in verschiedenen T\u00f6nungen erh\u00e4ltlich ist. Alle Visiere dieses Typs k\u00f6nnen mit PINLOCK\u00aeEVO Anti-Beschlag-Gl\u00e4sern ausgestattet werden, von denen eines im Lieferumfang des Helms enthalten ist.  <\/p>\n<p>Das Ersatzteilsortiment von SHOEI umfasst Wangenpolster und Mittelpolster in verschiedenen St\u00e4rken und Gr\u00f6\u00dfen, um die Originalpolster zu ersetzen oder den Helm individuell anzupassen. Ebenfalls erh\u00e4ltlich sind ein Kinnriemen\u00fcberzug, ein Atemschutz und ein Kinnschutz. <\/p>\n<p>In der Lieferung enthalten<\/p>\n<p>Der SHOEI HORNET ADV 06 ist mit einer PINLOCK\u00aeEVO-Scheibe zur Verwendung mit dem Visier des Typs CNS-2, mit dem der Helm urspr\u00fcnglich ausgestattet ist, und mit Befestigungsstiften zum Austausch ausgestattet. Au\u00dferdem sind ein Atemschutz, ein Kinnschutz, ein SHOEI-Logoaufkleber, eine originale SHOEI-Tasche zur sicheren Aufbewahrung des Helms und Silikon\u00f6l zur Pflege des Visiers und der Mechanik im Lieferumfang enthalten. <\/p>\n<p>Zielgruppe: Offroad, Touring<\/p>\n<p>Kinn: Doppel-D<\/p>\n<p>Norm f\u00fcr Helme: ECE 22.06<\/p>\n<p>Farbe: Schwarz<\/p>\n<p>Oberfl\u00e4che: matt<\/p>\n","protected":false},"excerpt":{"rendered":"<p>Erste Lieferungen Mai 2026<\/p>\n","protected":false},"featured_media":202050,"comment_status":"open","ping_status":"closed","template":"","meta":{"_acf_changed":false},"brand":[2126],"gender":[2173],"product_brand":[],"product_cat":[1357,1360,1361],"product_tag":[],"class_list":{"0":"post-202065","1":"product","2":"type-product","3":"status-publish","4":"has-post-thumbnail","6":"brand-shoei-de","7":"gender-unisex-de","8":"product_cat-ausrustung-fur-motorradfahrer","9":"product_cat-helme","10":"product_cat-integral","11":"pa_velikost-st-l-de","12":"pa_velikost-st-m-de","13":"pa_velikost-st-s-de","14":"pa_velikost-st-xl-de","15":"pa_velikost-st-xs-de","16":"pa_velikost-st-xxl-de","18":"first","19":"outofstock","20":"taxable","21":"shipping-taxable","22":"purchasable","23":"product-type-variable"},"acf":[],"_links":{"self":[{"href":"https:\/\/moto-oprema.com\/de\/wp-json\/wp\/v2\/product\/202065","targetHints":{"allow":["GET"]}}],"collection":[{"href":"https:\/\/moto-oprema.com\/de\/wp-json\/wp\/v2\/product"}],"about":[{"href":"https:\/\/moto-oprema.com\/de\/wp-json\/wp\/v2\/types\/product"}],"replies":[{"embeddable":true,"href":"https:\/\/moto-oprema.com\/de\/wp-json\/wp\/v2\/comments?post=202065"}],"wp:featuredmedia":[{"embeddable":true,"href":"https:\/\/moto-oprema.com\/de\/wp-json\/wp\/v2\/media\/202050"}],"wp:attachment":[{"href":"https:\/\/moto-oprema.com\/de\/wp-json\/wp\/v2\/media?parent=202065"}],"wp:term":[{"taxonomy":"brand","embeddable":true,"href":"https:\/\/moto-oprema.com\/de\/wp-json\/wp\/v2\/brand?post=202065"},{"taxonomy":"gender","embeddable":true,"href":"https:\/\/moto-oprema.com\/de\/wp-json\/wp\/v2\/gender?post=202065"},{"taxonomy":"product_brand","embeddable":true,"href":"https:\/\/moto-oprema.com\/de\/wp-json\/wp\/v2\/product_brand?post=202065"},{"taxonomy":"product_cat","embeddable":true,"href":"https:\/\/moto-oprema.com\/de\/wp-json\/wp\/v2\/product_cat?post=202065"},{"taxonomy":"product_tag","embeddable":true,"href":"https:\/\/moto-oprema.com\/de\/wp-json\/wp\/v2\/product_tag?post=202065"}],"curies":[{"name":"wp","href":"https:\/\/api.w.org\/{rel}","templated":true}]}}