{"id":201868,"date":"2026-01-21T08:43:45","date_gmt":"2026-01-21T08:43:45","guid":{"rendered":"https:\/\/moto-oprema.com\/?post_type=product&#038;p=201868"},"modified":"2026-01-21T08:43:46","modified_gmt":"2026-01-21T08:43:46","slug":"alpinestars-tech-air-7x-led-display","status":"publish","type":"product","link":"https:\/\/moto-oprema.com\/de\/Artikel\/alpinestars-tech-air-7x-led-display\/","title":{"rendered":"ALPINESTARS TECH-AIR 7X LED DISPLAY"},"content":{"rendered":"<p>Die Tech-Air\u00ae 7X LED-Anzeige ist ein Kabelsatz, der die Integration des TechAir 7x in einen kompatiblen einteiligen Anzug zur korrekten Verwendung erm\u00f6glicht. Dieser Kabelsatz ist NICHT f\u00fcr den eigenst\u00e4ndigen Betrieb der Weste oder f\u00fcr die Verwendung mit Jacken erforderlich und sollte nur verwendet werden, um das TechAir 7 in einen einteiligen Anzug zu integrieren.<\/p>\n","protected":false},"excerpt":{"rendered":"<p>Die Tech-Air\u00ae 7X LED-Anzeige ist ein Kabelsatz, der die Integration des TechAir 7x in einen kompatiblen&#8230;<\/p>\n","protected":false},"featured_media":201873,"comment_status":"open","ping_status":"closed","template":"","meta":{"_acf_changed":false},"brand":[2111],"gender":[],"product_brand":[],"product_cat":[2221,1357,2209],"product_tag":[],"class_list":{"0":"post-201868","1":"product","2":"type-product","3":"status-publish","4":"has-post-thumbnail","6":"brand-alpinestars-de","7":"product_cat-airbags-de","8":"product_cat-ausrustung-fur-motorradfahrer","9":"product_cat-schutzschilde-und-airbags","11":"first","12":"instock","13":"taxable","14":"shipping-taxable","15":"purchasable","16":"product-type-simple"},"acf":[],"_links":{"self":[{"href":"https:\/\/moto-oprema.com\/de\/wp-json\/wp\/v2\/product\/201868","targetHints":{"allow":["GET"]}}],"collection":[{"href":"https:\/\/moto-oprema.com\/de\/wp-json\/wp\/v2\/product"}],"about":[{"href":"https:\/\/moto-oprema.com\/de\/wp-json\/wp\/v2\/types\/product"}],"replies":[{"embeddable":true,"href":"https:\/\/moto-oprema.com\/de\/wp-json\/wp\/v2\/comments?post=201868"}],"wp:featuredmedia":[{"embeddable":true,"href":"https:\/\/moto-oprema.com\/de\/wp-json\/wp\/v2\/media\/201873"}],"wp:attachment":[{"href":"https:\/\/moto-oprema.com\/de\/wp-json\/wp\/v2\/media?parent=201868"}],"wp:term":[{"taxonomy":"brand","embeddable":true,"href":"https:\/\/moto-oprema.com\/de\/wp-json\/wp\/v2\/brand?post=201868"},{"taxonomy":"gender","embeddable":true,"href":"https:\/\/moto-oprema.com\/de\/wp-json\/wp\/v2\/gender?post=201868"},{"taxonomy":"product_brand","embeddable":true,"href":"https:\/\/moto-oprema.com\/de\/wp-json\/wp\/v2\/product_brand?post=201868"},{"taxonomy":"product_cat","embeddable":true,"href":"https:\/\/moto-oprema.com\/de\/wp-json\/wp\/v2\/product_cat?post=201868"},{"taxonomy":"product_tag","embeddable":true,"href":"https:\/\/moto-oprema.com\/de\/wp-json\/wp\/v2\/product_tag?post=201868"}],"curies":[{"name":"wp","href":"https:\/\/api.w.org\/{rel}","templated":true}]}}