{"id":200590,"date":"2026-01-16T09:39:51","date_gmt":"2026-01-16T09:39:51","guid":{"rendered":"https:\/\/moto-oprema.com\/?post_type=product&#038;p=200590"},"modified":"2026-01-16T09:59:52","modified_gmt":"2026-01-16T09:59:52","slug":"alpinestars-tech-7-enduro-stiefel-schwarz-grau-hellig-rot-kopija","status":"publish","type":"product","link":"https:\/\/moto-oprema.com\/de\/Artikel\/alpinestars-tech-7-enduro-stiefel-schwarz-grau-hellig-rot-kopija\/","title":{"rendered":"ALPINESTARS TECH 7 ENDURO DRAYSTAR Stiefel BLACK"},"content":{"rendered":"<div id=\"tab-product-description\" class=\"ui-tabs-panel ui-widget-content ui-corner-bottom\">\n<div class=\"description\">\n<div id=\"tw-target-text-container\" class=\"tw-ta-container tw-nfl\">\n<p>Alpinestars Tech 7 Enduro Drystar WP Motocross Stiefel 2026<\/p>\n<p>Der Tech 7 Enduro Drystar\u00ae kombiniert wasserdichte Funktionalit\u00e4t mit hervorragendem Schutz und Fahrkomfort. Dank der speziell entwickelten Enduro-Sohle und der integrierten Drystar\u00ae-Membran bieten die Stiefel zuverl\u00e4ssige Leistung unter den widrigsten Bedingungen &#8211; auf und neben dem Rad. <\/p>\n<p>Merkmale:<\/p>\n<ul>\n<li>Alpinestars Drystar\u00ae Technologie im Innenschuh f\u00fcr Atmungsaktivit\u00e4t, Feuchtigkeitsmanagement und 100%ige Wasserdichtigkeit<\/li>\n<li>Dual-Compound-Au\u00dfensohle, die in eine mehrschichtige Sohlenstruktur integriert ist &#8211; f\u00fcr hohe Strapazierf\u00e4higkeit, Traktion und Gef\u00fchl beim Laufen und verbesserte Schaltleistung<\/li>\n<li>Robustes Obermaterial aus Mikrofaser mit PU-Verst\u00e4rkung &#8211; flexibel, abriebfest, wasserabweisend und leicht zu pflegen<\/li>\n<li>Flexzonen im Vorfu\u00dfbereich f\u00fcr mehr Flexibilit\u00e4t beim Laufen und Gehen<\/li>\n<li>Erweiterter Einstellbereich am Kn\u00f6chel f\u00fcr eine pr\u00e4zise Passform<\/li>\n<li>Schnellverschlusssystem mit selbsteinstellenden Polymerschnallen auf Aluminiumbasis &#8211; langlebig, leicht und einfach zu bedienen<\/li>\n<li>Erweiterte Gamaschen aus Mikrofaser &#8211; zuverl\u00e4ssiger Schutz vor Wasser und Schmutz<\/li>\n<li>Geformtes TPU-Grip-Panel auf der Innenseite f\u00fcr besseren Kontakt mit dem Fahrrad und erh\u00f6hte Hitzebest\u00e4ndigkeit<\/li>\n<li>Progressives, flexibles Design mit sto\u00dfd\u00e4mpfenden Eins\u00e4tzen im Ballonbereich<\/li>\n<li>Laterales und mediales Gelenksystem &#8211; f\u00fcr optimale Flexibilit\u00e4tskontrolle und Stabilit\u00e4t<\/li>\n<\/ul>\n<p>Spezifikationen:<\/p>\n<ul>\n<li>Schutzstiefel f\u00fcr Motorradfahrer (EN 13634:2017)<\/li>\n<li>Umfassender Schutz f\u00fcr Zehen, Fu\u00df, Ferse, Kn\u00f6chel, Wade und Schienbein<\/li>\n<li>Anatomisch geformte TPU-Schienbein- und Kn\u00f6chelpolster &#8211; f\u00fcr Sto\u00df- und Abriebfestigkeit<\/li>\n<li>Weiche Kn\u00f6cheleinlagen f\u00fcr mehr Komfort und Sto\u00dfd\u00e4mpfung<\/li>\n<li>Integriertes Doppelscharniersystem f\u00fcr bessere Kontrolle und Stabilisierung der Bewegung<\/li>\n<\/ul>\n<p>Zus\u00e4tzliche Informationen zum Produkt<\/p>\n<ul>\n<li>wasserdichtes Modell<\/li>\n<\/ul>\n<\/div>\n<\/div>\n<\/div>\n","protected":false},"excerpt":{"rendered":"<p>Farbe: Schwarz-Grau-Gold<\/p>\n","protected":false},"featured_media":200771,"comment_status":"open","ping_status":"closed","template":"","meta":{"_acf_changed":false},"brand":[2111],"gender":[2168],"product_brand":[],"product_cat":[2028,2244],"product_tag":[],"class_list":{"0":"post-200590","1":"product","2":"type-product","3":"status-publish","4":"has-post-thumbnail","6":"brand-alpinestars-de","7":"gender-moski-de","8":"product_cat-motocross-ausrustung","9":"product_cat-mx-stiefel","10":"pa_size-10445-de","11":"pa_size-11455-de","12":"pa_size-1247-de","13":"pa_size-1348-de","14":"pa_size-14495-de","15":"pa_size-1551-de","16":"pa_size-1652-de","17":"pa_size-538-de","18":"pa_size-639-de","19":"pa_size-7405-de","20":"pa_size-842-de","21":"pa_size-943-de","23":"first","24":"instock","25":"sale","26":"taxable","27":"shipping-taxable","28":"purchasable","29":"product-type-variable"},"acf":[],"_links":{"self":[{"href":"https:\/\/moto-oprema.com\/de\/wp-json\/wp\/v2\/product\/200590","targetHints":{"allow":["GET"]}}],"collection":[{"href":"https:\/\/moto-oprema.com\/de\/wp-json\/wp\/v2\/product"}],"about":[{"href":"https:\/\/moto-oprema.com\/de\/wp-json\/wp\/v2\/types\/product"}],"replies":[{"embeddable":true,"href":"https:\/\/moto-oprema.com\/de\/wp-json\/wp\/v2\/comments?post=200590"}],"wp:featuredmedia":[{"embeddable":true,"href":"https:\/\/moto-oprema.com\/de\/wp-json\/wp\/v2\/media\/200771"}],"wp:attachment":[{"href":"https:\/\/moto-oprema.com\/de\/wp-json\/wp\/v2\/media?parent=200590"}],"wp:term":[{"taxonomy":"brand","embeddable":true,"href":"https:\/\/moto-oprema.com\/de\/wp-json\/wp\/v2\/brand?post=200590"},{"taxonomy":"gender","embeddable":true,"href":"https:\/\/moto-oprema.com\/de\/wp-json\/wp\/v2\/gender?post=200590"},{"taxonomy":"product_brand","embeddable":true,"href":"https:\/\/moto-oprema.com\/de\/wp-json\/wp\/v2\/product_brand?post=200590"},{"taxonomy":"product_cat","embeddable":true,"href":"https:\/\/moto-oprema.com\/de\/wp-json\/wp\/v2\/product_cat?post=200590"},{"taxonomy":"product_tag","embeddable":true,"href":"https:\/\/moto-oprema.com\/de\/wp-json\/wp\/v2\/product_tag?post=200590"}],"curies":[{"name":"wp","href":"https:\/\/api.w.org\/{rel}","templated":true}]}}