{"id":199799,"date":"2026-01-16T08:30:01","date_gmt":"2026-01-16T08:30:01","guid":{"rendered":"https:\/\/moto-oprema.com\/?post_type=product&#038;p=199799"},"modified":"2026-01-16T08:41:33","modified_gmt":"2026-01-16T08:41:33","slug":"alpinestars-moblast-wasserdichte-jacke-eisen-grau-kopija","status":"publish","type":"product","link":"https:\/\/moto-oprema.com\/de\/Artikel\/alpinestars-moblast-wasserdichte-jacke-eisen-grau-kopija\/","title":{"rendered":"ALPINESTARS MOBLAST WASSERDICHTE JACKE PETROL NAVY"},"content":{"rendered":"<div id=\"tw-target-text-container\" class=\"tw-ta-container tw-nfl\">\n<p>Alpinestars Moblast WP wasserdichte Textiljacke f\u00fcr Motorradfahrer<\/p>\n<p>Die Mospher WP Jacke ist eine ganzj\u00e4hrige Allround-Jacke f\u00fcr Fahrer, die Funktionalit\u00e4t, Stil und Wetterschutz suchen. Inspiriert von taktischer, milit\u00e4rischer Kleidung, kombiniert sie robuste Materialien mit einem modernen, urbanen Design. Die Jacke bietet zuverl\u00e4ssigen Allwetterschutz, hohe Flexibilit\u00e4t und durchdachte Details f\u00fcr den t\u00e4glichen Einsatz auf dem Rad.  <\/p>\n<p>Merkmale:<\/p>\n<ul>\n<li>Robustes, beschichtetes Ripstop-Gewebe mit 300D-Verst\u00e4rkungen an stark beanspruchten Stellen wie Ellbogen, \u00c4rmeln, Kapuze und unterem R\u00fccken<\/li>\n<li>Versiegelte, festsitzende Membran f\u00fcr 100%igen Schutz vor Wasser bei Regenwetter<\/li>\n<li>Gro\u00dfe direkte Bel\u00fcftungs\u00f6ffnungen mit Rei\u00dfverschluss an \u00c4rmeln und R\u00fccken sorgen f\u00fcr effiziente Luftzirkulation bei wechselnden Wetterbedingungen<\/li>\n<li>Herausnehmbares Thermofutter sorgt f\u00fcr zus\u00e4tzliche W\u00e4rme bei k\u00e4lteren Temperaturen<\/li>\n<li>Der Druckknopfverschluss der Kapuze verhindert ein Flattern w\u00e4hrend der Fahrt und verf\u00fcgt \u00fcber einen integrierten Innenkragen f\u00fcr zus\u00e4tzlichen Windschutz.<\/li>\n<li>Anpassbare Passform mit verstellbaren \u00c4rmeln, Kapuze, Manschetten und Saum &#8211; zugeschnitten auf den individuellen Fahrstil.<\/li>\n<li>Die Entw\u00e4sserungsrinnen an der Vorderseite und die Metallschlaufen lassen das Wasser schnell ablaufen, wenn Sie im Regen fahren.<\/li>\n<li>Ger\u00e4umige Brust- und Handtaschen, darunter eine wasserdichte Au\u00dfentasche und eine wasserdichte Innentasche zur sicheren Aufbewahrung.<\/li>\n<li>Ein Sonnenbrillenhalter, reflektierende Logos und praktische Rei\u00dfverschl\u00fcsse vervollst\u00e4ndigen das funktionelle Design.<\/li>\n<li>Elastische Verbindungsschlaufe mit Druckknopf zur sicheren Befestigung an der Alpinestars Hose.<\/li>\n<\/ul>\n<\/div>\n<div id=\"tw-target-text-container\" class=\"tw-ta-container tw-nfl\">\n<p>Spezifikationen:<\/p>\n<ul>\n<li>Schutzkleidung f\u00fcr Motorradfahrer &#8211; EN 17092-4:2020 Klasse A<\/li>\n<li>Die flachen, hochflexiblen und bel\u00fcfteten Nucleon Flex Plus Level 1 Schulter- und Ellbogenpolster bieten effektiven Aufprallschutz und hohen Tragekomfort.<\/li>\n<li>Zus\u00e4tzliche Informationen zum Produkt<\/li>\n<li>Material 100 % Polyester<\/li>\n<\/ul>\n<p>Funktionen<\/p>\n<ul>\n<li>Inklusive Ellbogensch\u00fctzer<\/li>\n<li>Inklusive Schulterpolster<\/li>\n<li>Wasserdicht<\/li>\n<\/ul>\n<p>Schutzklasse A<\/p>\n<\/div>\n","protected":false},"excerpt":{"rendered":"","protected":false},"featured_media":199631,"comment_status":"open","ping_status":"closed","template":"","meta":{"_acf_changed":false},"brand":[2111],"gender":[2168],"product_brand":[],"product_cat":[1357,2045,2048],"product_tag":[],"class_list":{"0":"post-199799","1":"product","2":"type-product","3":"status-publish","4":"has-post-thumbnail","6":"brand-alpinestars-de","7":"gender-moski-de","8":"product_cat-ausrustung-fur-motorradfahrer","9":"product_cat-jakne-de","10":"product_cat-textil-jacken","11":"pa_size-3xl-de","12":"pa_size-4xl-de","13":"pa_size-l-de","14":"pa_size-m-de","15":"pa_size-s-de","16":"pa_size-xl-de","17":"pa_size-xxl-de","19":"first","20":"instock","21":"sale","22":"taxable","23":"shipping-taxable","24":"purchasable","25":"product-type-variable"},"acf":[],"_links":{"self":[{"href":"https:\/\/moto-oprema.com\/de\/wp-json\/wp\/v2\/product\/199799","targetHints":{"allow":["GET"]}}],"collection":[{"href":"https:\/\/moto-oprema.com\/de\/wp-json\/wp\/v2\/product"}],"about":[{"href":"https:\/\/moto-oprema.com\/de\/wp-json\/wp\/v2\/types\/product"}],"replies":[{"embeddable":true,"href":"https:\/\/moto-oprema.com\/de\/wp-json\/wp\/v2\/comments?post=199799"}],"wp:featuredmedia":[{"embeddable":true,"href":"https:\/\/moto-oprema.com\/de\/wp-json\/wp\/v2\/media\/199631"}],"wp:attachment":[{"href":"https:\/\/moto-oprema.com\/de\/wp-json\/wp\/v2\/media?parent=199799"}],"wp:term":[{"taxonomy":"brand","embeddable":true,"href":"https:\/\/moto-oprema.com\/de\/wp-json\/wp\/v2\/brand?post=199799"},{"taxonomy":"gender","embeddable":true,"href":"https:\/\/moto-oprema.com\/de\/wp-json\/wp\/v2\/gender?post=199799"},{"taxonomy":"product_brand","embeddable":true,"href":"https:\/\/moto-oprema.com\/de\/wp-json\/wp\/v2\/product_brand?post=199799"},{"taxonomy":"product_cat","embeddable":true,"href":"https:\/\/moto-oprema.com\/de\/wp-json\/wp\/v2\/product_cat?post=199799"},{"taxonomy":"product_tag","embeddable":true,"href":"https:\/\/moto-oprema.com\/de\/wp-json\/wp\/v2\/product_tag?post=199799"}],"curies":[{"name":"wp","href":"https:\/\/api.w.org\/{rel}","templated":true}]}}