{"id":197747,"date":"2026-01-14T10:03:49","date_gmt":"2026-01-14T10:03:49","guid":{"rendered":"https:\/\/moto-oprema.com\/?post_type=product&#038;p=197747"},"modified":"2026-01-14T10:10:21","modified_gmt":"2026-01-14T10:10:21","slug":"alpinestars-t-kiefer-v4-wp-jacke-schwarz-fl-rot-dunkelrot-kopija","status":"publish","type":"product","link":"https:\/\/moto-oprema.com\/de\/Artikel\/alpinestars-t-kiefer-v4-wp-jacke-schwarz-fl-rot-dunkelrot-kopija\/","title":{"rendered":"ALPINESTARS T-JAWS V4 WP JACKE SCHWARZ EIS GRAU DUNKELGRAU"},"content":{"rendered":"<div id=\"tw-target-text-container\" class=\"tw-ta-container tw-nfl\">\n<p id=\"tw-target-text\" class=\"tw-data-text tw-text-large tw-ta\" dir=\"ltr\" style=\"text-align: left;\"><span lang=\"sl\">Die Alpinestars T-Jaws V4 Jacke ist wasserdicht und wasserabweisend. Sie besteht aus abriebfestem Gewebe mit herausnehmbarem Thermo- und Netzfutter.  Die Jacke ist nach europ\u00e4ischen Normen zertifiziert.  <\/span><\/p>\n<p>Die Au\u00dfenkonstruktion der Multi-Density-Jacke besteht aus fortschrittlichem 600D- und 450D-Polyethylen-Gewebe und Stretch-Softshell am Schulterblatt f\u00fcr mehr Bewegungsfreiheit und Fahrerkomfort. Eine strapazierf\u00e4hige, wasserdichte Membran bietet Schutz und Leistung bei allen Wetterbedingungen.<br \/>\nHerausnehmbares Thermofleece-Futter, 100 g am K\u00f6rper, 80 g an den \u00c4rmeln, f\u00fcr optimale W\u00e4rme, Passform und Komfort.<br \/>\nDirekte Bel\u00fcftungs\u00f6ffnungen mit Rei\u00dfverschluss, die strategisch auf beiden Seiten des Rumpfes platziert sind, sorgen f\u00fcr eine optimale Luftzirkulation in allen Schichten, wenn sie ge\u00f6ffnet sind, und bel\u00fcften auch die feste WP-Membran. <\/p>\n<p>Merkmale:<\/p>\n<ul>\n<li>Bereit f\u00fcr die tech-Air\u00ae Technologie.<\/li>\n<li>Nucleon Flex Plus Ellbogen- und Schulterpolster f\u00fcr effektiven Aufprallschutz.<\/li>\n<li>GP Lite Schulterverst\u00e4rkungen f\u00fcr zus\u00e4tzlichen Aufprallschutz.<\/li>\n<li>Nach europ\u00e4ischem Recht ist die CE-Kennzeichnung eine Konformit\u00e4tsbedingung f\u00fcr das Inverkehrbringen dieses Produkts. Die folgenden Normen gelten f\u00fcr dieses Produkt:<\/li>\n<li>CE-Kategorie II, Verordnung \u00fcber pers\u00f6nliche Schutzausr\u00fcstung EN 17092 &#8211; Klasse A.<\/li>\n<li>CE Stufe 1 EN1621-1:2012 Alpinestars Nucleon Flex Plus Ellbogen- und Schulterpolster.<\/li>\n<\/ul>\n<p>Zusammensetzung des Rohmaterials<\/p>\n<p>100% Polyester<\/p>\n<\/div>\n<div id=\"z6maec\" class=\"tw-ta-container tw-nfl\"><\/div>\n","protected":false},"excerpt":{"rendered":"<p>Farbe: schwarz &#8211; fluorrot &#8211; dunkelrot<\/p>\n","protected":false},"featured_media":197780,"comment_status":"open","ping_status":"closed","template":"","meta":{"_acf_changed":false},"brand":[2111],"gender":[2168],"product_brand":[],"product_cat":[1357,2045,2048],"product_tag":[],"class_list":{"0":"post-197747","1":"product","2":"type-product","3":"status-publish","4":"has-post-thumbnail","6":"brand-alpinestars-de","7":"gender-moski-de","8":"product_cat-ausrustung-fur-motorradfahrer","9":"product_cat-jakne-de","10":"product_cat-textil-jacken","11":"pa_size-l-de","12":"pa_size-m-de","13":"pa_size-s-de","14":"pa_size-xl-de","15":"pa_size-xxl-de","17":"first","18":"onbackorder","19":"sale","20":"taxable","21":"shipping-taxable","22":"purchasable","23":"product-type-variable"},"acf":[],"_links":{"self":[{"href":"https:\/\/moto-oprema.com\/de\/wp-json\/wp\/v2\/product\/197747","targetHints":{"allow":["GET"]}}],"collection":[{"href":"https:\/\/moto-oprema.com\/de\/wp-json\/wp\/v2\/product"}],"about":[{"href":"https:\/\/moto-oprema.com\/de\/wp-json\/wp\/v2\/types\/product"}],"replies":[{"embeddable":true,"href":"https:\/\/moto-oprema.com\/de\/wp-json\/wp\/v2\/comments?post=197747"}],"wp:featuredmedia":[{"embeddable":true,"href":"https:\/\/moto-oprema.com\/de\/wp-json\/wp\/v2\/media\/197780"}],"wp:attachment":[{"href":"https:\/\/moto-oprema.com\/de\/wp-json\/wp\/v2\/media?parent=197747"}],"wp:term":[{"taxonomy":"brand","embeddable":true,"href":"https:\/\/moto-oprema.com\/de\/wp-json\/wp\/v2\/brand?post=197747"},{"taxonomy":"gender","embeddable":true,"href":"https:\/\/moto-oprema.com\/de\/wp-json\/wp\/v2\/gender?post=197747"},{"taxonomy":"product_brand","embeddable":true,"href":"https:\/\/moto-oprema.com\/de\/wp-json\/wp\/v2\/product_brand?post=197747"},{"taxonomy":"product_cat","embeddable":true,"href":"https:\/\/moto-oprema.com\/de\/wp-json\/wp\/v2\/product_cat?post=197747"},{"taxonomy":"product_tag","embeddable":true,"href":"https:\/\/moto-oprema.com\/de\/wp-json\/wp\/v2\/product_tag?post=197747"}],"curies":[{"name":"wp","href":"https:\/\/api.w.org\/{rel}","templated":true}]}}