{"id":197574,"date":"2026-01-14T09:35:23","date_gmt":"2026-01-14T09:35:23","guid":{"rendered":"https:\/\/moto-oprema.com\/?post_type=product&#038;p=197574"},"modified":"2026-01-14T09:50:11","modified_gmt":"2026-01-14T09:50:11","slug":"alpinestars-aeroshell-wasserdichte-hose-schwarz-kopija","status":"publish","type":"product","link":"https:\/\/moto-oprema.com\/de\/Artikel\/alpinestars-aeroshell-wasserdichte-hose-schwarz-kopija\/","title":{"rendered":"ALPINESTARS AEROSHELL WASSERDICHTE HOSE GRAU"},"content":{"rendered":"<div id=\"tw-target-text-container\" class=\"tw-ta-container tw-nfl\">\n<p>Alpinestars Aeroshell Motorradhose<\/p>\n<p>Die Aeroshell-Hose ist eine sportlich geschnittene Crossover-Softshell-Hose, die f\u00fcr die stilbewussten Fahrer von Naked Motorr\u00e4dern, Motorrollern und Freizeittourenr\u00e4dern entwickelt wurde. Mit ihrem modernen Schnitt, den vorgeformten Knien und dem elastischen Au\u00dfenmaterial bietet sie einen \u00fcberzeugenden Look und hohen Tragekomfort sowohl auf dem Motorrad als auch im Alltag. <\/p>\n<p>Merkmale:<\/p>\n<ul>\n<li>Die elastische Softshell-Au\u00dfenschicht sorgt f\u00fcr einen flexiblen Schnitt und optimale Bewegungsfreiheit.<\/li>\n<li>Vorgeformte Knie unterst\u00fctzen die Ergonomie beim Fahren und erh\u00f6hen den Komfort.<\/li>\n<li>Ein strategisch platziertes Mesh-Futter auf der Vorderseite, von der Taille bis zu den Knien, sorgt f\u00fcr eine angenehme Bel\u00fcftung und h\u00e4lt die Taschen f\u00fcr Schutzgegenst\u00e4nde sicher an ihrem Platz.<\/li>\n<li>Der elastische Bund mit Kordelzug sorgt f\u00fcr eine individuelle, bequeme Passform.<\/li>\n<li>Versteckte Rei\u00dfverschlusstaschen auf der Vorderseite bieten einen sicheren Platz f\u00fcr pers\u00f6nliche Gegenst\u00e4nde.<\/li>\n<li>Elastische Verbindungsschlaufen erm\u00f6glichen eine nahtlose Befestigung an Alpinestars Jacken.<\/li>\n<li>Der elastische Saum sorgt f\u00fcr eine moderne, k\u00f6rpernahe Silhouette.<\/li>\n<\/ul>\n<p>Spezifikationen:<\/p>\n<ul>\n<li>Schutzkleidung f\u00fcr Motorradfahrer, EN 17092-4:2020 Klasse A<\/li>\n<li>Nucleon Flex Plus Level 1 flache, bel\u00fcftete Knieschoner bieten zuverl\u00e4ssigen Aufprallschutz bei hoher Flexibilit\u00e4t<\/li>\n<li>Die Hose kann mit Nucleon Flex Pro Level 2 Knieprotektoren und Bio Flex Level 1 H\u00fcftprotektoren ausgestattet werden.<\/li>\n<\/ul>\n<p>Weitere Produktinformationen<br \/>\nMaterial 89% Polyester, 7% Polyamid, 4% Elasthan<\/p>\n<p>Eigenschaften<br \/>\nInklusive Kniesch\u00fctzer<\/p>\n<p>Schutzstufe<br \/>\nSchutzstufe A<br \/>\nMaterialtyp<br \/>\nPolyester<\/p>\n<\/div>\n","protected":false},"excerpt":{"rendered":"<p>Farbe: schwarz-fluorrot<\/p>\n","protected":false},"featured_media":197490,"comment_status":"open","ping_status":"closed","template":"","meta":{"_acf_changed":false},"brand":[2111],"gender":[2168],"product_brand":[],"product_cat":[1357,2189,2211],"product_tag":[],"class_list":{"0":"post-197574","1":"product","2":"type-product","3":"status-publish","4":"has-post-thumbnail","6":"brand-alpinestars-de","7":"gender-moski-de","8":"product_cat-ausrustung-fur-motorradfahrer","9":"product_cat-hose","10":"product_cat-textil-hose","11":"pa_size-3xl-de","12":"pa_size-4xl-de","13":"pa_size-l-de","14":"pa_size-m-de","15":"pa_size-s-de","16":"pa_size-xl-de","17":"pa_size-xxl-de","19":"first","20":"instock","21":"sale","22":"taxable","23":"shipping-taxable","24":"purchasable","25":"product-type-variable"},"acf":[],"_links":{"self":[{"href":"https:\/\/moto-oprema.com\/de\/wp-json\/wp\/v2\/product\/197574","targetHints":{"allow":["GET"]}}],"collection":[{"href":"https:\/\/moto-oprema.com\/de\/wp-json\/wp\/v2\/product"}],"about":[{"href":"https:\/\/moto-oprema.com\/de\/wp-json\/wp\/v2\/types\/product"}],"replies":[{"embeddable":true,"href":"https:\/\/moto-oprema.com\/de\/wp-json\/wp\/v2\/comments?post=197574"}],"wp:featuredmedia":[{"embeddable":true,"href":"https:\/\/moto-oprema.com\/de\/wp-json\/wp\/v2\/media\/197490"}],"wp:attachment":[{"href":"https:\/\/moto-oprema.com\/de\/wp-json\/wp\/v2\/media?parent=197574"}],"wp:term":[{"taxonomy":"brand","embeddable":true,"href":"https:\/\/moto-oprema.com\/de\/wp-json\/wp\/v2\/brand?post=197574"},{"taxonomy":"gender","embeddable":true,"href":"https:\/\/moto-oprema.com\/de\/wp-json\/wp\/v2\/gender?post=197574"},{"taxonomy":"product_brand","embeddable":true,"href":"https:\/\/moto-oprema.com\/de\/wp-json\/wp\/v2\/product_brand?post=197574"},{"taxonomy":"product_cat","embeddable":true,"href":"https:\/\/moto-oprema.com\/de\/wp-json\/wp\/v2\/product_cat?post=197574"},{"taxonomy":"product_tag","embeddable":true,"href":"https:\/\/moto-oprema.com\/de\/wp-json\/wp\/v2\/product_tag?post=197574"}],"curies":[{"name":"wp","href":"https:\/\/api.w.org\/{rel}","templated":true}]}}