{"id":197370,"date":"2026-01-14T09:20:46","date_gmt":"2026-01-14T09:20:46","guid":{"rendered":"https:\/\/moto-oprema.com\/?post_type=product&#038;p=197370"},"modified":"2026-01-14T09:23:18","modified_gmt":"2026-01-14T09:23:18","slug":"alpinestars-aeroshell-wasserdichte-jacke-grau-kopija","status":"publish","type":"product","link":"https:\/\/moto-oprema.com\/de\/Artikel\/alpinestars-aeroshell-wasserdichte-jacke-grau-kopija\/","title":{"rendered":"ALPINESTARS AEROSHELL WASSERDICHTE JACKE GRAU (Kopija)"},"content":{"rendered":"<div id=\"tw-target-text-container\" class=\"tw-ta-container tw-nfl\">\n<p>Alpinestars Aeroshel wasserdichte Textiljacke f\u00fcr Motorradfahrer<\/p>\n<p>Die Aeroshell WP ist eine wasserdichte Sport-Softshell-Jacke, die speziell f\u00fcr stilbewusste Motorradfahrer, Rollerfahrer und Freizeittouristen entwickelt wurde. Mit ihrem modernen Schnitt, der funktionellen Ausstattung und dem aggressiven Kapuzendesign bietet sie eine beeindruckende Kombination aus Schutz, Komfort und Stil, sowohl auf dem Motorrad als auch im Alltag. <\/p>\n<p>Merkmale:<\/p>\n<ul>\n<li>Der elastische, weiche Oberstoff sorgt f\u00fcr eine flexible Passform und optimale Bewegungsfreiheit.<\/li>\n<li>Das entwickelte 3D-Sportmuster mit integrierten \u00fcberlappenden Schnallen verbessert die Atmungsaktivit\u00e4t und den Klimakomfort.<\/li>\n<li>Die Kapuze hat ein offenes Design mit einer Einkerbung, um den Luftwiderstand beim Fahren zu reduzieren.<\/li>\n<li>Eine integrierte Rei\u00dfverschlusstasche sorgt f\u00fcr einen schlanken, modernen Look.<\/li>\n<li>Eine wasserdichte, versiegelte Innenmembran und ein wasserdichter Rei\u00dfverschluss auf der Vorderseite bieten zuverl\u00e4ssigen Schutz bei Regenwetter.<\/li>\n<li>Ergonomisch geformte B\u00fcndchen und ein optimierter Saum erh\u00f6hen den Tragekomfort.<\/li>\n<li>Verstellbare, geschwei\u00dfte Manschetten erm\u00f6glichen eine pr\u00e4zise, individuelle Passform.<\/li>\n<li>Versteckte Rei\u00dfverschlusstaschen an den H\u00e4nden bieten sichere Aufbewahrung und ein stilvolles Design.<\/li>\n<li>Eingebaute verstellbare Riemen sorgen f\u00fcr eine pr\u00e4zise Passform.<\/li>\n<li>Eine elastische Schlaufe mit Druckknopfverschluss erm\u00f6glicht eine sichere Verbindung mit der Alpinestars Hose.<\/li>\n<\/ul>\n<p>Spezifikationen:<\/p>\n<ul>\n<li>Schutzkleidung f\u00fcr Motorradfahrer &#8211; EN 17092-4:2020 Klasse A<\/li>\n<li>Nucleon Flex Plus Level 1 Schulter- und Ellbogenpolster bieten zuverl\u00e4ssigen Aufprallschutz mit hoher Flexibilit\u00e4t und Bel\u00fcftung<\/li>\n<li>Die Jacke kann mit dem optionalen PLASMA Full Chest Protector Level 2 und Alpinestars regul\u00e4ren und langen R\u00fcckenprotektoren ausgestattet werden.<\/li>\n<\/ul>\n<p>Zus\u00e4tzliche Informationen zum Produkt<\/p>\n<ul>\n<li>Material 74% Polyester, 14% Ziegenleder, 12% Polyurethan \/ Enth\u00e4lt nichttextile Teile tierischen Ursprungs!<\/li>\n<\/ul>\n<p>Funktionen<\/p>\n<ul>\n<li>Inklusive Ellbogensch\u00fctzer<\/li>\n<li>Inklusive Schulterpolster<\/li>\n<li>Wasserdicht<\/li>\n<\/ul>\n<p>Schutzklasse<br \/>\nSchutzklasse A<\/p>\n<\/div>\n","protected":false},"excerpt":{"rendered":"","protected":false},"featured_media":197230,"comment_status":"open","ping_status":"closed","template":"","meta":{"_acf_changed":false},"brand":[2111],"gender":[2168],"product_brand":[],"product_cat":[1357,2045,2048],"product_tag":[],"class_list":{"0":"post-197370","1":"product","2":"type-product","3":"status-publish","4":"has-post-thumbnail","6":"brand-alpinestars-de","7":"gender-moski-de","8":"product_cat-ausrustung-fur-motorradfahrer","9":"product_cat-jakne-de","10":"product_cat-textil-jacken","11":"pa_size-3xl-de","12":"pa_size-4xl-de","13":"pa_size-l-de","14":"pa_size-m-de","15":"pa_size-s-de","16":"pa_size-xl-de","17":"pa_size-xxl-de","19":"first","20":"instock","21":"sale","22":"taxable","23":"shipping-taxable","24":"purchasable","25":"product-type-variable"},"acf":[],"_links":{"self":[{"href":"https:\/\/moto-oprema.com\/de\/wp-json\/wp\/v2\/product\/197370","targetHints":{"allow":["GET"]}}],"collection":[{"href":"https:\/\/moto-oprema.com\/de\/wp-json\/wp\/v2\/product"}],"about":[{"href":"https:\/\/moto-oprema.com\/de\/wp-json\/wp\/v2\/types\/product"}],"replies":[{"embeddable":true,"href":"https:\/\/moto-oprema.com\/de\/wp-json\/wp\/v2\/comments?post=197370"}],"wp:featuredmedia":[{"embeddable":true,"href":"https:\/\/moto-oprema.com\/de\/wp-json\/wp\/v2\/media\/197230"}],"wp:attachment":[{"href":"https:\/\/moto-oprema.com\/de\/wp-json\/wp\/v2\/media?parent=197370"}],"wp:term":[{"taxonomy":"brand","embeddable":true,"href":"https:\/\/moto-oprema.com\/de\/wp-json\/wp\/v2\/brand?post=197370"},{"taxonomy":"gender","embeddable":true,"href":"https:\/\/moto-oprema.com\/de\/wp-json\/wp\/v2\/gender?post=197370"},{"taxonomy":"product_brand","embeddable":true,"href":"https:\/\/moto-oprema.com\/de\/wp-json\/wp\/v2\/product_brand?post=197370"},{"taxonomy":"product_cat","embeddable":true,"href":"https:\/\/moto-oprema.com\/de\/wp-json\/wp\/v2\/product_cat?post=197370"},{"taxonomy":"product_tag","embeddable":true,"href":"https:\/\/moto-oprema.com\/de\/wp-json\/wp\/v2\/product_tag?post=197370"}],"curies":[{"name":"wp","href":"https:\/\/api.w.org\/{rel}","templated":true}]}}