{"id":196992,"date":"2026-01-14T08:03:39","date_gmt":"2026-01-14T08:03:39","guid":{"rendered":"https:\/\/moto-oprema.com\/?post_type=product&#038;p=196992"},"modified":"2026-01-14T08:21:04","modified_gmt":"2026-01-14T08:21:04","slug":"alpinestars-xt-3-drystar-isolierte-handschuhe-schwarz-kopija-2","status":"publish","type":"product","link":"https:\/\/moto-oprema.com\/de\/Artikel\/alpinestars-xt-3-drystar-isolierte-handschuhe-schwarz-kopija-2\/","title":{"rendered":"ALPINESTARS WT-1 DRYSTAR ISOLIERTE HANDSCHUHE SCHWARZ"},"content":{"rendered":"<p>Alpinestars WT-1 Drystar Wasserdichte Thermo-Motorradhandschuhe<\/p>\n<p>Die WT-1 Drystar\u00ae Motorradhandschuhe sind f\u00fcr Pendler und Fahrer bei kaltem und nassem Wetter konzipiert. Die fortschrittliche Drystar\u00ae Performance-Membran bietet zuverl\u00e4ssigen Wetterschutz und hohe Atmungsaktivit\u00e4t. Die 100-Gramm-W\u00e4rmeisolierung sorgt f\u00fcr angenehme W\u00e4rme, w\u00e4hrend die weichen PU-Fingerpolster und verst\u00e4rkten Materialien optimalen Grip, Komfort und Sicherheit gew\u00e4hrleisten.  <\/p>\n<p>Merkmale:<\/p>\n<ul>\n<li>Drystar\u00ae-Membran &#8211; wasserdicht und atmungsaktiv<\/li>\n<li>100 g Isolierung f\u00fcr warme H\u00e4nde<\/li>\n<li>Mittellange Manschetten &#8211; \u00fcber oder unter der Jacke tragbar<\/li>\n<li>Strapazierf\u00e4hige Textilr\u00fcckseite der \u00c4rmel f\u00fcr Schutz und Flexibilit\u00e4t<\/li>\n<li>Verst\u00e4rkte Lederinnenseite der \u00c4rmel f\u00fcr Grip und Haltbarkeit<\/li>\n<li>Verstellbares Klettverschlusssystem f\u00fcr sicheren Halt<\/li>\n<\/ul>\n<p>Spezifikationen:<\/p>\n<ul>\n<li>Schutzhandschuhe f\u00fcr Motorradfahrer EN 13594:2015<\/li>\n<li>Ergonomische weiche PU-Fingerpolster f\u00fcr besseren Schutz vor St\u00f6\u00dfen und Absch\u00fcrfungen<\/li>\n<li>Leitf\u00e4hige Fingerspitzen f\u00fcr die Verwendung von Touchscreens<\/li>\n<li>Zus\u00e4tzliche Informationen zum Produkt<\/li>\n<li>Funktionen<\/li>\n<li>Unterst\u00fctzt von<\/li>\n<li>Verwendung eines Touchscreens m\u00f6glich<\/li>\n<li>Wasserdicht<\/li>\n<\/ul>\n<p>Schutzklasse<br \/>\nStufe 1<\/p>\n","protected":false},"excerpt":{"rendered":"<p>Alpinestars WT-1 Drystar Wasserdichte Thermo-Motorradhandschuhe Die WT-1 Drystar\u00ae Motorradhandschuhe sind f\u00fcr Pendler und Fahrer bei kaltem&#8230;<\/p>\n","protected":false},"featured_media":197012,"comment_status":"open","ping_status":"closed","template":"","meta":{"_acf_changed":false},"brand":[2111],"gender":[2168],"product_brand":[],"product_cat":[1357,2086,2092],"product_tag":[],"class_list":{"0":"post-196992","1":"product","2":"type-product","3":"status-publish","4":"has-post-thumbnail","6":"brand-alpinestars-de","7":"gender-moski-de","8":"product_cat-ausrustung-fur-motorradfahrer","9":"product_cat-handschuhe","10":"product_cat-textil-handschuhe","11":"pa_velikost-rokovice-l-de","12":"pa_velikost-rokovice-m-de","13":"pa_velikost-rokovice-s-de","14":"pa_velikost-rokovice-xl-de","15":"pa_velikost-rokovice-xxl-de","16":"pa_velikost-rokovice-xxxl-de","18":"first","19":"instock","20":"sale","21":"taxable","22":"shipping-taxable","23":"purchasable","24":"product-type-variable"},"acf":[],"_links":{"self":[{"href":"https:\/\/moto-oprema.com\/de\/wp-json\/wp\/v2\/product\/196992","targetHints":{"allow":["GET"]}}],"collection":[{"href":"https:\/\/moto-oprema.com\/de\/wp-json\/wp\/v2\/product"}],"about":[{"href":"https:\/\/moto-oprema.com\/de\/wp-json\/wp\/v2\/types\/product"}],"replies":[{"embeddable":true,"href":"https:\/\/moto-oprema.com\/de\/wp-json\/wp\/v2\/comments?post=196992"}],"wp:featuredmedia":[{"embeddable":true,"href":"https:\/\/moto-oprema.com\/de\/wp-json\/wp\/v2\/media\/197012"}],"wp:attachment":[{"href":"https:\/\/moto-oprema.com\/de\/wp-json\/wp\/v2\/media?parent=196992"}],"wp:term":[{"taxonomy":"brand","embeddable":true,"href":"https:\/\/moto-oprema.com\/de\/wp-json\/wp\/v2\/brand?post=196992"},{"taxonomy":"gender","embeddable":true,"href":"https:\/\/moto-oprema.com\/de\/wp-json\/wp\/v2\/gender?post=196992"},{"taxonomy":"product_brand","embeddable":true,"href":"https:\/\/moto-oprema.com\/de\/wp-json\/wp\/v2\/product_brand?post=196992"},{"taxonomy":"product_cat","embeddable":true,"href":"https:\/\/moto-oprema.com\/de\/wp-json\/wp\/v2\/product_cat?post=196992"},{"taxonomy":"product_tag","embeddable":true,"href":"https:\/\/moto-oprema.com\/de\/wp-json\/wp\/v2\/product_tag?post=196992"}],"curies":[{"name":"wp","href":"https:\/\/api.w.org\/{rel}","templated":true}]}}