{"id":194647,"date":"2026-01-07T11:33:30","date_gmt":"2026-01-07T11:33:30","guid":{"rendered":"https:\/\/moto-oprema.com\/?post_type=product&#038;p=194647"},"modified":"2026-01-08T10:10:56","modified_gmt":"2026-01-08T10:10:56","slug":"alpinestars-full-bore-v2-mx-handschuhe-rot-kopija-2","status":"publish","type":"product","link":"https:\/\/moto-oprema.com\/de\/Artikel\/alpinestars-full-bore-v2-mx-handschuhe-rot-kopija-2\/","title":{"rendered":"ALPINESTARS FULL BORE V2 MX HANDSCHUHE ORANGE"},"content":{"rendered":"<p>Die Full Bore v2 Handschuhe bieten die perfekte Balance zwischen Leistung, Schutz und Atmungsaktivit\u00e4t und wurden f\u00fcr Motocross-Fahrer entwickelt, die bei jeder Fahrt H\u00f6chstleistungen erzielen wollen. Mit modernem, verst\u00e4rktem Stretchmaterial und ergonomischen TPR-Fingersch\u00fctzern bieten diese Handschuhe eine au\u00dfergew\u00f6hnliche Passform und hohen Komfort &#8211; ideal f\u00fcr intensive MX-Abenteuer. <\/p>\n<p>Neu entwickelte TPR-Fingerprotektoren bieten effektiven Sturzschutz und gleichzeitig hohe Flexibilit\u00e4t, so dass die Bewegung auf dem Fahrrad nicht eingeschr\u00e4nkt wird. Ideal f\u00fcr anspruchsvolle Fahrten, bei denen es auf Geschwindigkeit und Pr\u00e4zision ankommt. <\/p>\n<p>Die verst\u00e4rkte Handfl\u00e4che aus Kunstleder sorgt f\u00fcr eine lange Lebensdauer und guten Grip. So ist sichergestellt, dass das Motorrad auch bei intensiven Fahrten immer sicher zu bedienen ist, ohne dass sich die Handschuhe abnutzen oder unbequem werden. <\/p>\n<p>Atmungsaktives Flex-Obermaterial und bel\u00fcftete elastische Eins\u00e4tze erm\u00f6glichen eine hervorragende Luftzirkulation. So bleiben die H\u00e4nde k\u00fchl und trocken, selbst bei besonders hei\u00dfen oder schwei\u00dftreibenden MX-Sessions. <\/p>\n<p>48% Polyester, 28% Kunstleder, 14% Neopren, 12% Polymaid<\/p>\n","protected":false},"excerpt":{"rendered":"","protected":false},"featured_media":194399,"comment_status":"open","ping_status":"closed","template":"","meta":{"_acf_changed":false},"brand":[2111],"gender":[2168],"product_brand":[],"product_cat":[2028,2070],"product_tag":[],"class_list":{"0":"post-194647","1":"product","2":"type-product","3":"status-publish","4":"has-post-thumbnail","6":"brand-alpinestars-de","7":"gender-moski-de","8":"product_cat-motocross-ausrustung","9":"product_cat-mx-handschuhe","10":"pa_size-l-de","11":"pa_size-m-de","12":"pa_size-s-de","13":"pa_size-xl-de","14":"pa_size-xxl-de","15":"pa_size-xxxl-de","16":"pa_size-xxxxl-de","18":"first","19":"onbackorder","20":"sale","21":"taxable","22":"shipping-taxable","23":"purchasable","24":"product-type-variable"},"acf":[],"_links":{"self":[{"href":"https:\/\/moto-oprema.com\/de\/wp-json\/wp\/v2\/product\/194647","targetHints":{"allow":["GET"]}}],"collection":[{"href":"https:\/\/moto-oprema.com\/de\/wp-json\/wp\/v2\/product"}],"about":[{"href":"https:\/\/moto-oprema.com\/de\/wp-json\/wp\/v2\/types\/product"}],"replies":[{"embeddable":true,"href":"https:\/\/moto-oprema.com\/de\/wp-json\/wp\/v2\/comments?post=194647"}],"wp:featuredmedia":[{"embeddable":true,"href":"https:\/\/moto-oprema.com\/de\/wp-json\/wp\/v2\/media\/194399"}],"wp:attachment":[{"href":"https:\/\/moto-oprema.com\/de\/wp-json\/wp\/v2\/media?parent=194647"}],"wp:term":[{"taxonomy":"brand","embeddable":true,"href":"https:\/\/moto-oprema.com\/de\/wp-json\/wp\/v2\/brand?post=194647"},{"taxonomy":"gender","embeddable":true,"href":"https:\/\/moto-oprema.com\/de\/wp-json\/wp\/v2\/gender?post=194647"},{"taxonomy":"product_brand","embeddable":true,"href":"https:\/\/moto-oprema.com\/de\/wp-json\/wp\/v2\/product_brand?post=194647"},{"taxonomy":"product_cat","embeddable":true,"href":"https:\/\/moto-oprema.com\/de\/wp-json\/wp\/v2\/product_cat?post=194647"},{"taxonomy":"product_tag","embeddable":true,"href":"https:\/\/moto-oprema.com\/de\/wp-json\/wp\/v2\/product_tag?post=194647"}],"curies":[{"name":"wp","href":"https:\/\/api.w.org\/{rel}","templated":true}]}}