{"id":194033,"date":"2026-01-06T08:35:33","date_gmt":"2026-01-06T08:35:33","guid":{"rendered":"https:\/\/moto-oprema.com\/?post_type=product&#038;p=194033"},"modified":"2026-01-06T08:53:28","modified_gmt":"2026-01-06T08:53:28","slug":"scorpion-exo-491-white-kopija","status":"publish","type":"product","link":"https:\/\/moto-oprema.com\/de\/Artikel\/scorpion-exo-491-white-kopija\/","title":{"rendered":"SKORPION EXO-HX1 CARBON SE SCHWARZ GOLD"},"content":{"rendered":"<p><strong>Skorpion EXO-HX1 Kohlenstoff SE<\/strong><\/p>\n<p>Der echte Look der HX1 ist endlich wieder da. Die &#8222;Neo-Retro&#8220;-Philosophie von Scorpion f\u00fchrt eine Vielzahl innovativer Funktionen ein und liefert ein schlankes und stilvolles Design, w\u00e4hrend der klassische Streetfighter-Look erhalten bleibt. Der patentierte, schlanke und kleine magnetische Mechanismus zum Anbringen des Gesichtsschutzes erm\u00f6glicht ein sanftes \u00d6ffnen des Schildes und tr\u00e4gt zu einer eleganten Linie bei.  <\/p>\n<p>Merkmale:<\/p>\n<ul>\n<li>EXO-COM kompatibel<\/li>\n<li>mit goldenem Visier<\/li>\n<li>Pinlock Maxvision\u2122: das Pinlock Max Vision Visier bietet 100% ungesalzene Sicht. Die integrierte Anti-Beschlag-Linse wird in das ScorpionEXO\u00ae Visier eingesetzt &#8211; Abrei\u00dffolien sorgen f\u00fcr maximale Klarheit (optional). <\/li>\n<li>Kwikwick\u00ae III Innenfutter: Das temperaturregulierende KwikWick\u00ae Material h\u00e4lt Sie an warmen Tagen k\u00fchl und trocken und an kalten Tagen warm. Das Innenfutter ist leicht herausnehmbar und waschbar. <\/li>\n<li>Kwikfit\u2122: Kwikfit\u2122-Backen erm\u00f6glichen die Verwendung der am h\u00e4ufigsten verwendeten Brillentypen.<\/li>\n<li>SpeedView\u2122: versenkbares Sonnenvisier, beidseitig beschichtet, um ein Beschlagen zu verhindern.<\/li>\n<li>Ultra TCT\u2122: ein von Scorpion\u00ae entwickeltes, revolution\u00e4res Material mit einer neuen Struktur, das eine noch nie dagewesene Sicherheit bietet. Die Knautschzone ist extrem leicht und absorbiert bei einem Aufprall nach und nach mehr Energie. <\/li>\n<li>Mikrometrische Schlie\u00dfe: Schlie\u00dfe mit mikrometrischem Schnellverschluss.<\/li>\n<\/ul>\n<p>Spezifikationen:<\/p>\n<ul>\n<li>Kohlenstoffschale<\/li>\n<li>ECE 22.06<\/li>\n<li>Schlie\u00dfe mit Griff<\/li>\n<li>Gr\u00f6\u00dfe: XS &#8211; XXL<\/li>\n<li>Packungsinhalt:<\/li>\n<li>1 x Skorpion Helm<\/li>\n<li>1 x Helmtasche<\/li>\n<\/ul>\n<p>Lieferumfang: klares und goldenes Visier<\/p>\n<p>&nbsp;<\/p>\n","protected":false},"excerpt":{"rendered":"","protected":false},"featured_media":194071,"comment_status":"open","ping_status":"closed","template":"","meta":{"_acf_changed":false},"brand":[3431],"gender":[2173],"product_brand":[],"product_cat":[1357,1360,1361],"product_tag":[],"class_list":{"0":"post-194033","1":"product","2":"type-product","3":"status-publish","4":"has-post-thumbnail","6":"brand-scorpion-de","7":"gender-unisex-de","8":"product_cat-ausrustung-fur-motorradfahrer","9":"product_cat-helme","10":"product_cat-integral","11":"pa_velikost-st-l-de","12":"pa_velikost-st-m-de","13":"pa_velikost-st-s-de","14":"pa_velikost-st-xl-de","15":"pa_velikost-st-xs-de","16":"pa_velikost-st-xxl-de","17":"pa_velikost-st-xxs-de","18":"pa_velikost-st-xxxl-de","20":"first","21":"instock","22":"taxable","23":"shipping-taxable","24":"purchasable","25":"product-type-variable"},"acf":[],"_links":{"self":[{"href":"https:\/\/moto-oprema.com\/de\/wp-json\/wp\/v2\/product\/194033","targetHints":{"allow":["GET"]}}],"collection":[{"href":"https:\/\/moto-oprema.com\/de\/wp-json\/wp\/v2\/product"}],"about":[{"href":"https:\/\/moto-oprema.com\/de\/wp-json\/wp\/v2\/types\/product"}],"replies":[{"embeddable":true,"href":"https:\/\/moto-oprema.com\/de\/wp-json\/wp\/v2\/comments?post=194033"}],"wp:featuredmedia":[{"embeddable":true,"href":"https:\/\/moto-oprema.com\/de\/wp-json\/wp\/v2\/media\/194071"}],"wp:attachment":[{"href":"https:\/\/moto-oprema.com\/de\/wp-json\/wp\/v2\/media?parent=194033"}],"wp:term":[{"taxonomy":"brand","embeddable":true,"href":"https:\/\/moto-oprema.com\/de\/wp-json\/wp\/v2\/brand?post=194033"},{"taxonomy":"gender","embeddable":true,"href":"https:\/\/moto-oprema.com\/de\/wp-json\/wp\/v2\/gender?post=194033"},{"taxonomy":"product_brand","embeddable":true,"href":"https:\/\/moto-oprema.com\/de\/wp-json\/wp\/v2\/product_brand?post=194033"},{"taxonomy":"product_cat","embeddable":true,"href":"https:\/\/moto-oprema.com\/de\/wp-json\/wp\/v2\/product_cat?post=194033"},{"taxonomy":"product_tag","embeddable":true,"href":"https:\/\/moto-oprema.com\/de\/wp-json\/wp\/v2\/product_tag?post=194033"}],"curies":[{"name":"wp","href":"https:\/\/api.w.org\/{rel}","templated":true}]}}