{"id":193287,"date":"2025-12-23T08:36:24","date_gmt":"2025-12-23T08:36:24","guid":{"rendered":"https:\/\/moto-oprema.com\/?post_type=product&#038;p=193287"},"modified":"2025-12-23T08:42:44","modified_gmt":"2025-12-23T08:42:44","slug":"skorpion-exo-491-pirat-rosa-kopija","status":"publish","type":"product","link":"https:\/\/moto-oprema.com\/de\/Artikel\/skorpion-exo-491-pirat-rosa-kopija\/","title":{"rendered":"SKORPION EXO-491 PIRAT ROT"},"content":{"rendered":"<p>Scorpion Exo-491 Integralhelm<\/p>\n<p>Wenn Sie auf der Suche nach einem modernen und innovativen Integralhelm im Einsteigersegment sind, ist der EXO-491 eine gute Wahl. Die bew\u00e4hrte Polycarbonat-Verbundhelmschale und das effiziente RAM-AIR Bel\u00fcftungssystem sorgen f\u00fcr hohe Sicherheit und Komfort. Dar\u00fcber hinaus bieten das hochwertige, herausnehmbare und waschbare KwikWick-Innenfutter und die integrierte Sonnenblende noch mehr Komfort und Funktionalit\u00e4t. All diese Eigenschaften machen den EXO-491 Helm in seiner Preisklasse besonders attraktiv.   <\/p>\n<p>Merkmale:<\/p>\n<ul>\n<li>Schale aus modernstem Polycarbonat-Verbundmaterial: im Windkanal getestet, ger\u00e4uscharm und aerodynamisches Design f\u00fcr maximalen Komfort<\/li>\n<li>Automatische Mikrometer-Kinnklemme f\u00fcr schnelle Freigabe und Feineinstellung<\/li>\n<li>SpeedView\u2122: ein internes, einziehbares Visier, das bei wechselnden Lichtverh\u00e4ltnissen eine sofortige Entlastung der Augen bietet<\/li>\n<li>Pinlock\u00ae Maxvision Prepared (Pinlock Linse nicht enthalten)<\/li>\n<li>RAM-AIR Bel\u00fcftungssystem<\/li>\n<li>Kwikwick\u00ae-Matte: weich, abnehmbar und waschbar<\/li>\n<li>Kwikfit\u2122: geeignet f\u00fcr Brillentr\u00e4ger<\/li>\n<li>Windabweiser: verbesserte Anti-Beschlag-Leistung<\/li>\n<li>Helm: reduziert die Ger\u00e4uschentwicklung<\/li>\n<\/ul>\n<p>Technische Merkmale:<\/p>\n<ul>\n<li>Material: Polycarbonat<\/li>\n<li>Verschluss: gezahnte Schlie\u00dfe<\/li>\n<li>Norm: ECE 22.06<\/li>\n<\/ul>\n<p>Gr\u00f6\u00dfen:<\/p>\n<p>Helmgr\u00f6\u00dfe \/ Kopfumfang:<\/p>\n<ul>\n<li>XXS: 51 cm &#8211; 52 cm<\/li>\n<li>XS: 53 cm &#8211; 54 cm<\/li>\n<li>S: 55 cm &#8211; 56 cm<\/li>\n<li>M: 57 cm &#8211; 58 cm<\/li>\n<li>L: 59 cm &#8211; 60 cm<\/li>\n<li>XL: 61 cm &#8211; 62 cm<\/li>\n<li>XXL: 63 cm &#8211; 64 cm<\/li>\n<\/ul>\n<p>Inhalt:<\/p>\n<p>1 x Scorpion Exo-491 Helm mit klarem Visier<\/p>\n<p>1 x Helmtasche<\/p>\n<p><strong>Der Helm auf dem Bild ist mit einem farbigen Visier ausgestattet, das nur gegen Aufpreis erh\u00e4ltlich ist!<\/strong><\/p>\n<p>&nbsp;<\/p>\n","protected":false},"excerpt":{"rendered":"","protected":false},"featured_media":193233,"comment_status":"open","ping_status":"closed","template":"","meta":{"_acf_changed":false},"brand":[3431],"gender":[2173],"product_brand":[],"product_cat":[1357,1360,1361],"product_tag":[],"class_list":{"0":"post-193287","1":"product","2":"type-product","3":"status-publish","4":"has-post-thumbnail","6":"brand-scorpion-de","7":"gender-unisex-de","8":"product_cat-ausrustung-fur-motorradfahrer","9":"product_cat-helme","10":"product_cat-integral","11":"pa_velikost-st-l-de","12":"pa_velikost-st-m-de","13":"pa_velikost-st-s-de","14":"pa_velikost-st-xl-de","15":"pa_velikost-st-xs-de","16":"pa_velikost-st-xxl-de","17":"pa_velikost-st-xxs-de","18":"pa_velikost-st-xxxl-de","20":"first","21":"instock","22":"taxable","23":"shipping-taxable","24":"purchasable","25":"product-type-variable"},"acf":[],"_links":{"self":[{"href":"https:\/\/moto-oprema.com\/de\/wp-json\/wp\/v2\/product\/193287","targetHints":{"allow":["GET"]}}],"collection":[{"href":"https:\/\/moto-oprema.com\/de\/wp-json\/wp\/v2\/product"}],"about":[{"href":"https:\/\/moto-oprema.com\/de\/wp-json\/wp\/v2\/types\/product"}],"replies":[{"embeddable":true,"href":"https:\/\/moto-oprema.com\/de\/wp-json\/wp\/v2\/comments?post=193287"}],"wp:featuredmedia":[{"embeddable":true,"href":"https:\/\/moto-oprema.com\/de\/wp-json\/wp\/v2\/media\/193233"}],"wp:attachment":[{"href":"https:\/\/moto-oprema.com\/de\/wp-json\/wp\/v2\/media?parent=193287"}],"wp:term":[{"taxonomy":"brand","embeddable":true,"href":"https:\/\/moto-oprema.com\/de\/wp-json\/wp\/v2\/brand?post=193287"},{"taxonomy":"gender","embeddable":true,"href":"https:\/\/moto-oprema.com\/de\/wp-json\/wp\/v2\/gender?post=193287"},{"taxonomy":"product_brand","embeddable":true,"href":"https:\/\/moto-oprema.com\/de\/wp-json\/wp\/v2\/product_brand?post=193287"},{"taxonomy":"product_cat","embeddable":true,"href":"https:\/\/moto-oprema.com\/de\/wp-json\/wp\/v2\/product_cat?post=193287"},{"taxonomy":"product_tag","embeddable":true,"href":"https:\/\/moto-oprema.com\/de\/wp-json\/wp\/v2\/product_tag?post=193287"}],"curies":[{"name":"wp","href":"https:\/\/api.w.org\/{rel}","templated":true}]}}