{"id":191230,"date":"2025-12-19T09:35:51","date_gmt":"2025-12-19T09:35:51","guid":{"rendered":"https:\/\/moto-oprema.com\/?post_type=product&#038;p=191230"},"modified":"2025-12-19T10:54:26","modified_gmt":"2025-12-19T10:54:26","slug":"scorpion-exo-530-air-slope-white-black-red-kopija","status":"publish","type":"product","link":"https:\/\/moto-oprema.com\/de\/Artikel\/scorpion-exo-530-air-slope-white-black-red-kopija\/","title":{"rendered":"SCORPION EXO-530 AIR THERAS MATT BLACK BLUE"},"content":{"rendered":"<p>Scorpion Exo-530 Air Integralhelm<\/p>\n<p>Der EXO-530 Air ist ein sportlicher Reisehelm, der ein aerodynamisches Design, optimierte Bel\u00fcftung und hohen Tragekomfort vereint. Die neu gestaltete Helmschale sorgt f\u00fcr Stabilit\u00e4t bei geringem Gewicht und das AirFit\u2122-System erm\u00f6glicht eine individuelle Anpassung. Die integrierte Sonnenblende und das effiziente Bel\u00fcftungssystem sorgen f\u00fcr Komfort und jederzeit klare Sicht, auch bei hohen Temperaturen. Durchdachte Details und hochwertige Verarbeitung machen den EXO-530 Air zu einem zuverl\u00e4ssigen Begleiter auf jeder Fahrt.   <\/p>\n<p>Merkmale:<\/p>\n<ul>\n<li>AirFit\u2122 System: aufblasbare Wangenpolster f\u00fcr individuelle Gr\u00f6\u00dfenanpassung<\/li>\n<li>Ellip-tec\u00ae II: werkzeugloser Visierwechsel in Sekundenschnelle mit luftdichtem Verschluss<\/li>\n<li>SpeedView\u2122 Sonnenblende: versenkbar, mit Anti-Beschlag-Beschichtung<\/li>\n<li>Pinlock\u00ae MaxVision: reduziert die Unsch\u00e4rfe des Visiers unter den meisten Bedingungen<\/li>\n<li>Aero-abgestimmtes Bel\u00fcftungssystem: optimierte Helmschale f\u00fcr reduzierten Luftwiderstand, verbesserte Balance und gezielte W\u00e4rmeableitung<\/li>\n<li>Kwikwick\u00ae-Innenfutter: herausnehmbar, waschbar, temperaturregulierend<\/li>\n<li>Kwikfit\u2122 Wangenpolster: geeignet f\u00fcr Brillen<\/li>\n<li>Schnellverschluss-System: erm\u00f6glicht das schnelle Abnehmen des Helms im Notfall<\/li>\n<li>Windabweiser: unterst\u00fctzt das Anti-Beschlag-System<\/li>\n<li>Technische Merkmale:<\/li>\n<li>Material: Thermoplast \/ Polycarbonat<\/li>\n<li>Verschluss: gezahnte Schlie\u00dfe<\/li>\n<li>Norm: ECE 22.06<\/li>\n<\/ul>\n<p>Gr\u00f6\u00dfen:<\/p>\n<p>Helmgr\u00f6\u00dfe \/ Kopfumfang:<\/p>\n<ul>\n<li>XXS: 51 cm &#8211; 52 cm<\/li>\n<li>XS: 53 cm &#8211; 54 cm<\/li>\n<li>S: 55 cm &#8211; 56 cm<\/li>\n<li>M: 57 cm &#8211; 58 cm<\/li>\n<li>L: 59 cm &#8211; 60 cm<\/li>\n<li>XL: 61 cm &#8211; 62 cm<\/li>\n<li>XXL: 63 cm &#8211; 64 cm<\/li>\n<li>XXXL: 65 cm &#8211; 66 cm<\/li>\n<\/ul>\n<p>Inhalt:<\/p>\n<p>1 x Scorpion Exo-530 Air Helm<\/p>\n<p>1 x klares Visier (dunkles Visier gegen Aufpreis abgebildet)<\/p>\n<p>1 x Pinlock Linse<\/p>\n<p>1 x Helmtasche<\/p>\n<p>&nbsp;<\/p>\n","protected":false},"excerpt":{"rendered":"","protected":false},"featured_media":191262,"comment_status":"open","ping_status":"closed","template":"","meta":{"_acf_changed":false},"brand":[3431],"gender":[2173],"product_brand":[],"product_cat":[1357,1360,1361],"product_tag":[],"class_list":{"0":"post-191230","1":"product","2":"type-product","3":"status-publish","4":"has-post-thumbnail","6":"brand-scorpion-de","7":"gender-unisex-de","8":"product_cat-ausrustung-fur-motorradfahrer","9":"product_cat-helme","10":"product_cat-integral","11":"pa_velikost-st-l-de","12":"pa_velikost-st-m-de","13":"pa_velikost-st-s-de","14":"pa_velikost-st-xl-de","15":"pa_velikost-st-xs-de","16":"pa_velikost-st-xxl-de","17":"pa_velikost-st-xxs-de","18":"pa_velikost-st-xxxl-de","20":"first","21":"instock","22":"taxable","23":"shipping-taxable","24":"purchasable","25":"product-type-variable"},"acf":[],"_links":{"self":[{"href":"https:\/\/moto-oprema.com\/de\/wp-json\/wp\/v2\/product\/191230","targetHints":{"allow":["GET"]}}],"collection":[{"href":"https:\/\/moto-oprema.com\/de\/wp-json\/wp\/v2\/product"}],"about":[{"href":"https:\/\/moto-oprema.com\/de\/wp-json\/wp\/v2\/types\/product"}],"replies":[{"embeddable":true,"href":"https:\/\/moto-oprema.com\/de\/wp-json\/wp\/v2\/comments?post=191230"}],"wp:featuredmedia":[{"embeddable":true,"href":"https:\/\/moto-oprema.com\/de\/wp-json\/wp\/v2\/media\/191262"}],"wp:attachment":[{"href":"https:\/\/moto-oprema.com\/de\/wp-json\/wp\/v2\/media?parent=191230"}],"wp:term":[{"taxonomy":"brand","embeddable":true,"href":"https:\/\/moto-oprema.com\/de\/wp-json\/wp\/v2\/brand?post=191230"},{"taxonomy":"gender","embeddable":true,"href":"https:\/\/moto-oprema.com\/de\/wp-json\/wp\/v2\/gender?post=191230"},{"taxonomy":"product_brand","embeddable":true,"href":"https:\/\/moto-oprema.com\/de\/wp-json\/wp\/v2\/product_brand?post=191230"},{"taxonomy":"product_cat","embeddable":true,"href":"https:\/\/moto-oprema.com\/de\/wp-json\/wp\/v2\/product_cat?post=191230"},{"taxonomy":"product_tag","embeddable":true,"href":"https:\/\/moto-oprema.com\/de\/wp-json\/wp\/v2\/product_tag?post=191230"}],"curies":[{"name":"wp","href":"https:\/\/api.w.org\/{rel}","templated":true}]}}