{"id":189290,"date":"2025-12-16T09:19:21","date_gmt":"2025-12-16T09:19:21","guid":{"rendered":"https:\/\/moto-oprema.com\/?post_type=product&#038;p=189290"},"modified":"2025-12-16T09:23:46","modified_gmt":"2025-12-16T09:23:46","slug":"skorpion-exo-gt-sp-air-flex-matt-schwarz-silber-kopija","status":"publish","type":"product","link":"https:\/\/moto-oprema.com\/de\/Artikel\/skorpion-exo-gt-sp-air-flex-matt-schwarz-silber-kopija\/","title":{"rendered":"SKORPION EXO-GT SP AIR FLEX WEISS CHAMELEON"},"content":{"rendered":"<p>Skorpion EXO-GT SP Air Integralhelm<\/p>\n<p>Der EXO-GT SP Air Helm bietet revolution\u00e4re Sicherheitsmerkmale dank einer innovativen Schale, die maximale Sto\u00dfd\u00e4mpfung bei minimalem Gewicht bietet. Mit einem einzigartigen asph\u00e4rischen Design auf der Sonnenblende und dem Visier sorgt er f\u00fcr unvergleichliche Sicht und Klarheit. Der Helm bietet au\u00dferdem eine ruhige Fahrt und eine effiziente Bel\u00fcftung f\u00fcr optimalen Komfort. Mit dem Fokus auf Benutzerfreundlichkeit und \u00fcberlegener Qualit\u00e4t setzt der EXO-GT SP Air neue Ma\u00dfst\u00e4be in Bezug auf Sicherheit, Komfort und Benutzerfreundlichkeit.   <\/p>\n<p>Merkmale:<\/p>\n<ul>\n<li>Notausl\u00f6sesystem &#8211; Textilschlaufen erm\u00f6glichen es den Rettungskr\u00e4ften, die Wangenpolster herauszuziehen, wenn der Helm auf dem Kopf sitzt.<\/li>\n<li>Das optische Visier der Klasse 1 bietet trotz unterschiedlicher Dicke eine klare, verzerrungsfreie Sicht, reduziert die Blendwirkung, verbessert die Aerodynamik und verringert die Windger\u00e4usche.<\/li>\n<li>Airfit\u2122: individuelle Anpassung des Helms dank aufblasbarer Wangenpolster.<\/li>\n<li>Ellip-tec II &#8211; werkzeugloser Visierwechsel in Sekunden. Das Visier dr\u00fcckt mit Federkraft gegen die Dichtung, um eine maximale Abdichtung zu gew\u00e4hrleisten. <\/li>\n<li>Das Cool Tech Bel\u00fcftungssystem sorgt f\u00fcr eine effiziente Luftzirkulation durch die internen Kan\u00e4le mit einstellbarer Kinnbel\u00fcftung, zentralem Lufteinlass und Spoilerauslass.<\/li>\n<li>Lite Force Carbon Matrix-Fasern aus 12K-Carbonf\u00e4den bieten \u00fcberlegenen Schutz mit optimaler Energieableitung bei Aufschl\u00e4gen aus jedem Winkel.<\/li>\n<li>Speedview\u2122 Internal Sun Visor &#8211; Versenkbare Sonnenblenden der Klasse 1 mit beidseitiger Anti-Beschlag-Beschichtung.<\/li>\n<li>Pinlock MaxVision &#8211; Das Pinlock MaxVision Visier bietet 100% beschlagfreie Sicht. Die Anti-Beschlag-Linse ist in das ScorpionEXO Visier eingebettet. <\/li>\n<li>Taschen f\u00fcr Bluetooth-Lautsprecher.<\/li>\n<li>Windabweiser &#8211; verbesserter Schutz gegen das Beschlagen des Visiers.<\/li>\n<li>Double D Black Titanium &#8211; exklusiver Doppel-D-Ring aus schwarzem APEX-Titan.<\/li>\n<\/ul>\n<p>Technische Merkmale:<\/p>\n<ul>\n<li>Material: Carbon-Matrix-Faser.<\/li>\n<li>Norm: ECE 22.06.<\/li>\n<li>Verschluss: Doppel-D-Titan-Verschluss.<\/li>\n<\/ul>\n<p>Gr\u00f6\u00dfen:<\/p>\n<p>Helmgr\u00f6\u00dfe\/Kopfumfang:<\/p>\n<ul>\n<li>XS: 53 cm &#8211; 54 cm<\/li>\n<li>S: 55 cm &#8211; 56 cm<\/li>\n<li>M: 57 cm &#8211; 58 cm<\/li>\n<li>L: 59 cm &#8211; 60 cm<\/li>\n<li>XL: 61 cm &#8211; 62 cm<\/li>\n<li>XXL: 63 cm &#8211; 64 cm<\/li>\n<li>XXXL: 65 cm &#8211; 66 cm<\/li>\n<\/ul>\n<p>Inhalt:<\/p>\n<p>1x Scorpion EXO-GT SP Air Arten Integralhelm<\/p>\n<p>1x Skorpion Pinlock MaxVision<\/p>\n<p>1x Skorpion Dark Smoke Visier<\/p>\n<p>1x Helmtasche<\/p>\n<p>&nbsp;<\/p>\n","protected":false},"excerpt":{"rendered":"","protected":false},"featured_media":189146,"comment_status":"open","ping_status":"closed","template":"","meta":{"_acf_changed":false},"brand":[3431],"gender":[2173],"product_brand":[],"product_cat":[1357,1360,1361],"product_tag":[],"class_list":{"0":"post-189290","1":"product","2":"type-product","3":"status-publish","4":"has-post-thumbnail","6":"brand-scorpion-de","7":"gender-unisex-de","8":"product_cat-ausrustung-fur-motorradfahrer","9":"product_cat-helme","10":"product_cat-integral","11":"pa_velikost-st-l-de","12":"pa_velikost-st-m-de","13":"pa_velikost-st-s-de","14":"pa_velikost-st-xl-de","15":"pa_velikost-st-xs-de","16":"pa_velikost-st-xxl-de","18":"first","19":"instock","20":"taxable","21":"shipping-taxable","22":"purchasable","23":"product-type-variable"},"acf":[],"_links":{"self":[{"href":"https:\/\/moto-oprema.com\/de\/wp-json\/wp\/v2\/product\/189290","targetHints":{"allow":["GET"]}}],"collection":[{"href":"https:\/\/moto-oprema.com\/de\/wp-json\/wp\/v2\/product"}],"about":[{"href":"https:\/\/moto-oprema.com\/de\/wp-json\/wp\/v2\/types\/product"}],"replies":[{"embeddable":true,"href":"https:\/\/moto-oprema.com\/de\/wp-json\/wp\/v2\/comments?post=189290"}],"wp:featuredmedia":[{"embeddable":true,"href":"https:\/\/moto-oprema.com\/de\/wp-json\/wp\/v2\/media\/189146"}],"wp:attachment":[{"href":"https:\/\/moto-oprema.com\/de\/wp-json\/wp\/v2\/media?parent=189290"}],"wp:term":[{"taxonomy":"brand","embeddable":true,"href":"https:\/\/moto-oprema.com\/de\/wp-json\/wp\/v2\/brand?post=189290"},{"taxonomy":"gender","embeddable":true,"href":"https:\/\/moto-oprema.com\/de\/wp-json\/wp\/v2\/gender?post=189290"},{"taxonomy":"product_brand","embeddable":true,"href":"https:\/\/moto-oprema.com\/de\/wp-json\/wp\/v2\/product_brand?post=189290"},{"taxonomy":"product_cat","embeddable":true,"href":"https:\/\/moto-oprema.com\/de\/wp-json\/wp\/v2\/product_cat?post=189290"},{"taxonomy":"product_tag","embeddable":true,"href":"https:\/\/moto-oprema.com\/de\/wp-json\/wp\/v2\/product_tag?post=189290"}],"curies":[{"name":"wp","href":"https:\/\/api.w.org\/{rel}","templated":true}]}}