{"id":189008,"date":"2025-12-15T10:56:52","date_gmt":"2025-12-15T10:56:52","guid":{"rendered":"https:\/\/moto-oprema.com\/?post_type=product&#038;p=189008"},"modified":"2025-12-15T11:02:41","modified_gmt":"2025-12-15T11:02:41","slug":"oneal-mtb-helm-sl1-terra-v-26-weiss-kopija","status":"publish","type":"product","link":"https:\/\/moto-oprema.com\/de\/Artikel\/oneal-mtb-helm-sl1-terra-v-26-weiss-kopija\/","title":{"rendered":"ONEAL MTB HELM SL1 TERRA V.26 SAND"},"content":{"rendered":"<p>Entdecken Sie den O&#8217;Neal MTB SL1 Terra Helm &#8211; den perfekten Begleiter f\u00fcr anspruchsvolle Enduro-Fahrten. Dieser leichte, gut bel\u00fcftete Helm mit integriertem Design bietet maximalen Komfort und optimale K\u00fchlung dank gro\u00dfer Bel\u00fcftungsl\u00f6cher mit integrierten L\u00fcftungskan\u00e4len. <\/p>\n<p>Der Helm ist mit innovativen Airflaps\u2122 f\u00fcr noch bessere Bel\u00fcftung kompatibel. F\u00fcr zus\u00e4tzliche Sicherheit verf\u00fcgt der SL1 Terra \u00fcber ein h\u00f6henverstellbares Visier, das mit abbrechbaren Kunststoffschrauben befestigt ist und im Falle eines Sturzes Schutz bietet. Die praktische, in Deutschland entwickelte Fidlock\u00ae Magnetschnalle erm\u00f6glicht ein einfaches \u00d6ffnen und Schlie\u00dfen mit einer Hand &#8211; f\u00fcr maximale Sicherheit beim Fahren.  <\/p>\n<p>Das gepolsterte Innenfutter ist herausnehmbar, schwei\u00dfabsorbierend und waschbar, damit Sie es bequem haben. Das Helmvisier ist ebenfalls h\u00f6henverstellbar, um es an Ihre individuellen Bed\u00fcrfnisse anzupassen. Der Helm erf\u00fcllt die Sicherheitsnorm EN1078 f\u00fcr Fahrradhelme und die ASTM Downhill-Norm und gew\u00e4hrleistet somit h\u00f6chste Sicherheitsstandards.  <\/p>\n<p>Materialzusammensetzung: PC 13,15 %, EPS 37,42 %, NYLON 7,59 %, ALUMINIUM 1,52 %, ABS 17,5<\/p>\n<p>&nbsp;<\/p>\n","protected":false},"excerpt":{"rendered":"<p>Entdecken Sie den O&#8217;Neal MTB SL1 Terra Helm &#8211; den perfekten Begleiter f\u00fcr anspruchsvolle Enduro-Fahrten. Dieser&#8230;<\/p>\n","protected":false},"featured_media":189053,"comment_status":"open","ping_status":"closed","template":"","meta":{"_acf_changed":false},"brand":[2177],"gender":[2173],"product_brand":[],"product_cat":[2075,2203],"product_tag":[],"class_list":{"0":"post-189008","1":"product","2":"type-product","3":"status-publish","4":"has-post-thumbnail","6":"brand-oneal-de","7":"gender-unisex-de","8":"product_cat-mtb-radfahren-ausrustung","9":"product_cat-mtb-helme","10":"pa_size-l-de","11":"pa_size-m-de","12":"pa_size-s-de","13":"pa_size-xl-de","14":"pa_size-xs-de","16":"first","17":"instock","18":"sale","19":"taxable","20":"shipping-taxable","21":"purchasable","22":"product-type-variable"},"acf":[],"_links":{"self":[{"href":"https:\/\/moto-oprema.com\/de\/wp-json\/wp\/v2\/product\/189008","targetHints":{"allow":["GET"]}}],"collection":[{"href":"https:\/\/moto-oprema.com\/de\/wp-json\/wp\/v2\/product"}],"about":[{"href":"https:\/\/moto-oprema.com\/de\/wp-json\/wp\/v2\/types\/product"}],"replies":[{"embeddable":true,"href":"https:\/\/moto-oprema.com\/de\/wp-json\/wp\/v2\/comments?post=189008"}],"wp:featuredmedia":[{"embeddable":true,"href":"https:\/\/moto-oprema.com\/de\/wp-json\/wp\/v2\/media\/189053"}],"wp:attachment":[{"href":"https:\/\/moto-oprema.com\/de\/wp-json\/wp\/v2\/media?parent=189008"}],"wp:term":[{"taxonomy":"brand","embeddable":true,"href":"https:\/\/moto-oprema.com\/de\/wp-json\/wp\/v2\/brand?post=189008"},{"taxonomy":"gender","embeddable":true,"href":"https:\/\/moto-oprema.com\/de\/wp-json\/wp\/v2\/gender?post=189008"},{"taxonomy":"product_brand","embeddable":true,"href":"https:\/\/moto-oprema.com\/de\/wp-json\/wp\/v2\/product_brand?post=189008"},{"taxonomy":"product_cat","embeddable":true,"href":"https:\/\/moto-oprema.com\/de\/wp-json\/wp\/v2\/product_cat?post=189008"},{"taxonomy":"product_tag","embeddable":true,"href":"https:\/\/moto-oprema.com\/de\/wp-json\/wp\/v2\/product_tag?post=189008"}],"curies":[{"name":"wp","href":"https:\/\/api.w.org\/{rel}","templated":true}]}}