{"id":188791,"date":"2025-12-15T08:15:39","date_gmt":"2025-12-15T08:15:39","guid":{"rendered":"https:\/\/moto-oprema.com\/?post_type=product&#038;p=188791"},"modified":"2025-12-15T08:29:00","modified_gmt":"2025-12-15T08:29:00","slug":"alpinestars-tech-air-off-road-airbag-system-rot-kopija-2","status":"publish","type":"product","link":"https:\/\/moto-oprema.com\/de\/Artikel\/alpinestars-tech-air-off-road-airbag-system-rot-kopija-2\/","title":{"rendered":"ALPINESTARS TECH-AIR MX AIRBAG SYSTEM"},"content":{"rendered":"<p>Alpinestars Tech-Air MX Motocross Airbag<\/p>\n<p>Die Alpinestars Tech-Air\u00ae MX Motocross Airbag Weste bietet hochmoderne Schutztechnologie, die speziell f\u00fcr Motocross und Supercross entwickelt wurde. Entwickelt aus jahrzehntelanger Erfahrung in der MotoGP\u2122 und der Rallye Dakar, bietet das System pr\u00e4zisen, schnellen und zuverl\u00e4ssigen Schutz selbst unter h\u00e4rtesten Bedingungen. Kompakt, autonom und in einen leichten Brustprotektor integriert, sch\u00fctzt Tech-Air\u00ae MX den Oberk\u00f6rper und die Schultern, ohne die Bewegungsfreiheit einzuschr\u00e4nken. Vier w\u00e4hlbare Fahrmodi erm\u00f6glichen die Anpassung an verschiedene Gel\u00e4ndedisziplinen und bieten maximale Sicherheit und Vielseitigkeit. Ein intuitives LED-Display und Bluetooth-Konnektivit\u00e4t machen es einfach, das System zu \u00fcberwachen, zu verwalten und die Software \u00fcber die Tech-Air\u00ae App zu aktualisieren.    <\/p>\n<p>Merkmale:<\/p>\n<ul>\n<li>Autonomes Airbagsystem f\u00fcr pr\u00e4zisen und schnellen Schutz<\/li>\n<li>Vier w\u00e4hlbare Fahrmodi f\u00fcr MX, Enduro oder Rallye<\/li>\n<li>Automatische Airbagausl\u00f6sung in ca. 40 ms f\u00fcr sofortige Sto\u00dfd\u00e4mpfung<\/li>\n<li>Kann f\u00fcr maximale Flexibilit\u00e4t \u00fcber oder unter der MX-Ausr\u00fcstung getragen werden<\/li>\n<li>Bluetooth-Verbindung f\u00fcr System\u00fcberwachung und Software-Updates<\/li>\n<li>Integriertes LED-Display mit Ladeanzeige, Systemstatus und Fahrmodi; USB-C-Ladeanschluss<\/li>\n<li>Software-Updates \u00fcber die Tech-Air\u00ae-App<\/li>\n<li>V\u00f6llig autonomes System ohne externe Sensoren<\/li>\n<\/ul>\n<p>Technische Merkmale:<\/p>\n<ul>\n<li>Schutzausr\u00fcstung f\u00fcr Motorradfahrer (EN1621-4:2013)<\/li>\n<li>Nucleon PLASMA R\u00fcckenschutz mit wabenf\u00f6rmiger Bel\u00fcftung (EN1621-2), Stufe 1<\/li>\n<li>Sicherheitsblase zum Schutz wichtiger K\u00f6rperteile: Schultern, Brust und R\u00fccken<\/li>\n<li>ECE R10 04 Zulassung f\u00fcr elektromagnetische Stabilit\u00e4t<\/li>\n<li>Atmungsaktives Stretch-Mesh-Shirt f\u00fcr ergonomische Passform und Bewegungsfreiheit<\/li>\n<li>Herausnehmbare ECU und Sicherheitsblase f\u00fcr einfache Reinigung und Wartung<\/li>\n<li>Betriebstemperaturbereich -10 \u00b0C bis +50 \u00b0C<\/li>\n<\/ul>\n<p>&nbsp;<\/p>\n","protected":false},"excerpt":{"rendered":"","protected":false},"featured_media":188824,"comment_status":"open","ping_status":"closed","template":"","meta":{"_acf_changed":false},"brand":[2111],"gender":[2173],"product_brand":[],"product_cat":[2221,1357,2028,2079,2209],"product_tag":[],"class_list":{"0":"post-188791","1":"product","2":"type-product","3":"status-publish","4":"has-post-thumbnail","6":"brand-alpinestars-de","7":"gender-unisex-de","8":"product_cat-airbags-de","9":"product_cat-ausrustung-fur-motorradfahrer","10":"product_cat-motocross-ausrustung","11":"product_cat-mx-schilder","12":"product_cat-schutzschilde-und-airbags","13":"pa_size-2xl-de","14":"pa_size-l-de","15":"pa_size-m-de","16":"pa_size-s-de","17":"pa_size-xl-de","19":"first","20":"instock","21":"taxable","22":"shipping-taxable","23":"purchasable","24":"product-type-variable"},"acf":[],"_links":{"self":[{"href":"https:\/\/moto-oprema.com\/de\/wp-json\/wp\/v2\/product\/188791","targetHints":{"allow":["GET"]}}],"collection":[{"href":"https:\/\/moto-oprema.com\/de\/wp-json\/wp\/v2\/product"}],"about":[{"href":"https:\/\/moto-oprema.com\/de\/wp-json\/wp\/v2\/types\/product"}],"replies":[{"embeddable":true,"href":"https:\/\/moto-oprema.com\/de\/wp-json\/wp\/v2\/comments?post=188791"}],"wp:featuredmedia":[{"embeddable":true,"href":"https:\/\/moto-oprema.com\/de\/wp-json\/wp\/v2\/media\/188824"}],"wp:attachment":[{"href":"https:\/\/moto-oprema.com\/de\/wp-json\/wp\/v2\/media?parent=188791"}],"wp:term":[{"taxonomy":"brand","embeddable":true,"href":"https:\/\/moto-oprema.com\/de\/wp-json\/wp\/v2\/brand?post=188791"},{"taxonomy":"gender","embeddable":true,"href":"https:\/\/moto-oprema.com\/de\/wp-json\/wp\/v2\/gender?post=188791"},{"taxonomy":"product_brand","embeddable":true,"href":"https:\/\/moto-oprema.com\/de\/wp-json\/wp\/v2\/product_brand?post=188791"},{"taxonomy":"product_cat","embeddable":true,"href":"https:\/\/moto-oprema.com\/de\/wp-json\/wp\/v2\/product_cat?post=188791"},{"taxonomy":"product_tag","embeddable":true,"href":"https:\/\/moto-oprema.com\/de\/wp-json\/wp\/v2\/product_tag?post=188791"}],"curies":[{"name":"wp","href":"https:\/\/api.w.org\/{rel}","templated":true}]}}