{"id":188276,"date":"2025-12-10T10:16:00","date_gmt":"2025-12-10T10:16:00","guid":{"rendered":"https:\/\/moto-oprema.com\/?post_type=product&#038;p=188276"},"modified":"2025-12-10T10:29:48","modified_gmt":"2025-12-10T10:29:48","slug":"alpinestars-mx-jugend-hose-racer-veil-lila-schwarz-25-kopija","status":"publish","type":"product","link":"https:\/\/moto-oprema.com\/de\/Artikel\/alpinestars-mx-jugend-hose-racer-veil-lila-schwarz-25-kopija\/","title":{"rendered":"ALPINESTARS MX KINDER HOSE RACER NOMUR NAVY ORANGE BLAU 25"},"content":{"rendered":"<p>Alpinestars Racer Nomur Kinder Motocross-Hose<\/p>\n<p>Die Racer wurde auf einigen der h\u00e4rtesten Terrains auf der ganzen Welt entwickelt und getestet und ist dank ihrer ergonomischen, vorgeformten Konstruktion und den feuchtigkeitsableitenden, leichten und strapazierf\u00e4higen technischen Materialien ideal f\u00fcr viele Arten von Offroad-Fahrten. Die Racer-Hose wurde entwickelt, um ein optimales Ma\u00df an Komfort und Strapazierf\u00e4higkeit zu bieten, das sowohl von Rennfahrern als auch von Alltagsfahrern ben\u00f6tigt wird. Sie sind in einer Reihe von kr\u00e4ftigen und aggressiven Farbkombinationen erh\u00e4ltlich, die zu den Kids Racer-Klamotten und den Youth &amp; Kids Radar-Handschuhen passen und so f\u00fcr einen kompletten Look sorgen.  <\/p>\n<p>Merkmale:<\/p>\n<ul>\n<li>Die Racer Nomur Hose verf\u00fcgt \u00fcber eine fortschrittliche Mischung aus elastischen Stoffeins\u00e4tzen im Bein- und oberhalb des Kniebereichs f\u00fcr verbesserte Dehnbarkeit und ein neues 2025 600D Polyfabric f\u00fcr noch mehr Strapazierf\u00e4higkeit an Ges\u00e4\u00df und Knien.<\/li>\n<li>Neues ergonomisches Design f\u00fcr optimalen Fahrerkomfort und verbesserte Mobilit\u00e4t.<\/li>\n<li>Innenseite des Knies aus Ziegenleder f\u00fcr ein besseres Fahrgef\u00fchl und verbesserte Hitzebest\u00e4ndigkeit, Grip, Komfort und Haltbarkeit.<\/li>\n<li>Schnalle f\u00fcr einen sicheren und individuellen Sitz.<\/li>\n<li>Ein elastischer Innenbund sorgt daf\u00fcr, dass die Hose an ihrem Platz bleibt.<\/li>\n<\/ul>\n<p>&nbsp;<\/p>\n","protected":false},"excerpt":{"rendered":"<p>Alpinestars Kids Racer Nomur MX Pants Gr\u00f6\u00dfe 18 geeignet f\u00fcr 3-4 Jahre Gr\u00f6\u00dfe 20 geeignet f\u00fcr&#8230;<\/p>\n","protected":false},"featured_media":188324,"comment_status":"open","ping_status":"closed","template":"","meta":{"_acf_changed":false},"brand":[2111],"gender":[],"product_brand":[],"product_cat":[2028,2069,2246],"product_tag":[],"class_list":{"0":"post-188276","1":"product","2":"type-product","3":"status-publish","4":"has-post-thumbnail","6":"brand-alpinestars-de","7":"product_cat-motocross-ausrustung","8":"product_cat-mx-hose","9":"product_cat-mx-hose-de","10":"pa_size-18-de","11":"pa_size-20-de","13":"first","14":"instock","15":"sale","16":"taxable","17":"shipping-taxable","18":"purchasable","19":"product-type-variable"},"acf":[],"_links":{"self":[{"href":"https:\/\/moto-oprema.com\/de\/wp-json\/wp\/v2\/product\/188276","targetHints":{"allow":["GET"]}}],"collection":[{"href":"https:\/\/moto-oprema.com\/de\/wp-json\/wp\/v2\/product"}],"about":[{"href":"https:\/\/moto-oprema.com\/de\/wp-json\/wp\/v2\/types\/product"}],"replies":[{"embeddable":true,"href":"https:\/\/moto-oprema.com\/de\/wp-json\/wp\/v2\/comments?post=188276"}],"wp:featuredmedia":[{"embeddable":true,"href":"https:\/\/moto-oprema.com\/de\/wp-json\/wp\/v2\/media\/188324"}],"wp:attachment":[{"href":"https:\/\/moto-oprema.com\/de\/wp-json\/wp\/v2\/media?parent=188276"}],"wp:term":[{"taxonomy":"brand","embeddable":true,"href":"https:\/\/moto-oprema.com\/de\/wp-json\/wp\/v2\/brand?post=188276"},{"taxonomy":"gender","embeddable":true,"href":"https:\/\/moto-oprema.com\/de\/wp-json\/wp\/v2\/gender?post=188276"},{"taxonomy":"product_brand","embeddable":true,"href":"https:\/\/moto-oprema.com\/de\/wp-json\/wp\/v2\/product_brand?post=188276"},{"taxonomy":"product_cat","embeddable":true,"href":"https:\/\/moto-oprema.com\/de\/wp-json\/wp\/v2\/product_cat?post=188276"},{"taxonomy":"product_tag","embeddable":true,"href":"https:\/\/moto-oprema.com\/de\/wp-json\/wp\/v2\/product_tag?post=188276"}],"curies":[{"name":"wp","href":"https:\/\/api.w.org\/{rel}","templated":true}]}}