{"id":187105,"date":"2025-12-09T10:44:25","date_gmt":"2025-12-09T10:44:25","guid":{"rendered":"https:\/\/moto-oprema.com\/?post_type=product&#038;p=187105"},"modified":"2025-12-09T10:54:21","modified_gmt":"2025-12-09T10:54:21","slug":"spidi-pathfinder-2-cargo-hose-anthrazit-kopija-3","status":"publish","type":"product","link":"https:\/\/moto-oprema.com\/de\/Artikel\/spidi-pathfinder-2-cargo-hose-anthrazit-kopija-3\/","title":{"rendered":"SPIDI PATHFINDER 2 CARGO LADY ANTHRAZIT HOSE"},"content":{"rendered":"<div id=\"tw-source-text-container\" class=\"tw-ta-container tw-nfl\">\n<div id=\"tw-target\">\n<div id=\"kAz1tf\" class=\"g9WsWb\">\n<div id=\"tw-target-text-container\" class=\"tw-ta-container tw-nfl\">\n<p>Die SPIDI Pathfinder 2 Lady ist die zweite Generation der kultigen Pathfinder-Kollektion, der urspr\u00fcnglichen Hose mit Taschen, die speziell f\u00fcr den Einsatz auf Motorr\u00e4dern entwickelt wurde. Sie wurde f\u00fcr Motorradfahrer entwickelt, die den authentischen Stil von Taschenhosen mit der Funktionalit\u00e4t von echter Motorradschutzkleidung kombinieren m\u00f6chten. Sie bietet Vielseitigkeit im Alltag, ohne dass die Sicherheit darunter leidet. <\/p>\n<p>Die Pathfinder 2 Hose ist schlank geschnitten, bleibt aber dank des leicht dehnbaren Baumwoll-\/Cordura\u00ae-Materials, das sich weich anf\u00fchlt und extrem atmungsaktiv ist, sehr bequem &#8211; ideal f\u00fcr Fahrten an warmen Tagen, aber auch f\u00fcr das ganze Jahr geeignet. Der h\u00f6here Bund verbessert den Fahrkomfort weiter, indem er besseren Schutz und Stabilit\u00e4t auf dem Fahrrad bietet. <\/p>\n<p>Sie sind mit herausnehmbaren Warrior Lite Level 2 Knieschonern ausgestattet und die Sicherheit kann durch zus\u00e4tzliche H\u00fcftpolster weiter erh\u00f6ht werden. Die Hose ist Klasse A zertifiziert und die Pathfinder 2 Tech Version ist auch mit Klasse AA Zertifizierung erh\u00e4ltlich. <\/p>\n<p>Herausnehmbare Warrior Lite Polster, zertifiziert nach EN 1621-1 Lev. 2 Knie <\/p>\n<p>Warrior Lite H\u00fcftprotektoren, optional Z180<\/p>\n<p>Pers\u00f6nliche Schutzausr\u00fcstung f\u00fcr Motorradfahrer &#8211; zertifiziert nach EN 17092-4:2020 Klasse A<\/p>\n<p>CE: Schutzausr\u00fcstung f\u00fcr Motorradfahrer gem\u00e4\u00df der Verordnung (EU) 2016\/454.<\/p>\n<p>Warrior Lite Lev.2 optionale H\u00fcftprotektoren &#8211; Z191.<\/p>\n<p>Spec:<\/p>\n<ul>\n<li>Gewicht des Stoffes 13 oz\/m\u00b2<\/li>\n<li>Clip-Hoseng\u00fcrtel<\/li>\n<li>Befestigung mit Karabiner<\/li>\n<li>Durchschnittliches Gewicht 1,0 kg<\/li>\n<li>Schmales Kost\u00fcm<\/li>\n<li>Einstellbare Position der Knieprotektoren<\/li>\n<li>Cordura\u00ae\/Baumwolle<\/li>\n<li>Elastischer Stoff<\/li>\n<li>Hochfestes Cordura\u00ae-Polyamid-Gewebe.<\/li>\n<\/ul>\n<\/div>\n<\/div>\n<\/div>\n<\/div>\n","protected":false},"excerpt":{"rendered":"<p>Spidi Pathfinder 2 Cargo Lady<\/p>\n","protected":false},"featured_media":186415,"comment_status":"open","ping_status":"closed","template":"","meta":{"_acf_changed":false},"brand":[2124],"gender":[2170],"product_brand":[],"product_cat":[1357,2189,2190],"product_tag":[],"class_list":{"0":"post-187105","1":"product","2":"type-product","3":"status-publish","4":"has-post-thumbnail","6":"brand-spidi-de","7":"gender-zenska-de","8":"product_cat-ausrustung-fur-motorradfahrer","9":"product_cat-hose","10":"product_cat-jeans-hosen","11":"pa_size-26-de","12":"pa_size-27-de","13":"pa_size-28-de","14":"pa_size-29-de","15":"pa_size-30-de","16":"pa_size-31-de","17":"pa_size-32-de","18":"pa_size-33-de","19":"pa_size-34-de","21":"first","22":"instock","23":"sale","24":"taxable","25":"shipping-taxable","26":"purchasable","27":"product-type-variable"},"acf":[],"_links":{"self":[{"href":"https:\/\/moto-oprema.com\/de\/wp-json\/wp\/v2\/product\/187105","targetHints":{"allow":["GET"]}}],"collection":[{"href":"https:\/\/moto-oprema.com\/de\/wp-json\/wp\/v2\/product"}],"about":[{"href":"https:\/\/moto-oprema.com\/de\/wp-json\/wp\/v2\/types\/product"}],"replies":[{"embeddable":true,"href":"https:\/\/moto-oprema.com\/de\/wp-json\/wp\/v2\/comments?post=187105"}],"wp:featuredmedia":[{"embeddable":true,"href":"https:\/\/moto-oprema.com\/de\/wp-json\/wp\/v2\/media\/186415"}],"wp:attachment":[{"href":"https:\/\/moto-oprema.com\/de\/wp-json\/wp\/v2\/media?parent=187105"}],"wp:term":[{"taxonomy":"brand","embeddable":true,"href":"https:\/\/moto-oprema.com\/de\/wp-json\/wp\/v2\/brand?post=187105"},{"taxonomy":"gender","embeddable":true,"href":"https:\/\/moto-oprema.com\/de\/wp-json\/wp\/v2\/gender?post=187105"},{"taxonomy":"product_brand","embeddable":true,"href":"https:\/\/moto-oprema.com\/de\/wp-json\/wp\/v2\/product_brand?post=187105"},{"taxonomy":"product_cat","embeddable":true,"href":"https:\/\/moto-oprema.com\/de\/wp-json\/wp\/v2\/product_cat?post=187105"},{"taxonomy":"product_tag","embeddable":true,"href":"https:\/\/moto-oprema.com\/de\/wp-json\/wp\/v2\/product_tag?post=187105"}],"curies":[{"name":"wp","href":"https:\/\/api.w.org\/{rel}","templated":true}]}}