{"id":185426,"date":"2025-12-08T09:26:27","date_gmt":"2025-12-08T09:26:27","guid":{"rendered":"https:\/\/moto-oprema.com\/?post_type=product&#038;p=185426"},"modified":"2025-12-18T10:11:40","modified_gmt":"2025-12-18T10:11:40","slug":"scorpion-exo-1500-carbon-air-mundi-black-red-kopija","status":"publish","type":"product","link":"https:\/\/moto-oprema.com\/de\/Artikel\/scorpion-exo-1500-carbon-air-mundi-black-red-kopija\/","title":{"rendered":"SCORPION EXO-1500 CARBON AIR MUNDI MATT SCHWARZ SILBER"},"content":{"rendered":"<p>Scorpion Exo-1500 Carbon Air Integralhelm<\/p>\n<p>Der Scorpion EXO-1500 Carbon Air ist ein fortschrittlicher Tourenhelm, der sportliche Leistung mit luxuri\u00f6sem Komfort und modernster Sicherheitstechnologie kombiniert. Dank der ultraleichten Carbonschale bietet er maximale Stabilit\u00e4t bei minimalem Gewicht &#8211; ideal f\u00fcr lange Fahrten und anspruchsvolle Tourenmotorradfahrer. Das integrierte AirFit\u2122-System sorgt f\u00fcr eine individuell einstellbare, perfekte Passform, w\u00e4hrend das effiziente Bel\u00fcftungssystem den Kopf auch bei hohen Temperaturen k\u00fchl h\u00e4lt. Mit seinem schlanken Design und seiner herausragenden Aerodynamik ist der EXO-1500 Carbon Air die perfekte Wahl f\u00fcr Motorradfahrer, die Stil, Komfort und ein H\u00f6chstma\u00df an Sicherheit verlangen.   <\/p>\n<p>Merkmale:<\/p>\n<ul>\n<li>Ultra-TCT\u00ae Carbon: ultraleichte Carbonschale f\u00fcr hervorragende Stabilit\u00e4t und geringes Gewicht<\/li>\n<li>AirFit\u2122 System: aufblasbare Wangenpolster f\u00fcr eine individuelle Passform<\/li>\n<li>Ellip-tec\u00ae II Mechanismus: sicherer, werkzeugloser Visierwechsel mit hervorragender Abdichtung<\/li>\n<li>Integriertes SpeedView\u2122 Solarvisier mit Anti-Beschlag-Beschichtung f\u00fcr klare Sicht bei wechselnden Lichtverh\u00e4ltnissen<\/li>\n<li>Pinlock\u00ae MaxVision: reduziert die Unsch\u00e4rfe des Visiers unter den meisten Bedingungen.<\/li>\n<li>Aero Ventilation System: aerodynamisch optimierte Schale zur Reduzierung der Windger\u00e4usche, Verbesserung der Balance, gezielte W\u00e4rme- und Feuchtigkeitsableitung und Erh\u00f6hung der Stabilit\u00e4t bei hohen Geschwindigkeiten.<\/li>\n<li>Kwikwick\u00ae 3 Innenfutter: herausnehmbar, waschbar und temperaturregulierend f\u00fcr angenehme K\u00fchlung an warmen Tagen und W\u00e4rme an kalten Tagen.<\/li>\n<li>Kwikfit\u2122 Wangenpolster: kompatibel mit Brillen f\u00fcr zus\u00e4tzlichen Komfort<\/li>\n<li>Quick-Release-System: erm\u00f6glicht ein schnelles und sicheres Abnehmen des Helms im Notfall<\/li>\n<li>Der Windabweiser unterst\u00fctzt das Anti-Beschlag-System<\/li>\n<\/ul>\n<p>Technische Merkmale:<\/p>\n<ul>\n<li>Material: Kohlefaser<\/li>\n<li>Verschluss: gezahnte Schlie\u00dfe<\/li>\n<li>Norm: ECE 22.06<\/li>\n<\/ul>\n<p>Gr\u00f6\u00dfen:<\/p>\n<p>Helmgr\u00f6\u00dfe \/ Kopfumfang:<\/p>\n<ul>\n<li>XS: 53 cm &#8211; 54 cm<\/li>\n<li>S: 55 cm &#8211; 56 cm<\/li>\n<li>M: 57 cm &#8211; 58 cm<\/li>\n<li>L: 59 cm &#8211; 60 cm<\/li>\n<li>XL: 61 cm &#8211; 62 cm<\/li>\n<li>XXL: 63 cm &#8211; 64 cm<\/li>\n<\/ul>\n<p>Inhalt:<\/p>\n<p>1 x Scorpion Exo-1500 Carbon Air Onyx Helm<\/p>\n<p>1x transparentes Visier<\/p>\n<p>1x Dark Smoke Visier<\/p>\n<p>1 x Pinlock Linse<\/p>\n<p>1 x Helmtasche<\/p>\n<p>&nbsp;<\/p>\n","protected":false},"excerpt":{"rendered":"","protected":false},"featured_media":185354,"comment_status":"open","ping_status":"closed","template":"","meta":{"_acf_changed":false},"brand":[3431],"gender":[2173],"product_brand":[],"product_cat":[1357,1360,1361],"product_tag":[],"class_list":{"0":"post-185426","1":"product","2":"type-product","3":"status-publish","4":"has-post-thumbnail","6":"brand-scorpion-de","7":"gender-unisex-de","8":"product_cat-ausrustung-fur-motorradfahrer","9":"product_cat-helme","10":"product_cat-integral","11":"pa_velikost-st-l-de","12":"pa_velikost-st-m-de","13":"pa_velikost-st-s-de","14":"pa_velikost-st-xl-de","15":"pa_velikost-st-xs-de","16":"pa_velikost-st-xxl-de","18":"first","19":"instock","20":"taxable","21":"shipping-taxable","22":"purchasable","23":"product-type-variable"},"acf":[],"_links":{"self":[{"href":"https:\/\/moto-oprema.com\/de\/wp-json\/wp\/v2\/product\/185426","targetHints":{"allow":["GET"]}}],"collection":[{"href":"https:\/\/moto-oprema.com\/de\/wp-json\/wp\/v2\/product"}],"about":[{"href":"https:\/\/moto-oprema.com\/de\/wp-json\/wp\/v2\/types\/product"}],"replies":[{"embeddable":true,"href":"https:\/\/moto-oprema.com\/de\/wp-json\/wp\/v2\/comments?post=185426"}],"wp:featuredmedia":[{"embeddable":true,"href":"https:\/\/moto-oprema.com\/de\/wp-json\/wp\/v2\/media\/185354"}],"wp:attachment":[{"href":"https:\/\/moto-oprema.com\/de\/wp-json\/wp\/v2\/media?parent=185426"}],"wp:term":[{"taxonomy":"brand","embeddable":true,"href":"https:\/\/moto-oprema.com\/de\/wp-json\/wp\/v2\/brand?post=185426"},{"taxonomy":"gender","embeddable":true,"href":"https:\/\/moto-oprema.com\/de\/wp-json\/wp\/v2\/gender?post=185426"},{"taxonomy":"product_brand","embeddable":true,"href":"https:\/\/moto-oprema.com\/de\/wp-json\/wp\/v2\/product_brand?post=185426"},{"taxonomy":"product_cat","embeddable":true,"href":"https:\/\/moto-oprema.com\/de\/wp-json\/wp\/v2\/product_cat?post=185426"},{"taxonomy":"product_tag","embeddable":true,"href":"https:\/\/moto-oprema.com\/de\/wp-json\/wp\/v2\/product_tag?post=185426"}],"curies":[{"name":"wp","href":"https:\/\/api.w.org\/{rel}","templated":true}]}}