{"id":184745,"date":"2025-12-05T11:12:49","date_gmt":"2025-12-05T11:12:49","guid":{"rendered":"https:\/\/moto-oprema.com\/?post_type=product&#038;p=184745"},"modified":"2025-12-18T09:37:40","modified_gmt":"2025-12-18T09:37:40","slug":"skorpion-exo-1500-air-sleek-schwarz-rot-kopija","status":"publish","type":"product","link":"https:\/\/moto-oprema.com\/de\/Artikel\/skorpion-exo-1500-air-sleek-schwarz-rot-kopija\/","title":{"rendered":"SCORPION EXO-1500 AIR SLEEK WHITE RED BLUE"},"content":{"rendered":"<p>Scorpion Exo-1500 Air Integralhelm<\/p>\n<p>Der EXO 1500 Air kombiniert innovative Technologie mit hohem Komfort und umfassender Sicherheit, ideal f\u00fcr Fahrer, die nichts weniger wollen. Die ultraleichte Ultra-TCT\u00ae-Schale bietet au\u00dfergew\u00f6hnliche Stabilit\u00e4t bei minimalem Gewicht &#8211; ideal f\u00fcr lange Touren oder dynamisches Fahren. Das AirFit\u2122-System erm\u00f6glicht eine individuelle Anpassung, w\u00e4hrend das effizient konzipierte Bel\u00fcftungssystem f\u00fcr einen konstanten Frischluftstrom sorgt, selbst bei hei\u00dfen Bedingungen. Mit seinem modernen Design und der optimierten Aerodynamik ist der EXO 1500 Air die beste Wahl f\u00fcr anspruchsvolle Motorradfahrer.   <\/p>\n<p>Merkmale:<\/p>\n<ul>\n<li>Ultra TCT\u00ae: ultraleichte, energieabsorbierende Helmschale<\/li>\n<li>AirFit\u2122 System: aufblasbare Wangenpolster f\u00fcr optimalen Sitz<\/li>\n<li>Ellip-tec\u00ae II: werkzeugloser Visierwechsel in Sekundenschnelle mit luftdichtem Verschluss<\/li>\n<li>SpeedView\u2122 Solarvisier: einklappbares Solarvisier f\u00fcr wechselnde Lichtverh\u00e4ltnisse<\/li>\n<li>Pinlock\u00ae MaxVision: reduziert die Unsch\u00e4rfe des Visiers unter den meisten Bedingungen<\/li>\n<li>Aero-optimierte Schale: reduziert Windger\u00e4usche, verbessert die Balance und Stabilit\u00e4t bei hoher Geschwindigkeit.<\/li>\n<li>Kwikwick\u00ae 3 Innenfutter: herausnehmbar, waschbar und temperaturregulierend.<\/li>\n<li>Kwikfit\u2122 Wangenpolster: bequem mit Brille zu tragen.<\/li>\n<li>Emergency Release System: erm\u00f6glicht ein schnelles Abnehmen des Helms in einem Notfall.<\/li>\n<li>Breath Deflector: unterst\u00fctzt ein Anti-Beschlag-System.<\/li>\n<\/ul>\n<p>Technische Merkmale:<\/p>\n<ul>\n<li>Material: Verbundfaser<\/li>\n<li>Verschluss: gezahnte Schlie\u00dfe<\/li>\n<li>Norm: ECE 22.06<\/li>\n<\/ul>\n<p>Gr\u00f6\u00dfen:<\/p>\n<p>Helmgr\u00f6\u00dfe \/ Kopfumfang:<\/p>\n<ul>\n<li>XS: 53 cm &#8211; 54 cm<\/li>\n<li>S: 55 cm &#8211; 56 cm<\/li>\n<li>M: 57 cm &#8211; 58 cm<\/li>\n<li>L: 59 cm &#8211; 60 cm<\/li>\n<li>XL: 61 cm &#8211; 62 cm<\/li>\n<li>XXL: 63 cm &#8211; 64 cm<\/li>\n<\/ul>\n<p>Inhalt:<\/p>\n<ul>\n<li>1 x Skorpion Exo-1500 Luft<\/li>\n<li>1 x Helmtasche<\/li>\n<\/ul>\n<p><strong>Farbiges Visier gegen Aufpreis abgebildet. Helm wird mit klarem Visier geliefert! <\/strong><\/p>\n","protected":false},"excerpt":{"rendered":"","protected":false},"featured_media":184769,"comment_status":"open","ping_status":"closed","template":"","meta":{"_acf_changed":false},"brand":[3431],"gender":[2173],"product_brand":[],"product_cat":[1357,1360,1361],"product_tag":[],"class_list":{"0":"post-184745","1":"product","2":"type-product","3":"status-publish","4":"has-post-thumbnail","6":"brand-scorpion-de","7":"gender-unisex-de","8":"product_cat-ausrustung-fur-motorradfahrer","9":"product_cat-helme","10":"product_cat-integral","11":"pa_velikost-st-l-de","12":"pa_velikost-st-m-de","13":"pa_velikost-st-s-de","14":"pa_velikost-st-xl-de","15":"pa_velikost-st-xs-de","16":"pa_velikost-st-xxl-de","18":"first","19":"instock","20":"taxable","21":"shipping-taxable","22":"purchasable","23":"product-type-variable"},"acf":[],"_links":{"self":[{"href":"https:\/\/moto-oprema.com\/de\/wp-json\/wp\/v2\/product\/184745","targetHints":{"allow":["GET"]}}],"collection":[{"href":"https:\/\/moto-oprema.com\/de\/wp-json\/wp\/v2\/product"}],"about":[{"href":"https:\/\/moto-oprema.com\/de\/wp-json\/wp\/v2\/types\/product"}],"replies":[{"embeddable":true,"href":"https:\/\/moto-oprema.com\/de\/wp-json\/wp\/v2\/comments?post=184745"}],"wp:featuredmedia":[{"embeddable":true,"href":"https:\/\/moto-oprema.com\/de\/wp-json\/wp\/v2\/media\/184769"}],"wp:attachment":[{"href":"https:\/\/moto-oprema.com\/de\/wp-json\/wp\/v2\/media?parent=184745"}],"wp:term":[{"taxonomy":"brand","embeddable":true,"href":"https:\/\/moto-oprema.com\/de\/wp-json\/wp\/v2\/brand?post=184745"},{"taxonomy":"gender","embeddable":true,"href":"https:\/\/moto-oprema.com\/de\/wp-json\/wp\/v2\/gender?post=184745"},{"taxonomy":"product_brand","embeddable":true,"href":"https:\/\/moto-oprema.com\/de\/wp-json\/wp\/v2\/product_brand?post=184745"},{"taxonomy":"product_cat","embeddable":true,"href":"https:\/\/moto-oprema.com\/de\/wp-json\/wp\/v2\/product_cat?post=184745"},{"taxonomy":"product_tag","embeddable":true,"href":"https:\/\/moto-oprema.com\/de\/wp-json\/wp\/v2\/product_tag?post=184745"}],"curies":[{"name":"wp","href":"https:\/\/api.w.org\/{rel}","templated":true}]}}