{"id":182783,"date":"2025-12-02T09:46:45","date_gmt":"2025-12-02T09:46:45","guid":{"rendered":"https:\/\/moto-oprema.com\/?post_type=product&#038;p=182783"},"modified":"2025-12-02T09:56:13","modified_gmt":"2025-12-02T09:56:13","slug":"alpinestars-stella-tech-3-schwarz-weiss-kopija","status":"publish","type":"product","link":"https:\/\/moto-oprema.com\/de\/Artikel\/alpinestars-stella-tech-3-schwarz-weiss-kopija\/","title":{"rendered":"ALPINESTARS STELLA TECH 3 SCHWARZ WEISS ROSA"},"content":{"rendered":"<p>Die Alpinestars Stella Tech 3 Motocross-Stiefel wurden speziell f\u00fcr Fahrerinnen entwickelt. Trotz der Anpassungen bieten sie denselben Schutz und Komfort wie die Herrenmodelle. <\/p>\n<p>Merkmale:<\/p>\n<ul>\n<li>Niedrigere Gesamth\u00f6he f\u00fcr Frauen<\/li>\n<li>Der Wadenumfang ist an die Form des weiblichen Unterschenkels angepasst<\/li>\n<li>Die Kn\u00f6chelpolsterung wurde speziell f\u00fcr die aggressivere Verj\u00fcngung der weiblichen Kn\u00f6chel entwickelt.<\/li>\n<li>Strapazierf\u00e4higes Obermaterial aus Vollnarbenleder mit neuem Polygewebefutter und offenzelligem Schaumstoff<\/li>\n<li>Die innere, mediale Seite des Stiefels wurde speziell f\u00fcr die Kontrolle entwickelt und besteht aus einem dicken und breiten, gepr\u00e4gten Wildlederoberteil und einem PU-Schutzunterteil, das f\u00fcr einen ausgezeichneten Kontakt und Halt auf dem Motorrad sorgt und gleichzeitig vor Hitze sch\u00fctzt.<\/li>\n<li>Patentierter Kn\u00f6chel<\/li>\n<\/ul>\n","protected":false},"excerpt":{"rendered":"<p>Die Alpinestars Stella Tech 3 Motocross-Stiefel wurden speziell f\u00fcr Fahrerinnen entwickelt. Trotz der Anpassungen bieten sie&#8230;<\/p>\n","protected":false},"featured_media":182828,"comment_status":"open","ping_status":"closed","template":"","meta":{"_acf_changed":false},"brand":[2111],"gender":[2170],"product_brand":[],"product_cat":[2028,2244],"product_tag":[],"class_list":{"0":"post-182783","1":"product","2":"type-product","3":"status-publish","4":"has-post-thumbnail","6":"brand-alpinestars-de","7":"gender-zenska-de","8":"product_cat-motocross-ausrustung","9":"product_cat-mx-stiefel","10":"pa_velikost-st-637-de","11":"pa_velikost-st-738-de","12":"pa_velikost-st-839-de","13":"pa_velikost-st-941-de","15":"first","16":"instock","17":"sale","18":"taxable","19":"shipping-taxable","20":"purchasable","21":"product-type-variable"},"acf":[],"_links":{"self":[{"href":"https:\/\/moto-oprema.com\/de\/wp-json\/wp\/v2\/product\/182783","targetHints":{"allow":["GET"]}}],"collection":[{"href":"https:\/\/moto-oprema.com\/de\/wp-json\/wp\/v2\/product"}],"about":[{"href":"https:\/\/moto-oprema.com\/de\/wp-json\/wp\/v2\/types\/product"}],"replies":[{"embeddable":true,"href":"https:\/\/moto-oprema.com\/de\/wp-json\/wp\/v2\/comments?post=182783"}],"wp:featuredmedia":[{"embeddable":true,"href":"https:\/\/moto-oprema.com\/de\/wp-json\/wp\/v2\/media\/182828"}],"wp:attachment":[{"href":"https:\/\/moto-oprema.com\/de\/wp-json\/wp\/v2\/media?parent=182783"}],"wp:term":[{"taxonomy":"brand","embeddable":true,"href":"https:\/\/moto-oprema.com\/de\/wp-json\/wp\/v2\/brand?post=182783"},{"taxonomy":"gender","embeddable":true,"href":"https:\/\/moto-oprema.com\/de\/wp-json\/wp\/v2\/gender?post=182783"},{"taxonomy":"product_brand","embeddable":true,"href":"https:\/\/moto-oprema.com\/de\/wp-json\/wp\/v2\/product_brand?post=182783"},{"taxonomy":"product_cat","embeddable":true,"href":"https:\/\/moto-oprema.com\/de\/wp-json\/wp\/v2\/product_cat?post=182783"},{"taxonomy":"product_tag","embeddable":true,"href":"https:\/\/moto-oprema.com\/de\/wp-json\/wp\/v2\/product_tag?post=182783"}],"curies":[{"name":"wp","href":"https:\/\/api.w.org\/{rel}","templated":true}]}}