{"id":181328,"date":"2025-11-27T10:27:12","date_gmt":"2025-11-27T10:27:12","guid":{"rendered":"https:\/\/moto-oprema.com\/?post_type=product&#038;p=181328"},"modified":"2025-11-27T10:27:14","modified_gmt":"2025-11-27T10:27:14","slug":"alpinestars-halsrohr-mm93-schwarz-leuchtend-rot-weiss","status":"publish","type":"product","link":"https:\/\/moto-oprema.com\/de\/Artikel\/alpinestars-halsrohr-mm93-schwarz-leuchtend-rot-weiss\/","title":{"rendered":"ALPINESTARS HALSROHR MM93 SCHWARZ LEUCHTEND ROT WEISS"},"content":{"rendered":"<p>MM93 Kollektion<\/p>\n<p>Ein leichtes Halsband, das f\u00fcr den Sommer und das Fr\u00fchjahr entwickelt wurde. Das d\u00fcnne Material sch\u00fctzt vor Wind, w\u00e4hrend das &#8222;seidige&#8220; Gef\u00fchl einen hohen Komfort f\u00fcr den Reiter gew\u00e4hrleistet. <\/p>\n<p>&nbsp;<\/p>\n<p>&nbsp;<\/p>\n","protected":false},"excerpt":{"rendered":"<p>MM93 Kollektion Ein leichtes Halsband, das f\u00fcr den Sommer und das Fr\u00fchjahr entwickelt wurde. Das d\u00fcnne&#8230;<\/p>\n","protected":false},"featured_media":181325,"comment_status":"open","ping_status":"closed","template":"","meta":{"_acf_changed":false},"brand":[2111],"gender":[2173],"product_brand":[],"product_cat":[1357,2208,2212],"product_tag":[],"class_list":{"0":"post-181328","1":"product","2":"type-product","3":"status-publish","4":"has-post-thumbnail","6":"brand-alpinestars-de","7":"gender-unisex-de","8":"product_cat-ausrustung-fur-motorradfahrer","9":"product_cat-funktionskleidung-und-unterwasche","10":"product_cat-unterkappen","12":"first","13":"instock","14":"sale","15":"taxable","16":"shipping-taxable","17":"purchasable","18":"product-type-simple"},"acf":[],"_links":{"self":[{"href":"https:\/\/moto-oprema.com\/de\/wp-json\/wp\/v2\/product\/181328","targetHints":{"allow":["GET"]}}],"collection":[{"href":"https:\/\/moto-oprema.com\/de\/wp-json\/wp\/v2\/product"}],"about":[{"href":"https:\/\/moto-oprema.com\/de\/wp-json\/wp\/v2\/types\/product"}],"replies":[{"embeddable":true,"href":"https:\/\/moto-oprema.com\/de\/wp-json\/wp\/v2\/comments?post=181328"}],"wp:featuredmedia":[{"embeddable":true,"href":"https:\/\/moto-oprema.com\/de\/wp-json\/wp\/v2\/media\/181325"}],"wp:attachment":[{"href":"https:\/\/moto-oprema.com\/de\/wp-json\/wp\/v2\/media?parent=181328"}],"wp:term":[{"taxonomy":"brand","embeddable":true,"href":"https:\/\/moto-oprema.com\/de\/wp-json\/wp\/v2\/brand?post=181328"},{"taxonomy":"gender","embeddable":true,"href":"https:\/\/moto-oprema.com\/de\/wp-json\/wp\/v2\/gender?post=181328"},{"taxonomy":"product_brand","embeddable":true,"href":"https:\/\/moto-oprema.com\/de\/wp-json\/wp\/v2\/product_brand?post=181328"},{"taxonomy":"product_cat","embeddable":true,"href":"https:\/\/moto-oprema.com\/de\/wp-json\/wp\/v2\/product_cat?post=181328"},{"taxonomy":"product_tag","embeddable":true,"href":"https:\/\/moto-oprema.com\/de\/wp-json\/wp\/v2\/product_tag?post=181328"}],"curies":[{"name":"wp","href":"https:\/\/api.w.org\/{rel}","templated":true}]}}