{"id":181299,"date":"2025-11-26T10:34:54","date_gmt":"2025-11-26T10:34:54","guid":{"rendered":"https:\/\/moto-oprema.com\/?post_type=product&#038;p=181299"},"modified":"2025-11-26T10:34:55","modified_gmt":"2025-11-26T10:34:55","slug":"fox-180-mx-mtb-handschuhe-kairos-grun","status":"publish","type":"product","link":"https:\/\/moto-oprema.com\/de\/Artikel\/fox-180-mx-mtb-handschuhe-kairos-grun\/","title":{"rendered":"FOX 180 MX MTB HANDSCHUHE KAIROS GR\u00dcN"},"content":{"rendered":"<p>Wenn es um Handschuhe geht, sind Komfort und Passform das A und O. Die FOX 180 Kairos Handschuhe bieten dank der geformten Stulpe mit Klettverschluss einen sicheren Sitz. Sie sind aus robusten Materialien f\u00fcr zuverl\u00e4ssige Leistung gefertigt und verf\u00fcgen \u00fcber eine Clarino\u2122-Handfl\u00e4che, die hervorragenden Grip am Lenker bietet &#8211; f\u00fcr pr\u00e4zise Kontrolle und hohen Komfort unterwegs. Elastische Mesh-Eins\u00e4tze zwischen den Fingern lassen Luft durch den Handschuh str\u00f6men und sorgen f\u00fcr K\u00fchlung, Flexibilit\u00e4t und Beweglichkeit, w\u00e4hrend gepolsterte Handfl\u00e4chen und Daumenbes\u00e4tze f\u00fcr zus\u00e4tzlichen Komfort und erh\u00f6hte Haltbarkeit sorgen.   <\/p>\n<p>&#8211; Geformte Neoprenmanschette mit Klettverschluss f\u00fcr sicheren Halt<br \/>\n&#8211; Clarino\u2122 verst\u00e4rktes, einlagiges, leitf\u00e4higes Haar ist kompatibel mit Touchscreens<br \/>\n&#8211; Strapazierf\u00e4higes Nylon auf der Handoberseite<br \/>\n&#8211; Stretch-Mesh-Eins\u00e4tze zwischen den Fingern erh\u00f6hen die Atmungsaktivit\u00e4t und Flexibilit\u00e4t der Finger<br \/>\n&#8211; Silikonaufdruck auf den Fingerspitzen f\u00fcr einen griffigen Griff<\/p>\n","protected":false},"excerpt":{"rendered":"<p>Wenn es um Handschuhe geht, sind Komfort und Passform das A und O. Die FOX 180&#8230;<\/p>\n","protected":false},"featured_media":181276,"comment_status":"open","ping_status":"closed","template":"","meta":{"_acf_changed":false},"brand":[2115],"gender":[2173],"product_brand":[],"product_cat":[2028,2075,2294,2070],"product_tag":[],"class_list":{"0":"post-181299","1":"product","2":"type-product","3":"status-publish","4":"has-post-thumbnail","6":"brand-fox-de","7":"gender-unisex-de","8":"product_cat-motocross-ausrustung","9":"product_cat-mtb-radfahren-ausrustung","10":"product_cat-mtb-handschuhe","11":"product_cat-mx-handschuhe","12":"pa_velikost-st-l-de","13":"pa_velikost-st-m-de","14":"pa_velikost-st-s-de","15":"pa_velikost-st-xl-de","17":"first","18":"instock","19":"taxable","20":"shipping-taxable","21":"purchasable","22":"product-type-variable"},"acf":[],"_links":{"self":[{"href":"https:\/\/moto-oprema.com\/de\/wp-json\/wp\/v2\/product\/181299","targetHints":{"allow":["GET"]}}],"collection":[{"href":"https:\/\/moto-oprema.com\/de\/wp-json\/wp\/v2\/product"}],"about":[{"href":"https:\/\/moto-oprema.com\/de\/wp-json\/wp\/v2\/types\/product"}],"replies":[{"embeddable":true,"href":"https:\/\/moto-oprema.com\/de\/wp-json\/wp\/v2\/comments?post=181299"}],"wp:featuredmedia":[{"embeddable":true,"href":"https:\/\/moto-oprema.com\/de\/wp-json\/wp\/v2\/media\/181276"}],"wp:attachment":[{"href":"https:\/\/moto-oprema.com\/de\/wp-json\/wp\/v2\/media?parent=181299"}],"wp:term":[{"taxonomy":"brand","embeddable":true,"href":"https:\/\/moto-oprema.com\/de\/wp-json\/wp\/v2\/brand?post=181299"},{"taxonomy":"gender","embeddable":true,"href":"https:\/\/moto-oprema.com\/de\/wp-json\/wp\/v2\/gender?post=181299"},{"taxonomy":"product_brand","embeddable":true,"href":"https:\/\/moto-oprema.com\/de\/wp-json\/wp\/v2\/product_brand?post=181299"},{"taxonomy":"product_cat","embeddable":true,"href":"https:\/\/moto-oprema.com\/de\/wp-json\/wp\/v2\/product_cat?post=181299"},{"taxonomy":"product_tag","embeddable":true,"href":"https:\/\/moto-oprema.com\/de\/wp-json\/wp\/v2\/product_tag?post=181299"}],"curies":[{"name":"wp","href":"https:\/\/api.w.org\/{rel}","templated":true}]}}