{"id":181197,"date":"2025-11-26T09:00:10","date_gmt":"2025-11-26T09:00:10","guid":{"rendered":"https:\/\/moto-oprema.com\/?post_type=product&#038;p=181197"},"modified":"2025-11-26T09:29:19","modified_gmt":"2025-11-26T09:29:19","slug":"fox-enduro-ranger-air-trikot-schwarz-kopija","status":"publish","type":"product","link":"https:\/\/moto-oprema.com\/de\/Artikel\/fox-enduro-ranger-air-trikot-schwarz-kopija\/","title":{"rendered":"FOX RANGER KAIROS TRIKOT GR\u00dcN"},"content":{"rendered":"<p>Entdecken Sie das vielseitige FOX Ranger Kairos MTB-Trikot &#8211; Ihr perfekter Begleiter f\u00fcr jedes MTB-Abenteuer!<\/p>\n<p>Mit einem aktualisierten, sportlichen Schnitt und elastischen Materialien bietet es maximale Bewegungsfreiheit und Komfort. Das feuchtigkeitsableitende Polyester-Mesh sorgt daf\u00fcr, dass Sie trocken bleiben und sich auch auf intensiven Trails frisch f\u00fchlen. Der verl\u00e4ngerte R\u00fcckensaum bietet zus\u00e4tzliche Abdeckung w\u00e4hrend Ihrer Fahrt, damit Sie sich ganz auf Ihre Fahrt konzentrieren k\u00f6nnen.  <\/p>\n<p>Dieses Trikot wurde nachhaltig aus 100 % recyceltem Polyester hergestellt und verbindet Leistung mit Umweltbewusstsein. Ideal f\u00fcr alle, die auf den Wegen und Pfaden unterwegs sind! <\/p>\n<p>&nbsp;<\/p>\n","protected":false},"excerpt":{"rendered":"<p>Entdecken Sie das vielseitige FOX Ranger Kairos MTB-Trikot &#8211; Ihr perfekter Begleiter f\u00fcr jedes MTB-Abenteuer! Mit&#8230;<\/p>\n","protected":false},"featured_media":181226,"comment_status":"open","ping_status":"closed","template":"","meta":{"_acf_changed":false},"brand":[2115],"gender":[2168],"product_brand":[],"product_cat":[2075,2663],"product_tag":[],"class_list":{"0":"post-181197","1":"product","2":"type-product","3":"status-publish","4":"has-post-thumbnail","6":"brand-fox-de","7":"gender-moski-de","8":"product_cat-mtb-radfahren-ausrustung","9":"product_cat-mtb-dresi-de","10":"pa_size-2xl-de","11":"pa_size-l-de","12":"pa_size-m-de","13":"pa_size-s-de","14":"pa_size-xl-de","16":"first","17":"instock","18":"taxable","19":"shipping-taxable","20":"purchasable","21":"product-type-variable"},"acf":[],"_links":{"self":[{"href":"https:\/\/moto-oprema.com\/de\/wp-json\/wp\/v2\/product\/181197","targetHints":{"allow":["GET"]}}],"collection":[{"href":"https:\/\/moto-oprema.com\/de\/wp-json\/wp\/v2\/product"}],"about":[{"href":"https:\/\/moto-oprema.com\/de\/wp-json\/wp\/v2\/types\/product"}],"replies":[{"embeddable":true,"href":"https:\/\/moto-oprema.com\/de\/wp-json\/wp\/v2\/comments?post=181197"}],"wp:featuredmedia":[{"embeddable":true,"href":"https:\/\/moto-oprema.com\/de\/wp-json\/wp\/v2\/media\/181226"}],"wp:attachment":[{"href":"https:\/\/moto-oprema.com\/de\/wp-json\/wp\/v2\/media?parent=181197"}],"wp:term":[{"taxonomy":"brand","embeddable":true,"href":"https:\/\/moto-oprema.com\/de\/wp-json\/wp\/v2\/brand?post=181197"},{"taxonomy":"gender","embeddable":true,"href":"https:\/\/moto-oprema.com\/de\/wp-json\/wp\/v2\/gender?post=181197"},{"taxonomy":"product_brand","embeddable":true,"href":"https:\/\/moto-oprema.com\/de\/wp-json\/wp\/v2\/product_brand?post=181197"},{"taxonomy":"product_cat","embeddable":true,"href":"https:\/\/moto-oprema.com\/de\/wp-json\/wp\/v2\/product_cat?post=181197"},{"taxonomy":"product_tag","embeddable":true,"href":"https:\/\/moto-oprema.com\/de\/wp-json\/wp\/v2\/product_tag?post=181197"}],"curies":[{"name":"wp","href":"https:\/\/api.w.org\/{rel}","templated":true}]}}