{"id":180335,"date":"2025-11-21T10:48:22","date_gmt":"2025-11-21T10:48:22","guid":{"rendered":"https:\/\/moto-oprema.com\/?post_type=product&#038;p=180335"},"modified":"2025-11-21T11:11:17","modified_gmt":"2025-11-21T11:11:17","slug":"gaerne-sg12-mx-stiefel-weiss-kopija","status":"publish","type":"product","link":"https:\/\/moto-oprema.com\/de\/Artikel\/gaerne-sg12-mx-stiefel-weiss-kopija\/","title":{"rendered":"GAERNE SG12 MX STIEFEL GR\u00dcN"},"content":{"rendered":"<p><strong>Der Gaerne SG12 ist der ultimative Motocross-Schuh<\/strong>.<\/p>\n<p>Um eine \u00dcberdehnung oder Kompression zu verhindern, bietet das DSPS (Dual Stage Pivot System) einen sehr guten Seitenhalt. Das Schienbeinpolster ist aus spritzgegossenem PU und die Ferse bietet besseren Schutz und Komfort. Der Zehenbereich ist so geformt, dass Sie beim Gangwechsel immer ein gutes Gef\u00fchl haben. Vier leichte und austauschbare Schnallen sorgen f\u00fcr eine optimale Passform. Der Klettverschluss am oberen Ende des Schuhs sorgt f\u00fcr einen sicheren Sitz. Die hitzebest\u00e4ndige Polsterung auf der Innenseite tr\u00e4gt ebenfalls zu einem guten Sitz bei. Die Vorderseite des SG12-Stiefels ist f\u00fcr eine gute Bel\u00fcftung ausgelegt und f\u00f6rdert die Luftzirkulation im Inneren. Die robuste Gaerne Goodyear Welted Laufsohle sorgt f\u00fcr eine langlebige Sohlenstruktur.       <\/p>\n<p>Der SG12 ist CE-zertifiziert gem\u00e4\u00df EN 13634:2017 und der EU-Verordnung 2016\/425.<\/p>\n","protected":false},"excerpt":{"rendered":"","protected":false},"featured_media":180391,"comment_status":"open","ping_status":"closed","template":"","meta":{"_acf_changed":false},"brand":[2339],"gender":[2168],"product_brand":[],"product_cat":[2028,2244],"product_tag":[],"class_list":{"0":"post-180335","1":"product","2":"type-product","3":"status-publish","4":"has-post-thumbnail","6":"brand-gaerne-de","7":"gender-moski-de","8":"product_cat-motocross-ausrustung","9":"product_cat-mx-stiefel","10":"pa_size-42-de","11":"pa_size-43-de","12":"pa_size-44-de","13":"pa_size-45-de","14":"pa_size-46-de","16":"first","17":"instock","18":"sale","19":"taxable","20":"shipping-taxable","21":"purchasable","22":"product-type-variable"},"acf":[],"_links":{"self":[{"href":"https:\/\/moto-oprema.com\/de\/wp-json\/wp\/v2\/product\/180335","targetHints":{"allow":["GET"]}}],"collection":[{"href":"https:\/\/moto-oprema.com\/de\/wp-json\/wp\/v2\/product"}],"about":[{"href":"https:\/\/moto-oprema.com\/de\/wp-json\/wp\/v2\/types\/product"}],"replies":[{"embeddable":true,"href":"https:\/\/moto-oprema.com\/de\/wp-json\/wp\/v2\/comments?post=180335"}],"wp:featuredmedia":[{"embeddable":true,"href":"https:\/\/moto-oprema.com\/de\/wp-json\/wp\/v2\/media\/180391"}],"wp:attachment":[{"href":"https:\/\/moto-oprema.com\/de\/wp-json\/wp\/v2\/media?parent=180335"}],"wp:term":[{"taxonomy":"brand","embeddable":true,"href":"https:\/\/moto-oprema.com\/de\/wp-json\/wp\/v2\/brand?post=180335"},{"taxonomy":"gender","embeddable":true,"href":"https:\/\/moto-oprema.com\/de\/wp-json\/wp\/v2\/gender?post=180335"},{"taxonomy":"product_brand","embeddable":true,"href":"https:\/\/moto-oprema.com\/de\/wp-json\/wp\/v2\/product_brand?post=180335"},{"taxonomy":"product_cat","embeddable":true,"href":"https:\/\/moto-oprema.com\/de\/wp-json\/wp\/v2\/product_cat?post=180335"},{"taxonomy":"product_tag","embeddable":true,"href":"https:\/\/moto-oprema.com\/de\/wp-json\/wp\/v2\/product_tag?post=180335"}],"curies":[{"name":"wp","href":"https:\/\/api.w.org\/{rel}","templated":true}]}}