{"id":179129,"date":"2025-11-19T09:51:05","date_gmt":"2025-11-19T09:51:05","guid":{"rendered":"https:\/\/moto-oprema.com\/?post_type=product&#038;p=179129"},"modified":"2025-11-19T10:01:57","modified_gmt":"2025-11-19T10:01:57","slug":"shoei-x-spr-pro-crosslogo-tc-5-kopija","status":"publish","type":"product","link":"https:\/\/moto-oprema.com\/de\/Artikel\/shoei-x-spr-pro-crosslogo-tc-5-kopija\/","title":{"rendered":"SHOEI X-SPR PRO VALION TC-1"},"content":{"rendered":"<p>Professioneller Rennhelm<\/p>\n<p>Dreihundertf\u00fcnfzig Kilometer pro Stunde.<br \/>\nBei dieser Geschwindigkeit, bei der die Flugzeuge l\u00e4ngst abgehoben haben, wird die Zielgerade f\u00fcr MotoGP-Piloten zu einer engen Linie.<br \/>\nAber der SHOEI X-SPR Pro ist genau f\u00fcr diese Grenzsituationen gebaut. Mit einem kompromisslosen Design, einer aerodynamischen Form f\u00fcr maximale Stabilit\u00e4t und einem Bel\u00fcftungssystem, das den Luftstrom radikal auf maximale Frischluftzufuhr ausrichtet, verschafft Ihnen dieser Helm einen entscheidenden Vorteil auf der Rennstrecke. <\/p>\n<p>SAFETY<br \/>\nEine 6-lagige Zusammensetzung aus Glasfasern, organischen Fasern und Hochleistungsfasermaterialien bildet die Grundlage der AIM+ (Advanced Integrated Matrix Plus) Au\u00dfenschale des SHOEI X-SPR Pro. Zusammen mit einem Polystyrol-Kernsystem, das sich aus mehreren unterschiedlich absorbierenden Elementen zusammensetzt, bietet diese Au\u00dfenschale einen optimalen Aufprallschutz bei einem sehr geringen Gesamtgewicht f\u00fcr einen nach der neuen ECE-R 22.06 Pr\u00fcfnorm zugelassenen Helm.<br \/>\nMit der FIM-Homologation ist der SHOEI X-SPR Pro bereit f\u00fcr den Einsatz im Rennsport.<br \/>\nDer Kinnriemen mit Doppel-D-Schnalle ist leicht verstellbar und h\u00e4lt den Helm sicher an seinem Platz.<br \/>\nDas EQRS (Emergency Quick Release System) erleichtert im Notfall das Entfernen der Wangenpolster, so dass der Helm sanft abgenommen werden kann. <\/p>\n<p>Tragekomfort<br \/>\nMit 4 verschiedenen Au\u00dfenschalengr\u00f6\u00dfen (XS-S | M | L | XL-XXL) bietet der SHOEI X-SPR Pro die perfekte Balance zwischen Gr\u00f6\u00dfe und Gewicht des Helms und der Kopfgr\u00f6\u00dfe des Tr\u00e4gers in allen Helmgr\u00f6\u00dfen.<br \/>\nSeine modulare Kopfpolsterung mit integrierten Taschen l\u00e4sst sich einfach und pr\u00e4zise an individuelle Kopfformen und Bed\u00fcrfnisse anpassen. Einsteckbare Polster sorgen f\u00fcr eine perfekte Passgenauigkeit, maximale Stabilit\u00e4t und zuverl\u00e4ssigen Schutz.<br \/>\nNeu gestaltete, schlanke Polster mit einem gepolsterten Kern, der in einem komplexen 3D-Schneideverfahren hergestellt wurde, mit einer mehr als doppelt so gro\u00dfen Kontaktfl\u00e4che tragen wesentlich zum stabilen Sitz des X-SPR PRO auch bei Geschwindigkeiten \u00fcber 350 km\/h bei und reduzieren die Auftriebskraft um 3 % im Vergleich zum Vorg\u00e4ngermodell.<br \/>\nMit der variablen Wangenbefestigung k\u00f6nnen Sie den Winkel, in dem der Helm auf Ihrem Kopf sitzt, ver\u00e4ndern und so Ihr vertikales Sichtfeld durch eine extrem nach vorne geneigte, sportliche Sitzposition erweitern.<br \/>\nDas Kopfpolster, das f\u00fcr eine sehr effektive Bel\u00fcftung sorgt, die Wangenpolster und der Kinnriemen mit schnell trocknendem und hautfreundlichem Bezugsmaterial sind vollst\u00e4ndig abnehmbar und waschbar.<\/p>\n<p>Bel\u00fcftung<br \/>\nDie maximal freiliegenden Bel\u00fcftungs\u00f6ffnungen, die optimal auf die stark nach vorne geneigte und zur\u00fcckgelehnte Sitzposition eines Rennmotorrads ausgerichtet sind, unterstreichen auch die kompromisslose Ausrichtung des X-SPR Pro in Sachen Bel\u00fcftung. Insgesamt 7 Frischlufteinl\u00e4sse und 6 Bel\u00fcftungs\u00f6ffnungen sind \u00fcber ein tief verzweigtes Bel\u00fcftungssystem miteinander verbunden und sorgen im Vergleich zum Vorg\u00e4ngermodell f\u00fcr einen noch intensiveren und effizienteren Austausch von frischer und verbrauchter Luft. F\u00fcr mehr Komfort bei hohen Sommertemperaturen oder bei Langstreckenrennen wurde die Kapazit\u00e4t der Wangenbel\u00fcftung deutlich verbessert, indem die Anzahl der Bel\u00fcftungs\u00f6ffnungen an der Innenseite des Helms fast verdoppelt wurde.  <\/p>\n<p>Trinksystem<br \/>\nDie Innenverkleidung des X-SPR Pro Kinnhalters ist f\u00fcr die Installation des Trinksystems vorbereitet. Die regelm\u00e4\u00dfige Fl\u00fcssigkeitszufuhr \u00fcber das Trinksystem hilft dem Fahrer, die Konzentration \u00fcber einen langen Zeitraum aufrechtzuerhalten, selbst bei hei\u00dfem Sommerwetter oder bei Langstreckenrennen.<br \/>\nMit einem Adapter k\u00f6nnen verschiedene handels\u00fcbliche Trinksysteme an den Zulaufschlauch des SHOEI-Zubeh\u00f6rs angeschlossen werden. <\/p>\n<p>Aerodynamik<br \/>\nDer X-SPR Pro ist kompromisslos f\u00fcr den Renneinsatz konzipiert. Seine Form und seine aerodynamischen Eigenschaften erm\u00f6glichen es dem Fahrer, sich auch bei H\u00f6chstgeschwindigkeiten voll und ganz auf die Strecke und das Renngeschehen zu konzentrieren.<x id=\"gid_1\"><\/x>Die Au\u00dfenschale wurde im Interesse einer besseren aerodynamischen Leistung komplett neu gestaltet. Nach vielen Stunden im Windkanal wurden mehr als 150 Verbesserungen an der Au\u00dfenschale des Vorg\u00e4ngermodells vorgenommen, die in das Design des X-SPR Pro eingeflossen sind. Dabei wurde die modernste Helmschalentechnologie von SHOEI eingesetzt.<x id=\"gid_2\"><\/x>Ein neu entwickelter Stabilisator im Hinterkopfbereich leitet den Luftstrom in die Tunnel links und rechts und kanalisiert ihn durch den Stabilisator und den Heckspoiler. Dies f\u00fchrt zu einer aerodynamisch ausgewogeneren Form der Helmschale (zum Patent angemeldet).<x id=\"gid_3\"><\/x>Die ausgepr\u00e4gten Seitenkanten oben links und rechts am Helm wirken als Stabilisatoren und st\u00fctzen in Kombination mit der konkaven Oberseite des Stabilisators das Heck und die Seitenflossen tragen zur hohen Richtungsstabilit\u00e4t des Helms bei.<x id=\"gid_4\"><\/x>Dieser markante Bereich sticht im Helmdesign hervor und verleiht dem Helm einen ausgewogenen Ausdruck von Stil und Sicherheit. Die gemeinsamen Anstrengungen der SHOEI Produktions-, Test- und Entwicklungsteams kommen in diesem Punkt zusammen.    <\/p>\n<p>Visier<br \/>\nDas neue Visier des CWR-F2R mit einem um 5 mm vergr\u00f6\u00dferten vertikalen Sichtfeld bietet einen vielversprechenden visuellen Vorteil bei einer extrem nach vorne geneigten Sitzposition auf einem Rennmotorrad. In Schr\u00e4glagen, in denen sogar der Ellbogen den Asphalt ber\u00fchrt, tr\u00e4gt dieses vergr\u00f6\u00dferte Sichtfeld zur Sicherheit des Fahrers bei.<br \/>\nDas serienm\u00e4\u00dfige klare Visier des CWR-F2R erm\u00f6glicht das Aufrei\u00dfen f\u00fcr den Einsatz auf der Rennstrecke.<br \/>\nDer doppelte Verriegelungsmechanismus verhindert ein versehentliches \u00d6ffnen des Visiers im Falle eines Sturzes.  Der Entriegelungsmechanismus des Visiers kann auch mit einem Hebel verriegelt werden.<br \/>\nDie PINLOCK\u00aeEVO-Rostschutzscheibe ist im Lieferumfang des Helms enthalten und wird an Stiften im Visier befestigt, die au\u00dferhalb des horizontalen Sichtfeldes liegen. Diese Vergr\u00f6\u00dferung des nutzbaren Sichtfeldes bietet zus\u00e4tzliche aktive Sicherheit im Rennsport und auf der Stra\u00dfe. <\/p>\n<p>Lieferumfang<br \/>\nDer Lieferumfang des SHOEI X-SPR Pro umfasst die PINLOCK\u00aeEVO-Scheibe zur Verwendung im werkseitig montierten CWR-F2R-Visier und die entsprechenden Ersatzstifte. Ebenfalls enthalten sind ein Atemschutzschild, ein Kinnvorhang, ein aufsteckbarer Kinnspoiler zur Reduzierung von Zugluft und Turbulenzen, SHOEI-Logoaufkleber, ein original SHOEI-Helmbeutel zum Schutz des Helms und Silikon\u00f6l zur Pflege der Dichtung und des Visiermechanismus.<br \/>\nDie Helm-Bedienungsanleitung und die Brosch\u00fcre &#8222;Richtige Verwendung Ihres Helms&#8220; enthalten wertvolle Informationen zur Verwendung, Wartung und Pflege des SHOEI X-SPR Pro. <\/p>\n<p>Zubeh\u00f6r<br \/>\nDas folgende Zubeh\u00f6r ist f\u00fcr den SHOEI X-SPR Pro erh\u00e4ltlich:<\/p>\n<p>Visiere des Typs CWR-F2R in verschiedenen T\u00f6nungen*<br \/>\nAbrei\u00dfen eines CWR-F2R-Visiers zur Verwendung auf der Rennstrecke<br \/>\nVisiere des Typs CWR-F2 in verschiedenen T\u00f6nungen* und Spiegel*<br \/>\nTyp CWR-VisierF2 mit photochromer T\u00f6nung*<br \/>\nPINLOCK\u00aeEVO-Rostschutzglas f\u00fcr einzelne Visiertypen<br \/>\nWangenpolster in verschiedenen St\u00e4rken<br \/>\nKopfpolster-Kits oder Module in verschiedenen Gr\u00f6\u00dfen und St\u00e4rken zum Ersetzen der Originalpolster oder zur Anpassung des Helms<br \/>\nWangenpolster zur Wangenanpassung<br \/>\nPolsterpolster in verschiedenen St\u00e4rken zum Einsetzen in die Taschen der X-Kissenmodule.SPR Pro<br \/>\nKinnriemenpolster<br \/>\nAtemschutz<br \/>\nKinnvorhang<br \/>\nAufsteckbarer Kinnspoiler<\/p>\n","protected":false},"excerpt":{"rendered":"<p>X-SPR Pro &#8211; der beste Rennhelm von Shoei Erste Lieferung M\u00e4rz 2025!!!<\/p>\n","protected":false},"featured_media":179170,"comment_status":"open","ping_status":"closed","template":"","meta":{"_acf_changed":false},"brand":[2126],"gender":[2173],"product_brand":[],"product_cat":[1357,1360,1361],"product_tag":[],"class_list":{"0":"post-179129","1":"product","2":"type-product","3":"status-publish","4":"has-post-thumbnail","6":"brand-shoei-de","7":"gender-unisex-de","8":"product_cat-ausrustung-fur-motorradfahrer","9":"product_cat-helme","10":"product_cat-integral","11":"pa_size-l-de","12":"pa_size-m-de","13":"pa_size-s-de","14":"pa_size-xl-de","15":"pa_size-xs-de","16":"pa_size-xxl-de","18":"first","19":"onbackorder","20":"taxable","21":"shipping-taxable","22":"purchasable","23":"product-type-variable"},"acf":[],"_links":{"self":[{"href":"https:\/\/moto-oprema.com\/de\/wp-json\/wp\/v2\/product\/179129","targetHints":{"allow":["GET"]}}],"collection":[{"href":"https:\/\/moto-oprema.com\/de\/wp-json\/wp\/v2\/product"}],"about":[{"href":"https:\/\/moto-oprema.com\/de\/wp-json\/wp\/v2\/types\/product"}],"replies":[{"embeddable":true,"href":"https:\/\/moto-oprema.com\/de\/wp-json\/wp\/v2\/comments?post=179129"}],"wp:featuredmedia":[{"embeddable":true,"href":"https:\/\/moto-oprema.com\/de\/wp-json\/wp\/v2\/media\/179170"}],"wp:attachment":[{"href":"https:\/\/moto-oprema.com\/de\/wp-json\/wp\/v2\/media?parent=179129"}],"wp:term":[{"taxonomy":"brand","embeddable":true,"href":"https:\/\/moto-oprema.com\/de\/wp-json\/wp\/v2\/brand?post=179129"},{"taxonomy":"gender","embeddable":true,"href":"https:\/\/moto-oprema.com\/de\/wp-json\/wp\/v2\/gender?post=179129"},{"taxonomy":"product_brand","embeddable":true,"href":"https:\/\/moto-oprema.com\/de\/wp-json\/wp\/v2\/product_brand?post=179129"},{"taxonomy":"product_cat","embeddable":true,"href":"https:\/\/moto-oprema.com\/de\/wp-json\/wp\/v2\/product_cat?post=179129"},{"taxonomy":"product_tag","embeddable":true,"href":"https:\/\/moto-oprema.com\/de\/wp-json\/wp\/v2\/product_tag?post=179129"}],"curies":[{"name":"wp","href":"https:\/\/api.w.org\/{rel}","templated":true}]}}