{"id":177786,"date":"2025-11-18T08:33:07","date_gmt":"2025-11-18T08:33:07","guid":{"rendered":"https:\/\/moto-oprema.com\/?post_type=product&#038;p=177786"},"modified":"2025-11-18T08:34:33","modified_gmt":"2025-11-18T08:34:33","slug":"alpinestars-tech-air-5-weste-airbag-kopija","status":"publish","type":"product","link":"https:\/\/moto-oprema.com\/de\/Artikel\/alpinestars-tech-air-5-weste-airbag-kopija\/","title":{"rendered":"ALPINESTARS TECH-AIR 5 WESTE AIRBAG (Kopija)"},"content":{"rendered":"<p>Diese neueste Version der Alpinestars Tech-Air 5 Technologie ist das Ergebnis von mehr als einem Jahrzehnt Entwicklungsarbeit in der MotoGP und der Erfahrung mit der ersten Generation der Alpinestars Renn-Airbagsysteme und dem Tech-Air System und bietet einen vollst\u00e4ndigen Oberk\u00f6rperschutz f\u00fcr den Stra\u00dfenverkehr.<\/p>\n<p>Die Jacke ist geeignet, um sie unter Ihrer Jacke zu tragen. Das System funktioniert ohne Anschluss an den Motor. Die Lebensdauer der Batterie betr\u00e4gt 30 Stunden. Der Einstieg erfolgt durch Schlie\u00dfen des Magnetclips. Das Aufladen erfolgt \u00fcber ein Micro-USB-Kabel. Das System steuert 6 Sensoren (3x Beschleunigungssensor und 3x Neigungssensor). Die Steuerung ist \u00fcber eine Bluetooth-Verbindung zu einem Telefon und die kostenlose Tech-Air\u00ae-App m\u00f6glich. In der App k\u00f6nnen Sie die Fahrtanalyse und den Akkuladestand einsehen.       <\/p>\n<p><strong>Merkmale:<\/strong><\/p>\n<ul>\n<li>Tech-Air\u00ae 5 ist eine schlanke, in sich geschlossene Airbag-Weste, die unter jeder gut sitzenden Textiljacke oder Tech-Air\u00ae-kompatiblen Jacke getragen werden kann.<\/li>\n<li>Tech-Air\u00ae 5 bietet un\u00fcbertroffenen Schutz f\u00fcr den Oberk\u00f6rper und sorgt f\u00fcr die Sicherheit von Motorradfahrern, indem es auf einzigartige Weise Schultern, Brust, Rippen und den gesamten R\u00fccken abdeckt.<\/li>\n<li>Der Schutz der Schultern ist bei einem Aufprall auf der Stra\u00dfe von entscheidender Bedeutung. Die Schultern des Fahrers werden durch Tech-Air\u00ae auf einzigartige Weise gesch\u00fctzt, wodurch das Risiko von Schulter- und Schl\u00fcsselbeinverletzungen effektiv und effizient minimiert wird.<\/li>\n<li>Integrierte Sensoren: Sollte der Algorithmus den Beginn eines Aufpralls erkennen, entfaltet er einen Schutzairbag mit einer maximalen Aufblaszeit von 45 ms.<\/li>\n<li>Die Aufprallabsorption beim Tragen des Airbags f\u00fchrt zu einer Verringerung der Aufprallkraft um bis zu 93% im Vergleich zu einem passiven Protektor.<\/li>\n<li>Das System ist au\u00dferdem extrem einfach zu bedienen. Ziehen Sie einfach den Rei\u00dfverschluss der Weste hoch, schlie\u00dfen Sie die Magnetklappe und schon k\u00f6nnen Sie losfahren.<\/li>\n<\/ul>\n<p><strong>Spezifikationen:<\/strong><\/p>\n<p><span style=\"text-decoration:underline;\">Technologie:<\/span><\/p>\n<ul>\n<li>Die hochmoderne Tech-Air\u00ae 5 Weste verf\u00fcgt \u00fcber ein aktives elektronisches System mit sechs integrierten Sensoren (3 Gyroskope und 3 Beschleunigungsmesser) und einem Aufprallalgorithmus, der KI nutzt, um genau zu \u00fcberwachen, wann der Airbag im Falle eines Aufpralls ausgel\u00f6st wird. Der intelligente Aufprallerkennungsalgorithmus wurde zusammen mit den weltbesten MotoGP-Fahrern und Alpinestars-Kunden entwickelt und umfasst Daten aus \u00fcber 2.000 St\u00fcrzen, um genau zu bestimmen, wann der Airbag vor dem ersten Aufprall auf ein Hindernis vollst\u00e4ndig aufgeblasen werden muss. <\/li>\n<li>Das Tech-Air\u00ae 5 verf\u00fcgt \u00fcber Bluetooth-Konnektivit\u00e4t und eine begleitende Tech-Air\u00ae App, die \u00fcber das Telefon des Fahrers den Betriebsstatus des Systems, den Batteriestatus und eine detaillierte Analyse einer Fahrt anzeigt.<\/li>\n<\/ul>\n<p><span style=\"text-decoration:underline;\">Batterie:<\/span><\/p>\n<ul>\n<li>Lithium-Ionen-Akku hat eine Laufzeit von 30 Stunden.<\/li>\n<li>Eine LED-Anzeige zeigt den Betriebsstatus des Airbags an.<\/li>\n<li>Das System wird mit einem magnetischen Micro-USB-Ladeger\u00e4t geliefert.<\/li>\n<\/ul>\n","protected":false},"excerpt":{"rendered":"<p>Diese neueste Version der Alpinestars Tech-Air 5 Technologie ist das Ergebnis von mehr als einem Jahrzehnt&#8230;<\/p>\n","protected":false},"featured_media":177816,"comment_status":"open","ping_status":"closed","template":"","meta":{"_acf_changed":false},"brand":[2111],"gender":[2173],"product_brand":[],"product_cat":[2221,1357,2209],"product_tag":[],"class_list":{"0":"post-177786","1":"product","2":"type-product","3":"status-publish","4":"has-post-thumbnail","6":"brand-alpinestars-de","7":"gender-unisex-de","8":"product_cat-airbags-de","9":"product_cat-ausrustung-fur-motorradfahrer","10":"product_cat-schutzschilde-und-airbags","11":"pa_size-l-de","12":"pa_size-m-de","13":"pa_size-s-de","14":"pa_size-xl-de","15":"pa_size-xs-de","16":"pa_size-xxl-de","17":"pa_size-xxxl-de","19":"first","20":"instock","21":"sale","22":"taxable","23":"shipping-taxable","24":"purchasable","25":"product-type-variable"},"acf":[],"_links":{"self":[{"href":"https:\/\/moto-oprema.com\/de\/wp-json\/wp\/v2\/product\/177786","targetHints":{"allow":["GET"]}}],"collection":[{"href":"https:\/\/moto-oprema.com\/de\/wp-json\/wp\/v2\/product"}],"about":[{"href":"https:\/\/moto-oprema.com\/de\/wp-json\/wp\/v2\/types\/product"}],"replies":[{"embeddable":true,"href":"https:\/\/moto-oprema.com\/de\/wp-json\/wp\/v2\/comments?post=177786"}],"wp:featuredmedia":[{"embeddable":true,"href":"https:\/\/moto-oprema.com\/de\/wp-json\/wp\/v2\/media\/177816"}],"wp:attachment":[{"href":"https:\/\/moto-oprema.com\/de\/wp-json\/wp\/v2\/media?parent=177786"}],"wp:term":[{"taxonomy":"brand","embeddable":true,"href":"https:\/\/moto-oprema.com\/de\/wp-json\/wp\/v2\/brand?post=177786"},{"taxonomy":"gender","embeddable":true,"href":"https:\/\/moto-oprema.com\/de\/wp-json\/wp\/v2\/gender?post=177786"},{"taxonomy":"product_brand","embeddable":true,"href":"https:\/\/moto-oprema.com\/de\/wp-json\/wp\/v2\/product_brand?post=177786"},{"taxonomy":"product_cat","embeddable":true,"href":"https:\/\/moto-oprema.com\/de\/wp-json\/wp\/v2\/product_cat?post=177786"},{"taxonomy":"product_tag","embeddable":true,"href":"https:\/\/moto-oprema.com\/de\/wp-json\/wp\/v2\/product_tag?post=177786"}],"curies":[{"name":"wp","href":"https:\/\/api.w.org\/{rel}","templated":true}]}}