{"id":177743,"date":"2025-11-17T11:54:39","date_gmt":"2025-11-17T11:54:39","guid":{"rendered":"https:\/\/moto-oprema.com\/?post_type=product&#038;p=177743"},"modified":"2025-11-17T11:54:40","modified_gmt":"2025-11-17T11:54:40","slug":"dainese-avro-d-air-2pc-coveralls-schwarz-weiss","status":"publish","type":"product","link":"https:\/\/moto-oprema.com\/de\/Artikel\/dainese-avro-d-air-2pc-coveralls-schwarz-weiss\/","title":{"rendered":"DAINESE AVRO D-AIR 2PC COVERALLS SCHWARZ WEISS"},"content":{"rendered":"<p>Dainese Avro D-Air\u00ae Airbag zweiteiliger Motorradanzug aus Leder<\/p>\n<p>Allgemeine Merkmale:<\/p>\n<ul>\n<li>1 Innentasche<\/li>\n<li>2 Rei\u00dfverschl\u00fcsse an den Waden mit Stiefeleinschubsystem<\/li>\n<li>Knieschleifer 2.0<\/li>\n<li>Schutz- und Reinigungsset<\/li>\n<li>Inklusive Anzugtasche<\/li>\n<li>Ergonomie:<\/li>\n<li>mittlerer aerodynamischer Spoiler<\/li>\n<li>Microelastic 2.0<\/li>\n<\/ul>\n<p>Wichtigste Materialien:<\/p>\n<p>D-skin 2.0 vollk\u00f6rnige Rinderschwarte<\/p>\n<p>Aufprallschutz:<\/p>\n<p>Verbundprotektoren (EN 1621.1 Stufe 2) an Ellbogen und Knien<\/p>\n<p>Tasche f\u00fcr Doppelbrustprotektor<\/p>\n<p>weiche Protektoren (Norm EN 1621.1 Stufe 1) an den Schultern<\/p>\n<p>Tiefgezogene Handfeuerwaffen mit austauschbaren Aluminiumplatten<\/p>\n<p>Temperaturkontrolle:<\/p>\n<p>Luftkan\u00e4le an den Seiten<\/p>\n<p>NanoFeel-Futter mit 3D-Bubble-Gewebeeinlagen Luftl\u00f6cher<\/p>\n<p>D-Air\u00ae System:<\/p>\n<p>D-Air\u00ae ist ein eigenst\u00e4ndiges elektronisches Airbagsystem f\u00fcr den Stra\u00dfenverkehr, das nur funktioniert, wenn es mit einem speziell entwickelten und zertifizierten Dainese Schutzanzug verbunden ist.<\/p>\n<p>6 Sensoren, Elektronik und GPS-Systeme sind in den Pro Armor R\u00fcckenprotektor integriert, so dass Sie das Kit nicht an Ihrem Motorrad montieren m\u00fcssen. Die D-Air\u00ae Steuereinheit \u00fcberwacht die Sensorsignale 1000 Mal pro Sekunde mit einem ausgekl\u00fcgelten Ausl\u00f6sealgorithmus. Das D-Air\u00ae System arbeitet synergetisch mit den bestehenden Sicherheitsvorkehrungen und sch\u00fctzt die folgenden K\u00f6rperteile des Fahrers:  <\/p>\n<p>Schl\u00fcssel<\/p>\n<p>Brust<\/p>\n<p>Die Sicherheitsblase wird mit hohem Druck gef\u00fcllt, ist anatomisch geformt und hat ein Fassungsverm\u00f6gen von 4 Litern.<\/p>\n<p>D-Air\u00ae erkennt und aktiviert seinen revolution\u00e4ren Zusatzschutz bei den folgenden Unf\u00e4llen:<\/p>\n<p>Frontal- und Seitenaufprall: Zusammensto\u00df mit festen oder beweglichen Gegenst\u00e4nden.<\/p>\n<p>Highsider: Der Fahrer wird vom Motorrad &#8222;geschleudert&#8220;, wenn das Hinterrad durchdreht und pl\u00f6tzlich die Traktion wiedererlangt.<\/p>\n<p>Lowsider mit \u00dcberschlag: Vorder- oder Hinterrad rutschen durch und der Fahrer \u00fcberschl\u00e4gt sich.<\/p>\n","protected":false},"excerpt":{"rendered":"<p>Dainese Avro D-Air\u00ae Airbag zweiteiliger Motorradanzug aus Leder Allgemeine Merkmale: 1 Innentasche 2 Rei\u00dfverschl\u00fcsse an den&#8230;<\/p>\n","protected":false},"featured_media":177736,"comment_status":"open","ping_status":"closed","template":"","meta":{"_acf_changed":false},"brand":[2113],"gender":[2168],"product_brand":[],"product_cat":[2175,2221,1357,2176,3406,2209],"product_tag":[],"class_list":{"0":"post-177743","1":"product","2":"type-product","3":"status-publish","4":"has-post-thumbnail","6":"brand-dainese-de","7":"gender-moski-de","8":"product_cat-2-teilige-latzhose","9":"product_cat-airbags-de","10":"product_cat-ausrustung-fur-motorradfahrer","11":"product_cat-latzhose","12":"product_cat-outlet-de","13":"product_cat-schutzschilde-und-airbags","14":"pa_velikost-st-50-de","15":"pa_velikost-st-52-de","17":"first","18":"instock","19":"sale","20":"taxable","21":"shipping-taxable","22":"purchasable","23":"product-type-variable"},"acf":[],"_links":{"self":[{"href":"https:\/\/moto-oprema.com\/de\/wp-json\/wp\/v2\/product\/177743","targetHints":{"allow":["GET"]}}],"collection":[{"href":"https:\/\/moto-oprema.com\/de\/wp-json\/wp\/v2\/product"}],"about":[{"href":"https:\/\/moto-oprema.com\/de\/wp-json\/wp\/v2\/types\/product"}],"replies":[{"embeddable":true,"href":"https:\/\/moto-oprema.com\/de\/wp-json\/wp\/v2\/comments?post=177743"}],"wp:featuredmedia":[{"embeddable":true,"href":"https:\/\/moto-oprema.com\/de\/wp-json\/wp\/v2\/media\/177736"}],"wp:attachment":[{"href":"https:\/\/moto-oprema.com\/de\/wp-json\/wp\/v2\/media?parent=177743"}],"wp:term":[{"taxonomy":"brand","embeddable":true,"href":"https:\/\/moto-oprema.com\/de\/wp-json\/wp\/v2\/brand?post=177743"},{"taxonomy":"gender","embeddable":true,"href":"https:\/\/moto-oprema.com\/de\/wp-json\/wp\/v2\/gender?post=177743"},{"taxonomy":"product_brand","embeddable":true,"href":"https:\/\/moto-oprema.com\/de\/wp-json\/wp\/v2\/product_brand?post=177743"},{"taxonomy":"product_cat","embeddable":true,"href":"https:\/\/moto-oprema.com\/de\/wp-json\/wp\/v2\/product_cat?post=177743"},{"taxonomy":"product_tag","embeddable":true,"href":"https:\/\/moto-oprema.com\/de\/wp-json\/wp\/v2\/product_tag?post=177743"}],"curies":[{"name":"wp","href":"https:\/\/api.w.org\/{rel}","templated":true}]}}