{"id":177679,"date":"2025-11-17T10:28:16","date_gmt":"2025-11-17T10:28:16","guid":{"rendered":"https:\/\/moto-oprema.com\/?post_type=product&#038;p=177679"},"modified":"2025-11-17T10:35:09","modified_gmt":"2025-11-17T10:35:09","slug":"fox-hoodie-non-stop-olive-green-kopija","status":"publish","type":"product","link":"https:\/\/moto-oprema.com\/de\/Artikel\/fox-hoodie-non-stop-olive-green-kopija\/","title":{"rendered":"FOX HOODIE NON STOP OLIVE GREEN (Kopija)"},"content":{"rendered":"<p>Die No Stop Jacket kombiniert hochwertige Materialien mit zeitlosem Stil, Komfort und Funktionalit\u00e4t. Das weiche, geb\u00fcrstete Polyester-Fleece-Futter (260 g\/m\u00b2) sorgt f\u00fcr angenehme W\u00e4rme und Tragekomfort &#8211; ideal f\u00fcr kalte Tage auf der Strecke, auf dem Trail oder in der Freizeit. <\/p>\n<p>Das entspannte Design wird durch einen kunstvoll gestalteten Siebdruck auf der Brust erg\u00e4nzt, der der Kapuze einen einzigartigen Look verleiht. Mit den praktischen K\u00e4ngurutaschen haben Sie immer Platz f\u00fcr das Wesentliche und k\u00f6nnen Ihre H\u00e4nde warm halten. Die L\u00e4nge von 74 cm (ab Oberkante der Schultern, Gr\u00f6\u00dfe L) ist ideal f\u00fcr einen bequemen und unkomplizierten Sitz.  <\/p>\n<p>Mit dem No Stop Hoodie haben Sie einen stilvollen Begleiter, der sowohl f\u00fcr sportliche Aktivit\u00e4ten als auch zum Chillen geeignet ist. Das hochwertige Material und die durchdachten Details machen ihn zum perfekten Partner f\u00fcr den Alltag und das Training.<\/p>\n","protected":false},"excerpt":{"rendered":"","protected":false},"featured_media":177704,"comment_status":"open","ping_status":"closed","template":"","meta":{"_acf_changed":false},"brand":[2115],"gender":[2168],"product_brand":[],"product_cat":[2179,2293],"product_tag":[],"class_list":{"0":"post-177679","1":"product","2":"type-product","3":"status-publish","4":"has-post-thumbnail","6":"brand-fox-de","7":"gender-moski-de","8":"product_cat-freizeitkleidung","9":"product_cat-pullover-und-strickjacken","10":"pa_velikost-st-l-de","11":"pa_velikost-st-m-de","12":"pa_velikost-st-s-de","13":"pa_velikost-st-xl-de","15":"first","16":"instock","17":"taxable","18":"shipping-taxable","19":"purchasable","20":"product-type-variable"},"acf":[],"_links":{"self":[{"href":"https:\/\/moto-oprema.com\/de\/wp-json\/wp\/v2\/product\/177679","targetHints":{"allow":["GET"]}}],"collection":[{"href":"https:\/\/moto-oprema.com\/de\/wp-json\/wp\/v2\/product"}],"about":[{"href":"https:\/\/moto-oprema.com\/de\/wp-json\/wp\/v2\/types\/product"}],"replies":[{"embeddable":true,"href":"https:\/\/moto-oprema.com\/de\/wp-json\/wp\/v2\/comments?post=177679"}],"wp:featuredmedia":[{"embeddable":true,"href":"https:\/\/moto-oprema.com\/de\/wp-json\/wp\/v2\/media\/177704"}],"wp:attachment":[{"href":"https:\/\/moto-oprema.com\/de\/wp-json\/wp\/v2\/media?parent=177679"}],"wp:term":[{"taxonomy":"brand","embeddable":true,"href":"https:\/\/moto-oprema.com\/de\/wp-json\/wp\/v2\/brand?post=177679"},{"taxonomy":"gender","embeddable":true,"href":"https:\/\/moto-oprema.com\/de\/wp-json\/wp\/v2\/gender?post=177679"},{"taxonomy":"product_brand","embeddable":true,"href":"https:\/\/moto-oprema.com\/de\/wp-json\/wp\/v2\/product_brand?post=177679"},{"taxonomy":"product_cat","embeddable":true,"href":"https:\/\/moto-oprema.com\/de\/wp-json\/wp\/v2\/product_cat?post=177679"},{"taxonomy":"product_tag","embeddable":true,"href":"https:\/\/moto-oprema.com\/de\/wp-json\/wp\/v2\/product_tag?post=177679"}],"curies":[{"name":"wp","href":"https:\/\/api.w.org\/{rel}","templated":true}]}}