{"id":177323,"date":"2025-11-14T10:19:57","date_gmt":"2025-11-14T10:19:57","guid":{"rendered":"https:\/\/moto-oprema.com\/?post_type=product&#038;p=177323"},"modified":"2025-11-14T10:41:32","modified_gmt":"2025-11-14T10:41:32","slug":"agv-k6-helm-matt-schwarz-outlet-kopija-2","status":"publish","type":"product","link":"https:\/\/moto-oprema.com\/de\/Artikel\/agv-k6-helm-matt-schwarz-outlet-kopija-2\/","title":{"rendered":"AGV K6 HELM MATT SCHWARZ OUTLET (Kopija)"},"content":{"rendered":"<p>Der K6 ist der neue Integralhelm von AGV, der die besten Eigenschaften des Sport- und Tourensegments vereint. Er ist extrem vielseitig und eignet sich f\u00fcr alle Arten von Fahrten auf Sport-, Naked- oder Sporttouring-Motorr\u00e4dern. Er besteht aus Karbon- und Aramidfasern und hat ein sehr modernes und aerodynamisches Design. Er verf\u00fcgt \u00fcber ein effizientes Bel\u00fcftungssystem und ist f\u00fcr die Aufnahme des Ark-Kommunikationssystems vorbereitet.   <\/p>\n<p>&nbsp;<\/p>\n<p>Technische Merkmale:<\/p>\n<p>Au\u00dfenh\u00fclle aus CAAF (eine Kombination aus Carbon, Aramid und Glasfaser). Erh\u00e4ltlich in 4 Au\u00dfengr\u00f6\u00dfen zur Anpassung an die K\u00f6rperform des Fahrers (XS-S), (MS), ML-L), (XL-XXL). Die Innenseite besteht aus EPS (interne Struktur) mit 5 Dichten f\u00fcr optimale Sto\u00dfd\u00e4mpfung und wird in 4 Gr\u00f6\u00dfen hergestellt.  <\/p>\n<p>Optimierte Aerodynamik f\u00fcr \u00fcberlegene Stabilit\u00e4t und Atmungsaktivit\u00e4t bei allen Geschwindigkeiten und Fahrpositionen. Das niedrigere Profil wurde entwickelt, um das Risiko zu verringern, dass die bei einem m\u00f6glichen Aufprall erzeugte Energie auf den Bereich des Schl\u00fcsselbeins \u00fcbertragen wird. Mit einem kleinen Heckspoiler, um Turbulenzen zu reduzieren. Das Bel\u00fcftungssystem besteht aus f\u00fcnf gro\u00dfen, verstellbaren vorderen Lufteinl\u00e4ssen und einem hinteren Auspuff. Die Lufteinl\u00e4sse sind strategisch platziert, um einen maximalen Luftstrom zu gew\u00e4hrleisten.    <\/p>\n<p>Die Innenausstattung ist so konzipiert, dass sie eine stabile, anschmiegsame, druckfreie Passform und maximalen Komfort bietet. Mit Sanitized (antibakteriell), 2Dry (f\u00fcr hervorragenden Feuchtigkeitstransport) und Microsense (f\u00fcr ein weiches und angenehmes Gef\u00fchl). Der Nacken besteht aus atmungsaktivem Material mit Kunstledereins\u00e4tzen, die mit einer wasserabweisenden Behandlung versehen sind, um das Eindringen von Wasser in den Helm zu verhindern. Die Innenausstattung ist vollst\u00e4ndig herausnehmbar und waschbar. Die Polsterung im oberen Bereich ist aus weichem Material, um die Stabilit\u00e4t bei hohen Geschwindigkeiten zu gew\u00e4hrleisten. Optimierte Polsterung an den Seiten f\u00fcr Tr\u00e4ger von Korrektionsbrillen. Mit abnehmbarem Kinnschutz und atmungsaktivem Schutz.      <\/p>\n<p>Notfallsystem zum Entfernen der Polsterung an den Seiten im Falle eines Unfalls, um dem medizinischen Personal das Abnehmen des Helms zu erleichtern.<\/p>\n<p>Optik der Klasse 1, Anti-Kratz-Scheibe f\u00fcr 85 Grad vertikales Sichtfeld in Rennposition und 190 Grad horizontales Sichtfeld. Pinlock MaxVision Anti-Beschlag-Folie (120) wird standardm\u00e4\u00dfig mitgeliefert. <\/p>\n<p>Der Bildschirm verf\u00fcgt \u00fcber ein patentiertes Verriegelungssystem (VLS), das ein versehentliches \u00d6ffnen verhindert. Die Dicke des Bildschirms betr\u00e4gt 4 mm. Das Micro-Vent-System sorgt f\u00fcr erh\u00f6hte Stabilit\u00e4t bei hohen Geschwindigkeiten und zus\u00e4tzliche Bel\u00fcftung.  <\/p>\n<p>Der Siebmechanismus l\u00e4sst sich werkzeuglos entfernen und besteht aus Metallteilen, die f\u00fcr mehr Stabilit\u00e4t sorgen.<\/p>\n<p>K6 ist bereit f\u00fcr die Installation des ARK-Kommunikationssystems (separat erh\u00e4ltlich).<\/p>\n<p>Verschluss mit doppelter Schnalle.<\/p>\n<p>Gewicht: 1350 g +\/- 50 g (f\u00fcr die Gr\u00f6\u00dfen XS und S).<\/p>\n","protected":false},"excerpt":{"rendered":"<p>Der K6 ist der neue Integralhelm von AGV, der die besten Eigenschaften des Sport- und Tourensegments&#8230;<\/p>\n","protected":false},"featured_media":177337,"comment_status":"open","ping_status":"closed","template":"","meta":{"_acf_changed":false},"brand":[2126],"gender":[2173],"product_brand":[],"product_cat":[1357,1360,1361,3406],"product_tag":[],"class_list":{"0":"post-177323","1":"product","2":"type-product","3":"status-publish","4":"has-post-thumbnail","6":"brand-shoei-de","7":"gender-unisex-de","8":"product_cat-ausrustung-fur-motorradfahrer","9":"product_cat-helme","10":"product_cat-integral","11":"product_cat-outlet-de","12":"pa_size-l-de","13":"pa_size-ml-de","14":"pa_size-ms-de","15":"pa_size-xl-de","16":"pa_size-xxl-de","18":"first","19":"instock","20":"sale","21":"taxable","22":"shipping-taxable","23":"purchasable","24":"product-type-variable"},"acf":[],"_links":{"self":[{"href":"https:\/\/moto-oprema.com\/de\/wp-json\/wp\/v2\/product\/177323","targetHints":{"allow":["GET"]}}],"collection":[{"href":"https:\/\/moto-oprema.com\/de\/wp-json\/wp\/v2\/product"}],"about":[{"href":"https:\/\/moto-oprema.com\/de\/wp-json\/wp\/v2\/types\/product"}],"replies":[{"embeddable":true,"href":"https:\/\/moto-oprema.com\/de\/wp-json\/wp\/v2\/comments?post=177323"}],"wp:featuredmedia":[{"embeddable":true,"href":"https:\/\/moto-oprema.com\/de\/wp-json\/wp\/v2\/media\/177337"}],"wp:attachment":[{"href":"https:\/\/moto-oprema.com\/de\/wp-json\/wp\/v2\/media?parent=177323"}],"wp:term":[{"taxonomy":"brand","embeddable":true,"href":"https:\/\/moto-oprema.com\/de\/wp-json\/wp\/v2\/brand?post=177323"},{"taxonomy":"gender","embeddable":true,"href":"https:\/\/moto-oprema.com\/de\/wp-json\/wp\/v2\/gender?post=177323"},{"taxonomy":"product_brand","embeddable":true,"href":"https:\/\/moto-oprema.com\/de\/wp-json\/wp\/v2\/product_brand?post=177323"},{"taxonomy":"product_cat","embeddable":true,"href":"https:\/\/moto-oprema.com\/de\/wp-json\/wp\/v2\/product_cat?post=177323"},{"taxonomy":"product_tag","embeddable":true,"href":"https:\/\/moto-oprema.com\/de\/wp-json\/wp\/v2\/product_tag?post=177323"}],"curies":[{"name":"wp","href":"https:\/\/api.w.org\/{rel}","templated":true}]}}