{"id":177281,"date":"2025-11-13T11:42:42","date_gmt":"2025-11-13T11:42:42","guid":{"rendered":"https:\/\/moto-oprema.com\/?post_type=product&#038;p=177281"},"modified":"2025-11-13T11:42:44","modified_gmt":"2025-11-13T11:42:44","slug":"hjc-i70-helm-helm-weiss-schwarz-fl-gelb-outlet","status":"publish","type":"product","link":"https:\/\/moto-oprema.com\/de\/Artikel\/hjc-i70-helm-helm-weiss-schwarz-fl-gelb-outlet\/","title":{"rendered":"HJC I70 HELM HELM WEISS SCHWARZ FL GELB OUTLET"},"content":{"rendered":"<p>Der HJC i 70 ist ein Fullface-Sporthelm mit einer 3-fach verstellbaren Sonnenblende. Das HJ-31 Visier ist in der Mitte leicht verschlie\u00dfbar und kann dank des RapidFire II Systems schnell ausgetauscht werden. Der HJC 70 Helm sorgt mit 7 Lufteinl\u00e4ssen und 2 Bel\u00fcftungs\u00f6ffnungen am Spoiler daf\u00fcr, dass Sie k\u00fchl und trocken bleiben. Kompakt und leicht, bietet der i70 Helm eine perfekte Passform.   <\/p>\n<p>&nbsp;<\/p>\n<p>Technische Daten:<\/p>\n<p>Hochentwickelte Polycarbonat-Schale: leicht und komfortabel dank des Einsatzes von CAD-Technologie in der Designphase.<\/p>\n<p>Advanced Ventilation System &#8222;ACS&#8220;: perfekter Luftstrom von vorne nach hinten, um W\u00e4rme und Feuchtigkeit nach oben und au\u00dfen zu leiten.<\/p>\n<p>SuperCool innen, antibakteriell, geruchshemmend und schwei\u00dfhemmend.<\/p>\n<p>Die F\u00e4cher sind herausnehmbar und waschbar.<\/p>\n<p>Brillenrillen: ideal f\u00fcr Motorradfahrer, die eine Brille oder Sonnenbrille tragen.<\/p>\n<p>HJ-31 Visier Klar mit 99% UV-Schutz, pinlock ready.<\/p>\n<p>Pinlock-Objektiv DKS238 Inklusive.<\/p>\n<p>HJ-V9 gr\u00f6\u00dfere absenkbare innere Sonnenblende.<\/p>\n<p>Schneller und effizienter mikrometrischer Kinnklammerverschluss.<\/p>\n<p>Installationsfertige Bluetooth-Kommunikationssysteme.<\/p>\n<p>ECE-gepr\u00fcft.<\/p>\n<p>Gewicht 1480 +\/- 50 g.<\/p>\n<p>&nbsp;<\/p>\n","protected":false},"excerpt":{"rendered":"<p>Der HJC i 70 ist ein Fullface-Sporthelm mit einer 3-fach verstellbaren Sonnenblende. Das HJ-31 Visier ist&#8230;<\/p>\n","protected":false},"featured_media":177276,"comment_status":"open","ping_status":"closed","template":"","meta":{"_acf_changed":false},"brand":[2131],"gender":[2173],"product_brand":[],"product_cat":[1357,1360,1361,3406],"product_tag":[],"class_list":{"0":"post-177281","1":"product","2":"type-product","3":"status-publish","4":"has-post-thumbnail","6":"brand-hjc-de","7":"gender-unisex-de","8":"product_cat-ausrustung-fur-motorradfahrer","9":"product_cat-helme","10":"product_cat-integral","11":"product_cat-outlet-de","12":"pa_size-xl-de","14":"first","15":"instock","16":"sale","17":"taxable","18":"shipping-taxable","19":"purchasable","20":"product-type-variable"},"acf":[],"_links":{"self":[{"href":"https:\/\/moto-oprema.com\/de\/wp-json\/wp\/v2\/product\/177281","targetHints":{"allow":["GET"]}}],"collection":[{"href":"https:\/\/moto-oprema.com\/de\/wp-json\/wp\/v2\/product"}],"about":[{"href":"https:\/\/moto-oprema.com\/de\/wp-json\/wp\/v2\/types\/product"}],"replies":[{"embeddable":true,"href":"https:\/\/moto-oprema.com\/de\/wp-json\/wp\/v2\/comments?post=177281"}],"wp:featuredmedia":[{"embeddable":true,"href":"https:\/\/moto-oprema.com\/de\/wp-json\/wp\/v2\/media\/177276"}],"wp:attachment":[{"href":"https:\/\/moto-oprema.com\/de\/wp-json\/wp\/v2\/media?parent=177281"}],"wp:term":[{"taxonomy":"brand","embeddable":true,"href":"https:\/\/moto-oprema.com\/de\/wp-json\/wp\/v2\/brand?post=177281"},{"taxonomy":"gender","embeddable":true,"href":"https:\/\/moto-oprema.com\/de\/wp-json\/wp\/v2\/gender?post=177281"},{"taxonomy":"product_brand","embeddable":true,"href":"https:\/\/moto-oprema.com\/de\/wp-json\/wp\/v2\/product_brand?post=177281"},{"taxonomy":"product_cat","embeddable":true,"href":"https:\/\/moto-oprema.com\/de\/wp-json\/wp\/v2\/product_cat?post=177281"},{"taxonomy":"product_tag","embeddable":true,"href":"https:\/\/moto-oprema.com\/de\/wp-json\/wp\/v2\/product_tag?post=177281"}],"curies":[{"name":"wp","href":"https:\/\/api.w.org\/{rel}","templated":true}]}}