{"id":176579,"date":"2025-11-12T08:34:45","date_gmt":"2025-11-12T08:34:45","guid":{"rendered":"https:\/\/moto-oprema.com\/?post_type=product&#038;p=176579"},"modified":"2025-11-12T08:42:58","modified_gmt":"2025-11-12T08:42:58","slug":"alpinestars-axton-jacke-weiss-rot-kopija","status":"publish","type":"product","link":"https:\/\/moto-oprema.com\/de\/Artikel\/alpinestars-axton-jacke-weiss-rot-kopija\/","title":{"rendered":"ALPINESTARS AXTON JACKE SCHWARZ ANTHRAZIT ROT"},"content":{"rendered":"<p>Die Axton Jacke ist eine Reminiszenz an das Erbe von Alpinestars und kombiniert Vintage-inspiriertes Design mit moderner Handwerkskunst, um ein Kleidungsst\u00fcck zu schaffen, das Vergangenheit, Gegenwart und Zukunft miteinander verbindet. Inspiriert von der Kleidung des Rennteams, besticht die Jacke durch ein k\u00fchnes Design mit dem Alpinestars-Logo \u00fcber den gesamten Umfang und kr\u00e4ftigen Kontrastfarben, die das Erbe der Marke zelebrieren und gleichzeitig einen modernen Stil bieten. Die Jacke besteht aus einer wasserabweisenden Au\u00dfenschicht f\u00fcr Vielseitigkeit bei jedem Wetter und optimalen Komfort. Ergonomische Merkmale wie Akkordeon-Eins\u00e4tze an den Schultern und ein verstellbarer Bund sorgen f\u00fcr eine bequeme Passform und machen die Axton Jacke zu einer idealen Wahl sowohl f\u00fcr den Reitsport als auch f\u00fcr die Freizeit. Ausgestattet mit CE Level 1 Nucleon Flex Plus Schulter- und Ellbogenprotektoren bietet die Jacke diskreten, effektiven Schutz, ohne ihren minimalistischen, modernen Look zu beeintr\u00e4chtigen.    <\/p>\n<p>Alpinestars&#8216; Rennsport-Erbe: ein markantes Alpinestars-Logo, das den K\u00f6rper umgibt, gebrandete Aufn\u00e4her, ein gesticktes Logo mit Text und gebrandete Rei\u00dfverschl\u00fcsse und Kn\u00f6pfe verleihen der Jacke einen k\u00fchnen Kontrast und einen Stil, der es den Fahrern erm\u00f6glicht, ihre Verbundenheit mit der Marke auszudr\u00fccken.<\/p>\n<p>Wasserdichte Jacke aus mehreren Materialien: robuste Textilbasis mit Details aus Ziegenleder und Kunstleder.<\/p>\n<p>Vintage-\u00c4sthetik: Die Metallschlaufen auf der R\u00fcckseite der \u00c4rmel verleihen einen Vintage-Touch und verweisen auf das klassische Motorrad-Erbe.<\/p>\n<p>Minimalistisches Kragendesign: Der moderne Motorradkragen kombiniert ein schlankes, komfortables Design mit einem perforierten, weichen Material mit Retro-Touch f\u00fcr einen modischen und zugleich funktionalen Akzent.<\/p>\n<p>Ergonomisches Design: Akkordeonf\u00f6rmige Eins\u00e4tze an den Schultern sorgen f\u00fcr uneingeschr\u00e4nkte Bewegungsfreiheit und erh\u00f6hen den Komfort auf und neben dem Rad.<\/p>\n<p>Sie verf\u00fcgt \u00fcber eine strapazierf\u00e4hige, wasserabweisende Au\u00dfenschicht aus mehreren Materialien, darunter ein robustes Gewebe und gestreifte Ziegenlederdetails f\u00fcr lang anhaltenden Komfort und Stil. Das leichte, kontrastfarbene Futter w\u00e4rmt nicht nur, sondern sorgt auch f\u00fcr ein schlankes, aerodynamisches Profil der Jacke. Zu den verstellbaren Elementen geh\u00f6ren ein verstellbarer Bund und verstellbare Manschetten, die eine individuelle Passform erm\u00f6glichen. Die Jacke verf\u00fcgt au\u00dferdem \u00fcber eine wasserdichte Innentasche zur sicheren Aufbewahrung von wichtigen Gegenst\u00e4nden. Schnallen f\u00fcr eine sichere Verbindung mit der Alpinestars Hose.    <\/p>\n<p>Die Axton Jacke verf\u00fcgt \u00fcber hochflexible und atmungsaktive Nucleon Flex Plus flache Schulter- und Ellbogenpolster f\u00fcr effektiven Aufprallschutz. Kategorie II EN 1621-1:2012 Level 1 Nucleon Flex Plus Schulter- und Ellenbogenpolster.  Nach europ\u00e4ischem Recht ist die CE-Kennzeichnung eine Konformit\u00e4tsvoraussetzung f\u00fcr das Inverkehrbringen dieses Produkts. Es gelten folgende Normen:Vollst\u00e4ndig CE-zertifizierter Fahranzug nach CE-Norm &#8211; Kategorie II EN17092-4:2020 &#8211; Klasse A.<\/p>\n<p>&nbsp;<\/p>\n","protected":false},"excerpt":{"rendered":"<p>Die Axton Jacke ist eine Reminiszenz an das Erbe von Alpinestars und kombiniert Vintage-inspiriertes Design mit&#8230;<\/p>\n","protected":false},"featured_media":176624,"comment_status":"open","ping_status":"closed","template":"","meta":{"_acf_changed":false},"brand":[2111],"gender":[2168],"product_brand":[],"product_cat":[1357,2045,2048],"product_tag":[],"class_list":{"0":"post-176579","1":"product","2":"type-product","3":"status-publish","4":"has-post-thumbnail","6":"brand-alpinestars-de","7":"gender-moski-de","8":"product_cat-ausrustung-fur-motorradfahrer","9":"product_cat-jakne-de","10":"product_cat-textil-jacken","11":"pa_velikost-st-3xl-de","12":"pa_velikost-st-4xl-de","13":"pa_velikost-st-5xl-de","14":"pa_velikost-st-l-de","15":"pa_velikost-st-m-de","16":"pa_velikost-st-s-de","17":"pa_velikost-st-xl-de","18":"pa_velikost-st-xxl-de","20":"first","21":"onbackorder","22":"sale","23":"taxable","24":"shipping-taxable","25":"purchasable","26":"product-type-variable"},"acf":[],"_links":{"self":[{"href":"https:\/\/moto-oprema.com\/de\/wp-json\/wp\/v2\/product\/176579","targetHints":{"allow":["GET"]}}],"collection":[{"href":"https:\/\/moto-oprema.com\/de\/wp-json\/wp\/v2\/product"}],"about":[{"href":"https:\/\/moto-oprema.com\/de\/wp-json\/wp\/v2\/types\/product"}],"replies":[{"embeddable":true,"href":"https:\/\/moto-oprema.com\/de\/wp-json\/wp\/v2\/comments?post=176579"}],"wp:featuredmedia":[{"embeddable":true,"href":"https:\/\/moto-oprema.com\/de\/wp-json\/wp\/v2\/media\/176624"}],"wp:attachment":[{"href":"https:\/\/moto-oprema.com\/de\/wp-json\/wp\/v2\/media?parent=176579"}],"wp:term":[{"taxonomy":"brand","embeddable":true,"href":"https:\/\/moto-oprema.com\/de\/wp-json\/wp\/v2\/brand?post=176579"},{"taxonomy":"gender","embeddable":true,"href":"https:\/\/moto-oprema.com\/de\/wp-json\/wp\/v2\/gender?post=176579"},{"taxonomy":"product_brand","embeddable":true,"href":"https:\/\/moto-oprema.com\/de\/wp-json\/wp\/v2\/product_brand?post=176579"},{"taxonomy":"product_cat","embeddable":true,"href":"https:\/\/moto-oprema.com\/de\/wp-json\/wp\/v2\/product_cat?post=176579"},{"taxonomy":"product_tag","embeddable":true,"href":"https:\/\/moto-oprema.com\/de\/wp-json\/wp\/v2\/product_tag?post=176579"}],"curies":[{"name":"wp","href":"https:\/\/api.w.org\/{rel}","templated":true}]}}