{"id":176372,"date":"2025-11-11T09:34:58","date_gmt":"2025-11-11T09:34:58","guid":{"rendered":"https:\/\/moto-oprema.com\/?post_type=product&#038;p=176372"},"modified":"2025-11-11T09:59:54","modified_gmt":"2025-11-11T09:59:54","slug":"dainese-gullfoss-d-dry-jacke-schwarz-kopija-2","status":"publish","type":"product","link":"https:\/\/moto-oprema.com\/de\/Artikel\/dainese-gullfoss-d-dry-jacke-schwarz-kopija-2\/","title":{"rendered":"DAINESE GULLFOSS D-DRY \u017dENSKA JAKNA BLACK"},"content":{"rendered":"<p>Die Gullfoss D-Dry\u00ae Jacket ist eine wasserdichte, modulare Motorradjacke im Rallye-Stil, die sich ideal f\u00fcr Abenteuerreisen zu allen Jahreszeiten eignet. Die wasserdichte D-Dry\u00ae-Membran, die einer Wassers\u00e4ule von 10.000 mm standh\u00e4lt, kann \u00fcber oder unter der Jacke getragen werden und ist durch verstellbare Klettverschl\u00fcsse abnehmbar. Das herausnehmbare Thermofutter, das auch separat verwendet werden kann, erm\u00f6glicht es den Fahrern, selbst die k\u00e4ltesten und regnerischsten Tage zu \u00fcberstehen.  <\/p>\n<p>Gro\u00dfe Bel\u00fcftungsl\u00f6cher auf der Brust leiten die Luft um die Schultern herum, dank eines Kanalsystems, das die Luft vom R\u00fccken wegleitet. So wird der K\u00f6rper auch bei hei\u00dfem Klima gek\u00fchlt und die Bel\u00fcftung ist hervorragend. Auch die \u00c4rmel haben praktische Bel\u00fcftungs\u00f6ffnungen mit Doppelrei\u00dfverschluss, die f\u00fcr das Fahren im Stehen optimiert sind. Diese AA-zertifizierte Jacke gew\u00e4hrleistet dank der bel\u00fcfteten Pro-Armor Level 2 Softpads an den Ellbogen und Schultern die h\u00f6chsten Sicherheitsstandards von Dainese.  <\/p>\n<p>F\u00fcr zus\u00e4tzliche Sicherheit ist die Jacke mit Smart Air\u00ae, einem Airbag mit D-air\u00ae Technologie, und den Protektoren Pro-Armor Chest 2.0, Pro-Armor G und Wave G kompatibel, die in spezielle Taschen eingesetzt werden k\u00f6nnen. Die perfekte ergonomische Passform wird durch Verstellm\u00f6glichkeiten an den H\u00fcften, Armen, Handgelenken und am Hals garantiert. Der Hals ist durch einen doppelten Knopf und einen Haken zum Befestigen des Kragens verstellbar.  <\/p>\n<p>Zwei Vordertaschen, eine wasserdichte Innentasche und eine Ges\u00e4\u00dftasche zum Verstauen der wasserdichten Membran, wenn sie nicht ben\u00f6tigt wird, bieten Funktionalit\u00e4t und Zweckm\u00e4\u00dfigkeit. Passt perfekt zu den Gulfoss D-Dry\u00ae Hosen, um Ihr Outfit oder das Ihres Partners zu vervollst\u00e4ndigen. <\/p>\n<p>REVIEW<br \/>\nAbenteuer-Motorradjacke f\u00fcr Herren mit wasserdichter D-Dry\u00ae-Membran und herausnehmbarem Thermofutter, das \u00fcber oder unter der Jacke getragen werden kann. Mit gro\u00dfen Bel\u00fcftungs\u00f6ffnungen ist sie das ideale Kleidungsst\u00fcck f\u00fcr alle Jahreszeiten. Pro-Armor Level 2 Ellbogen- und Schulterprotektoren. Perfekt in Kombination mit der Gulfoss D-Dry\u00ae Hose, um Ihr Outfit oder das Ihres Partners zu vervollst\u00e4ndigen.   <\/p>\n<p>FEATURES<\/p>\n<ul>\n<li>1 interne wasserdichte Tasche<\/li>\n<li>3 Au\u00dfentaschen<\/li>\n<li>EN 17092 AA zertifizierte Motorradbekleidung<\/li>\n<li>Strapazierf\u00e4hige gummierte Stoffeins\u00e4tze<\/li>\n<li>Tasche f\u00fcr G1 &amp; G2 Wirbels\u00e4ulenprotektor<\/li>\n<li>Taschen f\u00fcr Pro-Armor Brustprotektor 2 St\u00fcck<\/li>\n<\/ul>\n<p>ERGONOMIE<\/p>\n<ul>\n<li>Verstellbarer Hals, Taille und Manschetten<\/li>\n<li>Halsband-Schnalle<\/li>\n<li>Befestigungssystem f\u00fcr Jacke und Hose<\/li>\n<\/ul>\n<p>AUFPRALLSCHUTZ<\/p>\n<ul>\n<li>Entwickelt, um \u00fcber dem Smart Air\u2122 Airbag-System getragen zu werden<\/li>\n<li>Pro-Armor Protektoren zertifiziert nach EN 1621.1 Level 2 an den Ellbogen<\/li>\n<li>Pro-Armor-Protektoren mit Zertifizierung nach EN 1621.1 Stufe 2 an den Schultern<\/li>\n<\/ul>\n<p>TEMPERATUR<\/p>\n<ul>\n<li>2 Bel\u00fcftungs\u00f6ffnungen auf der Brust<\/li>\n<li>Bel\u00fcftungsl\u00f6cher auf der R\u00fcckseite<\/li>\n<li>Bel\u00fcftungsl\u00f6cher an den \u00c4rmeln<\/li>\n<li>Herausnehmbare W\u00e4rmematte &#8211; kann separat verwendet werden<\/li>\n<li>Separate Halsbandbefestigung<\/li>\n<\/ul>\n<p>&nbsp;<\/p>\n","protected":false},"excerpt":{"rendered":"<p>Grundlegende Frisuren: Wasserdicht 3 Schichten Pers\u00f6nliche Schutzausr\u00fcstung &#8211; CE-zertifizierte Kleidung EN1621-1 Stufe 2 Schutzvorrichtungen Klasse AA<\/p>\n","protected":false},"featured_media":176392,"comment_status":"open","ping_status":"closed","template":"","meta":{"_acf_changed":false},"brand":[2113],"gender":[2170],"product_brand":[],"product_cat":[1357,2045,2048],"product_tag":[],"class_list":{"0":"post-176372","1":"product","2":"type-product","3":"status-publish","4":"has-post-thumbnail","6":"brand-dainese-de","7":"gender-zenska-de","8":"product_cat-ausrustung-fur-motorradfahrer","9":"product_cat-jakne-de","10":"product_cat-textil-jacken","11":"pa_velikost-st-38-de","12":"pa_velikost-st-40-de","13":"pa_velikost-st-42-de","14":"pa_velikost-st-44-de","15":"pa_velikost-st-46-de","16":"pa_velikost-st-48-de","17":"pa_velikost-st-50-de","18":"pa_velikost-st-52-de","19":"pa_velikost-st-54-de","20":"pa_velikost-st-56-de","21":"pa_velikost-st-58-de","23":"first","24":"instock","25":"sale","26":"taxable","27":"shipping-taxable","28":"purchasable","29":"product-type-variable"},"acf":[],"_links":{"self":[{"href":"https:\/\/moto-oprema.com\/de\/wp-json\/wp\/v2\/product\/176372","targetHints":{"allow":["GET"]}}],"collection":[{"href":"https:\/\/moto-oprema.com\/de\/wp-json\/wp\/v2\/product"}],"about":[{"href":"https:\/\/moto-oprema.com\/de\/wp-json\/wp\/v2\/types\/product"}],"replies":[{"embeddable":true,"href":"https:\/\/moto-oprema.com\/de\/wp-json\/wp\/v2\/comments?post=176372"}],"wp:featuredmedia":[{"embeddable":true,"href":"https:\/\/moto-oprema.com\/de\/wp-json\/wp\/v2\/media\/176392"}],"wp:attachment":[{"href":"https:\/\/moto-oprema.com\/de\/wp-json\/wp\/v2\/media?parent=176372"}],"wp:term":[{"taxonomy":"brand","embeddable":true,"href":"https:\/\/moto-oprema.com\/de\/wp-json\/wp\/v2\/brand?post=176372"},{"taxonomy":"gender","embeddable":true,"href":"https:\/\/moto-oprema.com\/de\/wp-json\/wp\/v2\/gender?post=176372"},{"taxonomy":"product_brand","embeddable":true,"href":"https:\/\/moto-oprema.com\/de\/wp-json\/wp\/v2\/product_brand?post=176372"},{"taxonomy":"product_cat","embeddable":true,"href":"https:\/\/moto-oprema.com\/de\/wp-json\/wp\/v2\/product_cat?post=176372"},{"taxonomy":"product_tag","embeddable":true,"href":"https:\/\/moto-oprema.com\/de\/wp-json\/wp\/v2\/product_tag?post=176372"}],"curies":[{"name":"wp","href":"https:\/\/api.w.org\/{rel}","templated":true}]}}