{"id":175243,"date":"2025-11-10T10:35:38","date_gmt":"2025-11-10T10:35:38","guid":{"rendered":"https:\/\/moto-oprema.com\/?post_type=product&#038;p=175243"},"modified":"2025-11-10T11:00:20","modified_gmt":"2025-11-10T11:00:20","slug":"dainese-carve-master-3-gore-tex-schwarz-ebenholz-kopija","status":"publish","type":"product","link":"https:\/\/moto-oprema.com\/de\/Artikel\/dainese-carve-master-3-gore-tex-schwarz-ebenholz-kopija\/","title":{"rendered":"DAINESE CARVE MASTER 4 GORE-TEX\u00ae SCHWARZ"},"content":{"rendered":"<p>Die Carve Master 4 Gore-Tex Jacke ist die neueste Version der Sporttourenjacke von Dainese. Sie ist ideal f\u00fcr Reisen auch bei niedrigen Temperaturen und bietet absoluten Komfort und maximale Leistung. Die neue wasserdichte GORE-TEX\u00ae ePE-Membran sorgt f\u00fcr Wasserdichtigkeit, indem sie wie ein Regenschutz wirkt, und sie ist perfekt atmungsaktiv. Die elastische Konstruktion folgt den Bewegungen des K\u00f6rpers bei jeder Bewegung im Sitz, dank der gro\u00dfen Eins\u00e4tze aus dem elastischen Mugello-Material, das weich und leicht, aber dennoch strapazierf\u00e4hig ist. Mit einer personalisierten Passform und gr\u00f6\u00dferer Weichheit im Vergleich zur Vorg\u00e4ngerversion f\u00fcr maximalen Komfort w\u00e4hrend der Fahrt, auch dank umfangreicher Verstellsysteme an den H\u00fcften, Armen, Handgelenken und am Hals. Das herausnehmbare Thermofutter erm\u00f6glicht die W\u00e4rmeregulierung des K\u00f6rpers f\u00fcr h\u00f6chsten Komfort auch bei Fahrten in der k\u00e4ltesten Jahreszeit. Gro\u00dfe Vielseitigkeit in der Anwendung und Bel\u00fcftungssysteme, die mit einer Hand auf der Brust, dem R\u00fccken und den \u00c4rmeln aktiviert werden k\u00f6nnen. AA-zertifiziert und mit den h\u00f6chsten Sicherheitsstandards von Dainese durch die bel\u00fcfteten Pro-Armor Level 2 Weichprotektoren, die von den geometrischen Formen nat\u00fcrlicher Fraktale an Ellbogen und Schultern inspiriert sind, und PU\/Kunststoff-Schulterpanele. Die f\u00fcr den Pro-Armor R\u00fccken- und Brustprotektor vorgesehenen Taschen und die Kompatibilit\u00e4t mit dem Dainese Smart Airbag mit D-air\u00ae Technologie tragen dazu bei, den Schutz des Tr\u00e4gers zu erh\u00f6hen. Mit funktionellen Details wie zwei wasserdichten Au\u00dfentaschen, einem Rei\u00dfverschluss an der Hose und einer Kartentasche am Handgelenk ist die CARVE MASTER 4 eine kultige Jacke mit sportlichem Look, die Technologie, Spitzenqualit\u00e4t und Funktionalit\u00e4t f\u00fcr endlose Fahrten mit maximalem Komfort und Leistung vereint. Ideal kombiniert mit der Carve Master 4 Gore-Tex Hose, um Ihren Look zu vervollst\u00e4ndigen.          <\/p>\n<p>&nbsp;<\/p>\n<p>AUSSTATTUNG:<\/p>\n<ul>\n<li>1 Gep\u00e4ckfach auf der R\u00fcckseite<\/li>\n<li>1 Innentasche<\/li>\n<li>1 Tasche im Thermofutter<\/li>\n<li>2 wasserdichte Au\u00dfentaschen<\/li>\n<li>2 elastische Brusttaschen aus Mesh<\/li>\n<li>EN 17092 AA zertifizierte Motorradbekleidung<\/li>\n<li>Dokumententasche am \u00c4rmel<\/li>\n<li>Reflektierende Eins\u00e4tze<\/li>\n<li>ERGONOMIE<\/li>\n<li>Unten an der Jacke mit Kordelzug zur Anpassung<\/li>\n<li>Befestigungssystem f\u00fcr Jacke und Hose<\/li>\n<li>Anpassen der \u00c4rmel<\/li>\n<li>Einstellen des G\u00fcrtels<\/li>\n<li>Einstellung der Handgelenke<\/li>\n<li>HAUPTMATERIALIEN<\/li>\n<li>Duratex-Gewebe<\/li>\n<li>Mugello Stoff<\/li>\n<\/ul>\n<p>&nbsp;<\/p>\n<p>SCHUTZ<\/p>\n<ul>\n<li>Doppelte Brustprotektor-Tasche (nur Pro-Armor)<\/li>\n<li>Tasche f\u00fcr G1 &amp; G2 Wirbels\u00e4ulenprotektor<\/li>\n<li>Geeignet zum Tragen \u00fcber dem Smart Air\u2122 Airbagsystem<\/li>\n<li>Pro-Armor Ellbogensch\u00fctzer zertifiziert nach EN 1621.1 Level 2<\/li>\n<li>Pro-Armor-Protektoren mit Zertifizierung nach EN 1621.1 Level 2 an den Schultern<\/li>\n<li>TEMPERATUR<\/li>\n<li>Airbags auf Brust und R\u00fccken<\/li>\n<li>Bel\u00fcftungs\u00f6ffnungen an den \u00c4rmeln<\/li>\n<li>GORE-TEX ePE-Membran<\/li>\n<li>Herausnehmbare W\u00e4rmematte &#8211; kann separat verwendet werden<\/li>\n<\/ul>\n<p>&nbsp;<\/p>\n","protected":false},"excerpt":{"rendered":"<p>Technologische, funktionelle und ergonomische Herren-Sporttouring-Motorradjacke mit neuer wasserdichter GORE-TEX ePE-Membran. Herausnehmbares Thermofutter f\u00fcr maximalen Komfort und&#8230;<\/p>\n","protected":false},"featured_media":175260,"comment_status":"open","ping_status":"closed","template":"","meta":{"_acf_changed":false},"brand":[2113],"gender":[2168],"product_brand":[],"product_cat":[1357,2045,2048],"product_tag":[],"class_list":{"0":"post-175243","1":"product","2":"type-product","3":"status-publish","4":"has-post-thumbnail","6":"brand-dainese-de","7":"gender-moski-de","8":"product_cat-ausrustung-fur-motorradfahrer","9":"product_cat-jakne-de","10":"product_cat-textil-jacken","11":"pa_size-48-de","12":"pa_size-50-de","13":"pa_size-52-de","14":"pa_size-54-de","15":"pa_size-56-de","16":"pa_size-58-de","17":"pa_size-60-de","18":"pa_size-62-de","20":"first","21":"instock","22":"sale","23":"taxable","24":"shipping-taxable","25":"purchasable","26":"product-type-variable"},"acf":[],"_links":{"self":[{"href":"https:\/\/moto-oprema.com\/de\/wp-json\/wp\/v2\/product\/175243","targetHints":{"allow":["GET"]}}],"collection":[{"href":"https:\/\/moto-oprema.com\/de\/wp-json\/wp\/v2\/product"}],"about":[{"href":"https:\/\/moto-oprema.com\/de\/wp-json\/wp\/v2\/types\/product"}],"replies":[{"embeddable":true,"href":"https:\/\/moto-oprema.com\/de\/wp-json\/wp\/v2\/comments?post=175243"}],"wp:featuredmedia":[{"embeddable":true,"href":"https:\/\/moto-oprema.com\/de\/wp-json\/wp\/v2\/media\/175260"}],"wp:attachment":[{"href":"https:\/\/moto-oprema.com\/de\/wp-json\/wp\/v2\/media?parent=175243"}],"wp:term":[{"taxonomy":"brand","embeddable":true,"href":"https:\/\/moto-oprema.com\/de\/wp-json\/wp\/v2\/brand?post=175243"},{"taxonomy":"gender","embeddable":true,"href":"https:\/\/moto-oprema.com\/de\/wp-json\/wp\/v2\/gender?post=175243"},{"taxonomy":"product_brand","embeddable":true,"href":"https:\/\/moto-oprema.com\/de\/wp-json\/wp\/v2\/product_brand?post=175243"},{"taxonomy":"product_cat","embeddable":true,"href":"https:\/\/moto-oprema.com\/de\/wp-json\/wp\/v2\/product_cat?post=175243"},{"taxonomy":"product_tag","embeddable":true,"href":"https:\/\/moto-oprema.com\/de\/wp-json\/wp\/v2\/product_tag?post=175243"}],"curies":[{"name":"wp","href":"https:\/\/api.w.org\/{rel}","templated":true}]}}