{"id":174768,"date":"2025-11-07T08:19:58","date_gmt":"2025-11-07T08:19:58","guid":{"rendered":"https:\/\/moto-oprema.com\/?post_type=product&#038;p=174768"},"modified":"2025-11-07T08:20:00","modified_gmt":"2025-11-07T08:20:00","slug":"dainese-sauris-2-d-dry-jacke-schwarz-fluo-gelb","status":"publish","type":"product","link":"https:\/\/moto-oprema.com\/de\/Artikel\/dainese-sauris-2-d-dry-jacke-schwarz-fluo-gelb\/","title":{"rendered":"DAINESE SAURIS 2 D-DRY JACKE SCHWARZ FLUO GELB"},"content":{"rendered":"<p>Dainese Sauris 2 D-Dry Motorradjacke aus Textil<\/p>\n<p>Die Sauris 2 D-Dry\u00ae Jacket wurde f\u00fcr Komfort und Leistung an den hei\u00dfesten Tagen und effektiven wasserdichten Schutz bei Regen entwickelt. Dank ihrer zu 70% aus hochbel\u00fcftetem Mesh bestehenden Konstruktion ist sie die ideale Wahl f\u00fcr sommerliche Reisen, selbst unter den unvorhersehbarsten klimatischen Bedingungen. Die D-Dry\u00ae-Au\u00dfenschicht ist bis zu 20.000 mm wind- und wasserdicht und bietet einen wirksamen Schutz vor den Elementen, so dass Motorradfahrer ihre Reise genie\u00dfen k\u00f6nnen, ohne von einem Gewitter oder einer pl\u00f6tzlichen Kaltfront \u00fcberrascht zu werden. Die wasserdichte Au\u00dfenschicht ist leicht und faltbar, so dass sie bequem in der R\u00fcckentasche Ihrer Jacke verstaut werden kann. Cordura\u00ae-Gewebe, D-Stone\u2122-Eins\u00e4tze an den Stellen, die am st\u00e4rksten dem Aufprall ausgesetzt sind, herausnehmbare Composite-Ellbogen- und Schulterpolster sowie Taschen f\u00fcr einen R\u00fcckenprotektor auf der R\u00fcckseite und einen doppelten Brustprotektor auf der Vorderseite gew\u00e4hrleisten die h\u00f6chsten Sicherheitsstandards von Dainese.    <\/p>\n<p>Merkmale:<\/p>\n<ul>\n<li>1 Gep\u00e4ckfach auf der R\u00fcckseite und 2 Au\u00dfentaschen<\/li>\n<li>Hochfeste Netzstruktur<\/li>\n<li>ProArmor Brustprotektor Tasche (2 St\u00fcck)<\/li>\n<li>Motorradschutzjacke nach prEN 17092<\/li>\n<li>Reflektierende Eins\u00e4tze<\/li>\n<li>Befestigungssystem f\u00fcr Jacke und Hose<\/li>\n<li>verstellbares Halsband, \u00c4rmel und Handgelenke<\/li>\n<li>aus Cordura\u00ae und D-Stone\u2122-Gewebe in den Bereichen, die am meisten dem Aufprall ausgesetzt sind<\/li>\n<li>G1 oder G2 R\u00fcckenprotektor Tasche<\/li>\n<li>herausnehmbare ProArmor Schulter- und Ellbogenpolster (EN 1621.1, Stufe 2, Typ B)<\/li>\n<li>wasserdichte (20.000 mm) und winddichte D-Dry\u2122 Au\u00dfenschicht<\/li>\n<li>70% hohe Luftmaschen<\/li>\n<li>laminiertes Stretchgewebe<\/li>\n<li>Inklusive D-Dry\u2122 Au\u00dfenschicht, faltbar<\/li>\n<\/ul>\n","protected":false},"excerpt":{"rendered":"","protected":false},"featured_media":174749,"comment_status":"open","ping_status":"closed","template":"","meta":{"_acf_changed":false},"brand":[2113],"gender":[2168],"product_brand":[],"product_cat":[1357,2045,2048],"product_tag":[],"class_list":{"0":"post-174768","1":"product","2":"type-product","3":"status-publish","4":"has-post-thumbnail","6":"brand-dainese-de","7":"gender-moski-de","8":"product_cat-ausrustung-fur-motorradfahrer","9":"product_cat-jakne-de","10":"product_cat-textil-jacken","11":"pa_velikost-st-48-de","12":"pa_velikost-st-50-de","14":"first","15":"instock","16":"sale","17":"taxable","18":"shipping-taxable","19":"purchasable","20":"product-type-variable"},"acf":[],"_links":{"self":[{"href":"https:\/\/moto-oprema.com\/de\/wp-json\/wp\/v2\/product\/174768","targetHints":{"allow":["GET"]}}],"collection":[{"href":"https:\/\/moto-oprema.com\/de\/wp-json\/wp\/v2\/product"}],"about":[{"href":"https:\/\/moto-oprema.com\/de\/wp-json\/wp\/v2\/types\/product"}],"replies":[{"embeddable":true,"href":"https:\/\/moto-oprema.com\/de\/wp-json\/wp\/v2\/comments?post=174768"}],"wp:featuredmedia":[{"embeddable":true,"href":"https:\/\/moto-oprema.com\/de\/wp-json\/wp\/v2\/media\/174749"}],"wp:attachment":[{"href":"https:\/\/moto-oprema.com\/de\/wp-json\/wp\/v2\/media?parent=174768"}],"wp:term":[{"taxonomy":"brand","embeddable":true,"href":"https:\/\/moto-oprema.com\/de\/wp-json\/wp\/v2\/brand?post=174768"},{"taxonomy":"gender","embeddable":true,"href":"https:\/\/moto-oprema.com\/de\/wp-json\/wp\/v2\/gender?post=174768"},{"taxonomy":"product_brand","embeddable":true,"href":"https:\/\/moto-oprema.com\/de\/wp-json\/wp\/v2\/product_brand?post=174768"},{"taxonomy":"product_cat","embeddable":true,"href":"https:\/\/moto-oprema.com\/de\/wp-json\/wp\/v2\/product_cat?post=174768"},{"taxonomy":"product_tag","embeddable":true,"href":"https:\/\/moto-oprema.com\/de\/wp-json\/wp\/v2\/product_tag?post=174768"}],"curies":[{"name":"wp","href":"https:\/\/api.w.org\/{rel}","templated":true}]}}