{"id":174714,"date":"2025-11-06T10:59:51","date_gmt":"2025-11-06T10:59:51","guid":{"rendered":"https:\/\/moto-oprema.com\/?post_type=product&#038;p=174714"},"modified":"2025-11-06T11:17:56","modified_gmt":"2025-11-06T11:17:56","slug":"dainese-tonale-d-dry-jacke-gletscher-grau-blau-schwarz-kopija","status":"publish","type":"product","link":"https:\/\/moto-oprema.com\/de\/Artikel\/dainese-tonale-d-dry-jacke-gletscher-grau-blau-schwarz-kopija\/","title":{"rendered":"DAINESE X-TOURER D-DRY JACKE SCHWARZ TOUR ROT"},"content":{"rendered":"<p>Die X-Tourer D-DRY\u00ae Jacke kombiniert Vielseitigkeit, Komfort und Allwetterschutz in einem einzigartigen 3-lagigen Kleidungsst\u00fcck f\u00fcr Tourenfahrer. Die perfekte Wahl f\u00fcr Fahrspa\u00df zu jeder Jahreszeit. Die abnehmbare und einziehbare 20.000 mm D-DRY\u00ae wasserdichte Membran bietet Schutz an regnerischen Tagen und ist gleichzeitig hoch atmungsaktiv. Die Thermo-Innenjacke speichert die W\u00e4rme und kann separat getragen werden, um den Fahrer auch au\u00dferhalb des Motorrads warm zu halten. Der praktische Kragenhaken, 2 Bel\u00fcftungsrei\u00dfverschl\u00fcsse auf der Brust und 2 Bel\u00fcftungsrei\u00dfverschl\u00fcsse auf dem R\u00fccken sorgen f\u00fcr eine ideale Temperatur in der warmen Jahreszeit und erm\u00f6glichen ein sicheres und komfortables Fahren bei allen Wetterbedingungen. Die Sicherheitsstandards von Dainese werden durch D-Stone\u2122-Eins\u00e4tze in den Bereichen, die starken St\u00f6\u00dfen ausgesetzt sind, und herausnehmbare Verbundprotektoren an den Schultern und Ellbogen gew\u00e4hrleistet. Es ist immer die richtige Zeit f\u00fcr Touren!      <\/p>\n<p>Mehr lesen<\/p>\n<ul>\n<li>2 in 1 &#8211; herausnehmbare innere Thermojacke<\/li>\n<li>2 Innentaschen, 2 Au\u00dfentaschen<\/li>\n<li>1 wasserdichtes Innenfach, 1 Gep\u00e4ckfach auf der R\u00fcckseite<\/li>\n<li>Reflektierende Eins\u00e4tze<\/li>\n<li>Befestigungssystem f\u00fcr Jacke und Hose<\/li>\n<li>2 Bel\u00fcftungs\u00f6ffnungen auf der Brust + 2 Bel\u00fcftungsrei\u00dfverschl\u00fcsse an den \u00c4rmeln<\/li>\n<li>Abnehmbarer W\u00e4rmemantel &#8211; kann separat verwendet werden<\/li>\n<li>Abnehmbare wasserdichte D-DRY\u00ae-Membran 20.000 mm<\/li>\n<li>Bel\u00fcftungs\u00f6ffnung auf der R\u00fcckseite<\/li>\n<li>Abnehmbare Schulter- und Ellbogenpolster aus Verbundwerkstoff<\/li>\n<li>G1 und G2 R\u00fcckenprotektor Tasche<\/li>\n<li>Doppelte Tasche f\u00fcr den Brustschutz<\/li>\n<\/ul>\n","protected":false},"excerpt":{"rendered":"<p>Die X-Tourer D-DRY\u00ae Jacke kombiniert Vielseitigkeit, Komfort und Allwetterschutz in einem einzigartigen 3-lagigen Kleidungsst\u00fcck f\u00fcr Tourenfahrer&#8230;.<\/p>\n","protected":false},"featured_media":174721,"comment_status":"open","ping_status":"closed","template":"","meta":{"_acf_changed":false},"brand":[2113],"gender":[2168],"product_brand":[],"product_cat":[1357,2045,2048],"product_tag":[],"class_list":{"0":"post-174714","1":"product","2":"type-product","3":"status-publish","4":"has-post-thumbnail","6":"brand-dainese-de","7":"gender-moski-de","8":"product_cat-ausrustung-fur-motorradfahrer","9":"product_cat-jakne-de","10":"product_cat-textil-jacken","11":"pa_velikost-st-50-de","12":"pa_velikost-st-58-de","14":"first","15":"instock","16":"sale","17":"taxable","18":"shipping-taxable","19":"purchasable","20":"product-type-variable"},"acf":[],"_links":{"self":[{"href":"https:\/\/moto-oprema.com\/de\/wp-json\/wp\/v2\/product\/174714","targetHints":{"allow":["GET"]}}],"collection":[{"href":"https:\/\/moto-oprema.com\/de\/wp-json\/wp\/v2\/product"}],"about":[{"href":"https:\/\/moto-oprema.com\/de\/wp-json\/wp\/v2\/types\/product"}],"replies":[{"embeddable":true,"href":"https:\/\/moto-oprema.com\/de\/wp-json\/wp\/v2\/comments?post=174714"}],"wp:featuredmedia":[{"embeddable":true,"href":"https:\/\/moto-oprema.com\/de\/wp-json\/wp\/v2\/media\/174721"}],"wp:attachment":[{"href":"https:\/\/moto-oprema.com\/de\/wp-json\/wp\/v2\/media?parent=174714"}],"wp:term":[{"taxonomy":"brand","embeddable":true,"href":"https:\/\/moto-oprema.com\/de\/wp-json\/wp\/v2\/brand?post=174714"},{"taxonomy":"gender","embeddable":true,"href":"https:\/\/moto-oprema.com\/de\/wp-json\/wp\/v2\/gender?post=174714"},{"taxonomy":"product_brand","embeddable":true,"href":"https:\/\/moto-oprema.com\/de\/wp-json\/wp\/v2\/product_brand?post=174714"},{"taxonomy":"product_cat","embeddable":true,"href":"https:\/\/moto-oprema.com\/de\/wp-json\/wp\/v2\/product_cat?post=174714"},{"taxonomy":"product_tag","embeddable":true,"href":"https:\/\/moto-oprema.com\/de\/wp-json\/wp\/v2\/product_tag?post=174714"}],"curies":[{"name":"wp","href":"https:\/\/api.w.org\/{rel}","templated":true}]}}