{"id":174117,"date":"2025-11-05T10:01:30","date_gmt":"2025-11-05T10:01:30","guid":{"rendered":"https:\/\/moto-oprema.com\/?post_type=product&#038;p=174117"},"modified":"2025-11-05T10:10:55","modified_gmt":"2025-11-05T10:10:55","slug":"alpinestars-wt-8-v2-gore-tex-handschuhe-schwarz-kopija","status":"publish","type":"product","link":"https:\/\/moto-oprema.com\/de\/Artikel\/alpinestars-wt-8-v2-gore-tex-handschuhe-schwarz-kopija\/","title":{"rendered":"ALPINESTARS WT-8 V2 GORE-TEX\u00ae HANDSCHUHE SCHWARZ DUNKELBLAU"},"content":{"rendered":"<p>Alpinestars WT-8 GTX wasserdichte Motorradhandschuhe<\/p>\n<p>Die WT-8 GORE-TEX Handschuhe sind f\u00fcr anspruchsvolle lange Fahrten und Allwetterfahrten konzipiert. Mit ihrer Gore-Grip-Konstruktion, hochwertiger Isolierung und cleveren Schutzdetails bieten sie optimalen Komfort, W\u00e4rme und Kontrolle &#8211; ideal f\u00fcr kalte und nasse Bedingungen. <\/p>\n<p>Merkmale:<\/p>\n<ul>\n<li>Die GORE-TEX Gore-Grip Konstruktion sorgt f\u00fcr zuverl\u00e4ssige Wasserdichtigkeit und hohe Atmungsaktivit\u00e4t.<\/li>\n<li>Die Membran ist direkt mit der \u00e4u\u00dferen Schicht verbunden, wodurch die Reibung zwischen den Schichten reduziert wird &#8211; f\u00fcr ein pr\u00e4zises Tragegef\u00fchl.<\/li>\n<li>133 g PrimaLoft\u00ae Gold Insulation Eco (hergestellt aus 75 % recyceltem Material) bietet hervorragende W\u00e4rmeisolierung bei geringem Gewicht.<\/li>\n<li>Das gemischte Leder und die 2-lagige Stretch-Au\u00dfenschicht bieten Abriebfestigkeit, Komfort und eine ergonomische Passform.<\/li>\n<li>Lederverst\u00e4rkungen auf der Handfl\u00e4che und ein gepolsterter Handfl\u00e4chenschieber sch\u00fctzen kritische Bereiche.<\/li>\n<li>Lange \u00c4rmel mit doppeltem Handgelenkverschluss f\u00fcr sicheren Schutz \u00fcber der Jacke.<\/li>\n<li>Dank leitf\u00e4higer Fingerspitzen k\u00f6nnen Sie die Touchscreens bedienen, ohne die Handschuhe ausziehen zu m\u00fcssen.<\/li>\n<li>Die Zugschlaufe aus Silikon erleichtert das An- und Ausziehen &#8211; auch unter schwierigen Bedingungen.<\/li>\n<\/ul>\n<p>Spezifikationen:<\/p>\n<ul>\n<li>Schutzhandschuhe f\u00fcr Motorradfahrer &#8211; EN 13594:2015, Schutzstufe 1 KP.<\/li>\n<li>TPU SP Kn\u00f6chelprotektoren bieten hohen Schutz vor St\u00f6\u00dfen und Abrieb.<\/li>\n<li>Strategisch platzierte Polster auf der Handfl\u00e4che, dem Oberarm und den Seiten des Arms erh\u00f6hen die Schutzwirkung bei St\u00fcrzen.<\/li>\n<li>Die Handfl\u00e4chen verbessern die Abriebfestigkeit und sorgen f\u00fcr eine lange Haltbarkeit.<\/li>\n<li>Zus\u00e4tzliche Informationen zum Produkt<\/li>\n<\/ul>\n<p>Material 58% Polyamid 28% Ziegenleder 7% Polyester 5% Polyurethan 2% andere \/ Enth\u00e4lt keine Textilteile tierischen Ursprungs!<\/p>\n<p>&nbsp;<\/p>\n","protected":false},"excerpt":{"rendered":"<p>Alpinestars WT-8 GTX wasserdichte Motorradhandschuhe Die WT-8 GORE-TEX Handschuhe sind f\u00fcr anspruchsvolle lange Fahrten und Allwetterfahrten&#8230;<\/p>\n","protected":false},"featured_media":174076,"comment_status":"open","ping_status":"closed","template":"","meta":{"_acf_changed":false},"brand":[2111],"gender":[2168],"product_brand":[],"product_cat":[1357,2086,2092],"product_tag":[],"class_list":{"0":"post-174117","1":"product","2":"type-product","3":"status-publish","4":"has-post-thumbnail","6":"brand-alpinestars-de","7":"gender-moski-de","8":"product_cat-ausrustung-fur-motorradfahrer","9":"product_cat-handschuhe","10":"product_cat-textil-handschuhe","11":"pa_velikost-st-3xl-de","12":"pa_velikost-st-4xl-de","13":"pa_velikost-st-l-de","14":"pa_velikost-st-m-de","15":"pa_velikost-st-s-de","16":"pa_velikost-st-xl-de","17":"pa_velikost-st-xxl-de","19":"first","20":"outofstock","21":"sale","22":"taxable","23":"shipping-taxable","24":"purchasable","25":"product-type-variable"},"acf":[],"_links":{"self":[{"href":"https:\/\/moto-oprema.com\/de\/wp-json\/wp\/v2\/product\/174117","targetHints":{"allow":["GET"]}}],"collection":[{"href":"https:\/\/moto-oprema.com\/de\/wp-json\/wp\/v2\/product"}],"about":[{"href":"https:\/\/moto-oprema.com\/de\/wp-json\/wp\/v2\/types\/product"}],"replies":[{"embeddable":true,"href":"https:\/\/moto-oprema.com\/de\/wp-json\/wp\/v2\/comments?post=174117"}],"wp:featuredmedia":[{"embeddable":true,"href":"https:\/\/moto-oprema.com\/de\/wp-json\/wp\/v2\/media\/174076"}],"wp:attachment":[{"href":"https:\/\/moto-oprema.com\/de\/wp-json\/wp\/v2\/media?parent=174117"}],"wp:term":[{"taxonomy":"brand","embeddable":true,"href":"https:\/\/moto-oprema.com\/de\/wp-json\/wp\/v2\/brand?post=174117"},{"taxonomy":"gender","embeddable":true,"href":"https:\/\/moto-oprema.com\/de\/wp-json\/wp\/v2\/gender?post=174117"},{"taxonomy":"product_brand","embeddable":true,"href":"https:\/\/moto-oprema.com\/de\/wp-json\/wp\/v2\/product_brand?post=174117"},{"taxonomy":"product_cat","embeddable":true,"href":"https:\/\/moto-oprema.com\/de\/wp-json\/wp\/v2\/product_cat?post=174117"},{"taxonomy":"product_tag","embeddable":true,"href":"https:\/\/moto-oprema.com\/de\/wp-json\/wp\/v2\/product_tag?post=174117"}],"curies":[{"name":"wp","href":"https:\/\/api.w.org\/{rel}","templated":true}]}}