{"id":173288,"date":"2025-11-03T09:43:24","date_gmt":"2025-11-03T09:43:24","guid":{"rendered":"https:\/\/moto-oprema.com\/?post_type=product&#038;p=173288"},"modified":"2025-11-03T09:43:27","modified_gmt":"2025-11-03T09:43:27","slug":"spidi-stretch-h2out-jacke-schwarz","status":"publish","type":"product","link":"https:\/\/moto-oprema.com\/de\/Artikel\/spidi-stretch-h2out-jacke-schwarz\/","title":{"rendered":"SPIDI STRETCH H2OUT JACKE SCHWARZ"},"content":{"rendered":"<p>Die SPIDI Stretch H2OUT Jacke ist eine sch\u00fctzende Allround-Motorradbekleidung, die f\u00fcr den Einsatz bei allen Wetterbedingungen konzipiert wurde. Sie besteht aus einer festen wasserdichten, winddichten und atmungsaktiven H2OUT\u00ae-Membran mit Z-Liner-Konstruktion, die zuverl\u00e4ssigen Schutz vor Regen und Wind bietet und gleichzeitig eine hervorragende Atmungsaktivit\u00e4t aufweist. <\/p>\n<p>&nbsp;<\/p>\n<p>Das Obermaterial besteht aus einem mittelschweren Polyamid mit Stretchmaterial f\u00fcr optimalen Komfort und Flexibilit\u00e4t. Es ist wasserabweisend, damit das Wasser bei Kontakt sofort abflie\u00dfen kann, was die Leistung bei nassen Bedingungen verbessert, bevor die wasserdichte Membran aktiviert wird.<\/p>\n<p>Ein herausnehmbares Thermofutter sorgt f\u00fcr Isolierung bei k\u00fchleren Fahrten, w\u00e4hrend die Bel\u00fcftungsrei\u00dfverschl\u00fcsse f\u00fcr einen effizienten Luftstrom sorgen, wenn das Wetter w\u00e4rmer wird. Die Z-Liner-Konstruktion sorgt daf\u00fcr, dass die 4 Bel\u00fcftungskan\u00e4le funktionieren, ohne die Wasserdichtigkeit zu beeintr\u00e4chtigen. <\/p>\n<p>Level 2 Warrior Lite Schulter- und Ellbogenpolster sind angebracht, mit speziellen Taschen f\u00fcr zus\u00e4tzliche R\u00fccken- und Brustpolster. Reflektierende Elemente erh\u00f6hen die Sichtbarkeit bei schlechten Lichtverh\u00e4ltnissen und ein integriertes Clip-Stop-System erm\u00f6glicht eine sichere Verbindung mit der SPIDI-Hose f\u00fcr mehr Stabilit\u00e4t w\u00e4hrend der Fahrt. <\/p>\n<p>Die H2OUT Stretch-Jacke, zertifiziert nach EN 17092-3:2020 Klasse AA, ist ideal f\u00fcr Pendler und Touren mit dem Sportrad. Sie ist auch mit der passenden H2OUT\u00ae-Hose f\u00fcr ein perfekt abgestimmtes, wetterfestes Outfit erh\u00e4ltlich. <\/p>\n<p>&nbsp;<\/p>\n","protected":false},"excerpt":{"rendered":"","protected":false},"featured_media":173265,"comment_status":"open","ping_status":"closed","template":"","meta":{"_acf_changed":false},"brand":[2124],"gender":[2168],"product_brand":[],"product_cat":[1357,2045,2048],"product_tag":[],"class_list":{"0":"post-173288","1":"product","2":"type-product","3":"status-publish","4":"has-post-thumbnail","6":"brand-spidi-de","7":"gender-moski-de","8":"product_cat-ausrustung-fur-motorradfahrer","9":"product_cat-jakne-de","10":"product_cat-textil-jacken","11":"pa_size-3xl-de","12":"pa_size-4xl-de","13":"pa_size-5xl-de","14":"pa_size-l-de","15":"pa_size-m-de","16":"pa_size-s-de","17":"pa_size-xl-de","18":"pa_size-xxl-de","20":"first","21":"instock","22":"sale","23":"taxable","24":"shipping-taxable","25":"purchasable","26":"product-type-variable"},"acf":[],"_links":{"self":[{"href":"https:\/\/moto-oprema.com\/de\/wp-json\/wp\/v2\/product\/173288","targetHints":{"allow":["GET"]}}],"collection":[{"href":"https:\/\/moto-oprema.com\/de\/wp-json\/wp\/v2\/product"}],"about":[{"href":"https:\/\/moto-oprema.com\/de\/wp-json\/wp\/v2\/types\/product"}],"replies":[{"embeddable":true,"href":"https:\/\/moto-oprema.com\/de\/wp-json\/wp\/v2\/comments?post=173288"}],"wp:featuredmedia":[{"embeddable":true,"href":"https:\/\/moto-oprema.com\/de\/wp-json\/wp\/v2\/media\/173265"}],"wp:attachment":[{"href":"https:\/\/moto-oprema.com\/de\/wp-json\/wp\/v2\/media?parent=173288"}],"wp:term":[{"taxonomy":"brand","embeddable":true,"href":"https:\/\/moto-oprema.com\/de\/wp-json\/wp\/v2\/brand?post=173288"},{"taxonomy":"gender","embeddable":true,"href":"https:\/\/moto-oprema.com\/de\/wp-json\/wp\/v2\/gender?post=173288"},{"taxonomy":"product_brand","embeddable":true,"href":"https:\/\/moto-oprema.com\/de\/wp-json\/wp\/v2\/product_brand?post=173288"},{"taxonomy":"product_cat","embeddable":true,"href":"https:\/\/moto-oprema.com\/de\/wp-json\/wp\/v2\/product_cat?post=173288"},{"taxonomy":"product_tag","embeddable":true,"href":"https:\/\/moto-oprema.com\/de\/wp-json\/wp\/v2\/product_tag?post=173288"}],"curies":[{"name":"wp","href":"https:\/\/api.w.org\/{rel}","templated":true}]}}