{"id":172204,"date":"2025-10-21T10:27:34","date_gmt":"2025-10-21T10:27:34","guid":{"rendered":"https:\/\/moto-oprema.com\/?post_type=product&#038;p=172204"},"modified":"2025-10-22T06:22:49","modified_gmt":"2025-10-22T06:22:49","slug":"fox-180-kairos-mx-jugend-trikot-tangerine-kopija","status":"publish","type":"product","link":"https:\/\/moto-oprema.com\/de\/Artikel\/fox-180-kairos-mx-jugend-trikot-tangerine-kopija\/","title":{"rendered":"FOX 180 KAIROS MX JUGEND TRIKOT TANGERINE"},"content":{"rendered":"<p>Das Fox 180 Jugendtrikot ist die perfekte Kombination aus Funktionalit\u00e4t und Stil. Der Stoff sorgt f\u00fcr hervorragende Bel\u00fcftung und Feuchtigkeitsabtransport. Und die Bemalung l\u00e4sst Sie auch noch toll aussehen.  <\/p>\n<p>Merkmale:<\/p>\n<div class=\"expander\">\n<div class=\"expander-content technical-details\">\n<ul>\n<li>Feuchtigkeitsableitendes Polyester-Hauptmaterial f\u00fcr verbesserte Leistung und Komfort<\/li>\n<li>Bel\u00fcftete Seitenteile f\u00fcr verbesserte Luftzirkulation<\/li>\n<li>Asymmetrischer Netzkragen und leichte Polyestermanschette<\/li>\n<li>Der abnehmbare Bund h\u00e4lt das Trikot in der Hose<\/li>\n<\/ul>\n<\/div>\n<\/div>\n<p>100% Polyester<\/p>\n","protected":false},"excerpt":{"rendered":"<p>Fox Race 180 Trikot f\u00fcr Jugendliche.<\/p>\n","protected":false},"featured_media":172011,"comment_status":"open","ping_status":"closed","template":"","meta":{"_acf_changed":false},"brand":[2115],"gender":[],"product_brand":[],"product_cat":[2216,2028],"product_tag":[],"class_list":{"0":"post-172204","1":"product","2":"type-product","3":"status-publish","4":"has-post-thumbnail","6":"brand-fox-de","7":"product_cat-fur-die-jungsten-de","8":"product_cat-motocross-ausrustung","9":"pa_size-l9-10-jahre-de","10":"pa_size-m7-8-jahre-de","11":"pa_size-s5-6-jahre-de","12":"pa_size-xl11-13-jahre-de","14":"first","15":"onbackorder","16":"sale","17":"taxable","18":"shipping-taxable","19":"purchasable","20":"product-type-variable"},"acf":[],"_links":{"self":[{"href":"https:\/\/moto-oprema.com\/de\/wp-json\/wp\/v2\/product\/172204","targetHints":{"allow":["GET"]}}],"collection":[{"href":"https:\/\/moto-oprema.com\/de\/wp-json\/wp\/v2\/product"}],"about":[{"href":"https:\/\/moto-oprema.com\/de\/wp-json\/wp\/v2\/types\/product"}],"replies":[{"embeddable":true,"href":"https:\/\/moto-oprema.com\/de\/wp-json\/wp\/v2\/comments?post=172204"}],"wp:featuredmedia":[{"embeddable":true,"href":"https:\/\/moto-oprema.com\/de\/wp-json\/wp\/v2\/media\/172011"}],"wp:attachment":[{"href":"https:\/\/moto-oprema.com\/de\/wp-json\/wp\/v2\/media?parent=172204"}],"wp:term":[{"taxonomy":"brand","embeddable":true,"href":"https:\/\/moto-oprema.com\/de\/wp-json\/wp\/v2\/brand?post=172204"},{"taxonomy":"gender","embeddable":true,"href":"https:\/\/moto-oprema.com\/de\/wp-json\/wp\/v2\/gender?post=172204"},{"taxonomy":"product_brand","embeddable":true,"href":"https:\/\/moto-oprema.com\/de\/wp-json\/wp\/v2\/product_brand?post=172204"},{"taxonomy":"product_cat","embeddable":true,"href":"https:\/\/moto-oprema.com\/de\/wp-json\/wp\/v2\/product_cat?post=172204"},{"taxonomy":"product_tag","embeddable":true,"href":"https:\/\/moto-oprema.com\/de\/wp-json\/wp\/v2\/product_tag?post=172204"}],"curies":[{"name":"wp","href":"https:\/\/api.w.org\/{rel}","templated":true}]}}