{"id":172139,"date":"2025-10-21T08:19:35","date_gmt":"2025-10-21T08:19:35","guid":{"rendered":"https:\/\/moto-oprema.com\/?post_type=product&#038;p=172139"},"modified":"2025-10-22T07:27:33","modified_gmt":"2025-10-22T07:27:33","slug":"fox-180-race-spec-mx-jugend-hose-schwarz-rot-kopija","status":"publish","type":"product","link":"https:\/\/moto-oprema.com\/de\/Artikel\/fox-180-race-spec-mx-jugend-hose-schwarz-rot-kopija\/","title":{"rendered":"FUCHS 180 RENNEN KAIROS MX JUGEND SHORTS MANDARINE"},"content":{"rendered":"<p>Die FOX 180 Youth Motocross Pant ist die ideale Wahl f\u00fcr den Einsatz auf Ihrem Motocross-Bike. Der \u00dcbergang vom Anf\u00e4nger zum erfahrenen Experten ist keine leichte Aufgabe. Die 180 Rennbekleidung wurde entwickelt, um genau diese Fahrer zu unterst\u00fctzen. Die 180er Hose verwendet die FOX Rider Attack Position (RAP\u2122) Technologie f\u00fcr erh\u00f6hten Komfort und optimalen Sitz in der Fahrposition. Diese artikulierte Passform in Kombination mit TruMotion\u00ae Stretcheins\u00e4tzen erm\u00f6glicht Flexibilit\u00e4t und nat\u00fcrlichere Bewegungen auf dem Rad. Die Shorts sind aus robustem 600D-Polyester gefertigt und daher besonders strapazierf\u00e4hig. Hitze- und abriebfeste Ledereins\u00e4tze an beiden Beinen sorgen f\u00fcr zus\u00e4tzliche Verst\u00e4rkung in den kritischsten Verschlei\u00dfbereichen.      <\/p>\n<p>Au\u00dfenmaterial: 79% Polyester, 15% Polyamid-Nylon, 5% Rindsleder, 1% Elasthan<\/p>\n<p>Futter: 100% Polyester<\/p>\n","protected":false},"excerpt":{"rendered":"<p>FOX 180 mx Jugendhose.<\/p>\n","protected":false},"featured_media":171995,"comment_status":"open","ping_status":"closed","template":"","meta":{"_acf_changed":false},"brand":[2115],"gender":[],"product_brand":[],"product_cat":[2216,2028,2246],"product_tag":[],"class_list":{"0":"post-172139","1":"product","2":"type-product","3":"status-publish","4":"has-post-thumbnail","6":"brand-fox-de","7":"product_cat-fur-die-jungsten-de","8":"product_cat-motocross-ausrustung","9":"product_cat-mx-hose-de","10":"pa_size-22-de","11":"pa_size-24-de","12":"pa_size-26-de","13":"pa_size-28-de","15":"first","16":"onbackorder","17":"sale","18":"taxable","19":"shipping-taxable","20":"purchasable","21":"product-type-variable"},"acf":[],"_links":{"self":[{"href":"https:\/\/moto-oprema.com\/de\/wp-json\/wp\/v2\/product\/172139","targetHints":{"allow":["GET"]}}],"collection":[{"href":"https:\/\/moto-oprema.com\/de\/wp-json\/wp\/v2\/product"}],"about":[{"href":"https:\/\/moto-oprema.com\/de\/wp-json\/wp\/v2\/types\/product"}],"replies":[{"embeddable":true,"href":"https:\/\/moto-oprema.com\/de\/wp-json\/wp\/v2\/comments?post=172139"}],"wp:featuredmedia":[{"embeddable":true,"href":"https:\/\/moto-oprema.com\/de\/wp-json\/wp\/v2\/media\/171995"}],"wp:attachment":[{"href":"https:\/\/moto-oprema.com\/de\/wp-json\/wp\/v2\/media?parent=172139"}],"wp:term":[{"taxonomy":"brand","embeddable":true,"href":"https:\/\/moto-oprema.com\/de\/wp-json\/wp\/v2\/brand?post=172139"},{"taxonomy":"gender","embeddable":true,"href":"https:\/\/moto-oprema.com\/de\/wp-json\/wp\/v2\/gender?post=172139"},{"taxonomy":"product_brand","embeddable":true,"href":"https:\/\/moto-oprema.com\/de\/wp-json\/wp\/v2\/product_brand?post=172139"},{"taxonomy":"product_cat","embeddable":true,"href":"https:\/\/moto-oprema.com\/de\/wp-json\/wp\/v2\/product_cat?post=172139"},{"taxonomy":"product_tag","embeddable":true,"href":"https:\/\/moto-oprema.com\/de\/wp-json\/wp\/v2\/product_tag?post=172139"}],"curies":[{"name":"wp","href":"https:\/\/api.w.org\/{rel}","templated":true}]}}