{"id":171055,"date":"2025-10-14T10:07:13","date_gmt":"2025-10-14T10:07:13","guid":{"rendered":"https:\/\/moto-oprema.com\/?post_type=product&#038;p=171055"},"modified":"2025-10-14T10:16:36","modified_gmt":"2025-10-14T10:16:36","slug":"fox-180-mx-trikot-shield-schwarz-kopija","status":"publish","type":"product","link":"https:\/\/moto-oprema.com\/de\/Artikel\/fox-180-mx-trikot-shield-schwarz-kopija\/","title":{"rendered":"FOX 180 MX TRIKOT SCHILD FLUO GELB"},"content":{"rendered":"<p>Das FOX 180 Shield Trikot bietet alle wesentlichen Eigenschaften, die Sie f\u00fcr Ihre Fahrt ben\u00f6tigen und ist das ideale Kit f\u00fcr jeden, der sich vom Anf\u00e4nger zum erfahrenen, fortgeschrittenen Fahrer entwickelt. Das 180er Trikot besteht aus feuchtigkeitsableitendem Material und Mesh-Eins\u00e4tzen zur Bel\u00fcftung, um Sie k\u00fchl, trocken und komfortabel zu halten, w\u00e4hrend das Drop-Back-Design daf\u00fcr sorgt, dass das Trikot w\u00e4hrend der gesamten Fahrt in Ihrer Hose bleibt. <\/p>\n<p>Leserschaft:<br \/>\n1. Feuchtigkeitsableitendes Material sorgt f\u00fcr ein weiches, leichtes Tragegef\u00fchl und leitet den Schwei\u00df vom K\u00f6rper weg, damit Sie trocken bleiben<br \/>\n2. Bel\u00fcftungseins\u00e4tze aus Mesh erh\u00f6hen die Atmungsaktivit\u00e4t und den Luftstrom<br \/>\n3. Mesh-Kragen und -B\u00fcndchen verbessern die Passform und den Tragekomfort<br \/>\n4. Gef\u00e4rbte oder sublimierte Grafikpaneele f\u00fcr satte, leuchtende Farben<br \/>\n5. Drop-Tail-Design sorgt daf\u00fcr, dass das Hemd in die Shorts passt<\/p>\n","protected":false},"excerpt":{"rendered":"","protected":false},"featured_media":171014,"comment_status":"open","ping_status":"closed","template":"","meta":{"_acf_changed":false},"brand":[2115],"gender":[2168],"product_brand":[],"product_cat":[2028,2029],"product_tag":[],"class_list":{"0":"post-171055","1":"product","2":"type-product","3":"status-publish","4":"has-post-thumbnail","6":"brand-fox-de","7":"gender-moski-de","8":"product_cat-motocross-ausrustung","9":"product_cat-mx-dresi-de","10":"pa_size-2xl-de","11":"pa_size-l-de","12":"pa_size-m-de","13":"pa_size-s-de","14":"pa_size-xl-de","16":"first","17":"instock","18":"taxable","19":"shipping-taxable","20":"purchasable","21":"product-type-variable"},"acf":[],"_links":{"self":[{"href":"https:\/\/moto-oprema.com\/de\/wp-json\/wp\/v2\/product\/171055","targetHints":{"allow":["GET"]}}],"collection":[{"href":"https:\/\/moto-oprema.com\/de\/wp-json\/wp\/v2\/product"}],"about":[{"href":"https:\/\/moto-oprema.com\/de\/wp-json\/wp\/v2\/types\/product"}],"replies":[{"embeddable":true,"href":"https:\/\/moto-oprema.com\/de\/wp-json\/wp\/v2\/comments?post=171055"}],"wp:featuredmedia":[{"embeddable":true,"href":"https:\/\/moto-oprema.com\/de\/wp-json\/wp\/v2\/media\/171014"}],"wp:attachment":[{"href":"https:\/\/moto-oprema.com\/de\/wp-json\/wp\/v2\/media?parent=171055"}],"wp:term":[{"taxonomy":"brand","embeddable":true,"href":"https:\/\/moto-oprema.com\/de\/wp-json\/wp\/v2\/brand?post=171055"},{"taxonomy":"gender","embeddable":true,"href":"https:\/\/moto-oprema.com\/de\/wp-json\/wp\/v2\/gender?post=171055"},{"taxonomy":"product_brand","embeddable":true,"href":"https:\/\/moto-oprema.com\/de\/wp-json\/wp\/v2\/product_brand?post=171055"},{"taxonomy":"product_cat","embeddable":true,"href":"https:\/\/moto-oprema.com\/de\/wp-json\/wp\/v2\/product_cat?post=171055"},{"taxonomy":"product_tag","embeddable":true,"href":"https:\/\/moto-oprema.com\/de\/wp-json\/wp\/v2\/product_tag?post=171055"}],"curies":[{"name":"wp","href":"https:\/\/api.w.org\/{rel}","templated":true}]}}