{"id":170510,"date":"2025-10-13T10:08:28","date_gmt":"2025-10-13T10:08:28","guid":{"rendered":"https:\/\/moto-oprema.com\/?post_type=product&#038;p=170510"},"modified":"2025-10-13T10:14:10","modified_gmt":"2025-10-13T10:14:10","slug":"fox-v1-mips-mx-helm-shield-ece22-06-rosa-kopija","status":"publish","type":"product","link":"https:\/\/moto-oprema.com\/de\/Artikel\/fox-v1-mips-mx-helm-shield-ece22-06-rosa-kopija\/","title":{"rendered":"FOX V1 MIPS MX HELM SHIELD ECE22.06 FLUO GELB"},"content":{"rendered":"<p>Der FOX V1 Motocross-Helm bietet die beste Leistung seiner Klasse und hebt die Messlatte f\u00fcr Leistung auf ein ganz neues Niveau. Mit herausragender Qualit\u00e4t, Sicherheit und Komfort kann er es mit den st\u00e4rksten Konkurrenten auf dem Markt aufnehmen. <\/p>\n<p>Es ist wissenschaftlich erwiesen, dass das MIPS\u2122-Schutzsystem die bei einem Unfall auf das Gehirn \u00fcbertragenen Rotationsbewegungen reduziert, indem es Energien und Kr\u00e4fte absorbiert und umleitet. Das verstellbare Visier mit abbrechbaren Seitenschrauben l\u00e4sst sich im Falle eines Unfalls leicht entfernen. Die leichte, spritzgegossene Polycarbonat- und ABS-Schalenkonstruktion verteilt die Energie im Falle eines Unfalls optimal. 4 Schalengr\u00f6\u00dfen und 6 EPS sorgen f\u00fcr eine pr\u00e4zise Passform. F\u00fcr lang anhaltenden Komfort sind das Komfortfutter und die Wangenpolster herausnehmbar und waschbar. Das EVA-Kinnpolster ist gepolstert und die Abdeckung der Mund\u00f6ffnung ist abnehmbar. 7 Einl\u00e4sse und 4 Ausl\u00e4sse sorgen f\u00fcr optimalen Komfort, unschlagbares Feuchtigkeitsmanagement und optimale Luftzirkulation.      <\/p>\n<p><strong>Entspricht der neuen ECE 22.06 und der DOT-Zertifizierung.<\/strong><\/p>\n","protected":false},"excerpt":{"rendered":"<p>Brandneuer Fox V1 ECE 22.06 Helm<\/p>\n","protected":false},"featured_media":170227,"comment_status":"open","ping_status":"closed","template":"","meta":{"_acf_changed":false},"brand":[2115],"gender":[2173],"product_brand":[],"product_cat":[2028,2063],"product_tag":[],"class_list":{"0":"post-170510","1":"product","2":"type-product","3":"status-publish","4":"has-post-thumbnail","6":"brand-fox-de","7":"gender-unisex-de","8":"product_cat-motocross-ausrustung","9":"product_cat-mx-helme","10":"pa_size-l-de","11":"pa_size-m-de","12":"pa_size-s-de","13":"pa_size-xl-de","14":"pa_size-xs-de","16":"first","17":"instock","18":"sale","19":"taxable","20":"shipping-taxable","21":"purchasable","22":"product-type-variable"},"acf":[],"_links":{"self":[{"href":"https:\/\/moto-oprema.com\/de\/wp-json\/wp\/v2\/product\/170510","targetHints":{"allow":["GET"]}}],"collection":[{"href":"https:\/\/moto-oprema.com\/de\/wp-json\/wp\/v2\/product"}],"about":[{"href":"https:\/\/moto-oprema.com\/de\/wp-json\/wp\/v2\/types\/product"}],"replies":[{"embeddable":true,"href":"https:\/\/moto-oprema.com\/de\/wp-json\/wp\/v2\/comments?post=170510"}],"wp:featuredmedia":[{"embeddable":true,"href":"https:\/\/moto-oprema.com\/de\/wp-json\/wp\/v2\/media\/170227"}],"wp:attachment":[{"href":"https:\/\/moto-oprema.com\/de\/wp-json\/wp\/v2\/media?parent=170510"}],"wp:term":[{"taxonomy":"brand","embeddable":true,"href":"https:\/\/moto-oprema.com\/de\/wp-json\/wp\/v2\/brand?post=170510"},{"taxonomy":"gender","embeddable":true,"href":"https:\/\/moto-oprema.com\/de\/wp-json\/wp\/v2\/gender?post=170510"},{"taxonomy":"product_brand","embeddable":true,"href":"https:\/\/moto-oprema.com\/de\/wp-json\/wp\/v2\/product_brand?post=170510"},{"taxonomy":"product_cat","embeddable":true,"href":"https:\/\/moto-oprema.com\/de\/wp-json\/wp\/v2\/product_cat?post=170510"},{"taxonomy":"product_tag","embeddable":true,"href":"https:\/\/moto-oprema.com\/de\/wp-json\/wp\/v2\/product_tag?post=170510"}],"curies":[{"name":"wp","href":"https:\/\/api.w.org\/{rel}","templated":true}]}}