{"id":170143,"date":"2025-10-13T09:12:53","date_gmt":"2025-10-13T09:12:53","guid":{"rendered":"https:\/\/moto-oprema.com\/?post_type=product&#038;p=170143"},"modified":"2025-10-13T09:18:19","modified_gmt":"2025-10-13T09:18:19","slug":"fox-goggles-main-interfere-lila-kopija","status":"publish","type":"product","link":"https:\/\/moto-oprema.com\/de\/Artikel\/fox-goggles-main-interfere-lila-kopija\/","title":{"rendered":"FOX BRILLE MAIN COLLECT BLAU ROSA"},"content":{"rendered":"<p>Die FOX Main ist die g\u00fcnstigste FOX Goggle auf dem Markt und verf\u00fcgt \u00fcber das Variable Lens System (VLS\u2122). Dank VLS\u2122 ist die Brille mit Standardgl\u00e4sern (Standard) und Spritzgussgl\u00e4sern (separat erh\u00e4ltlich) im selben Rahmen kompatibel. <\/p>\n<p>Mit gro\u00dfem Blickwinkel, dreilagigem Schaumstoff, rutschfestem Silikonpolster. Inklusive Mikrofaser-Brillenetui. Scheibentechnologie: klare Lexanscheibe mit UV-Schutz.  <\/p>\n<p>Material: 51% TPU, 11% Polycarbonat, 38% Nylon<\/p>\n","protected":false},"excerpt":{"rendered":"<p>Farbe: Wei\u00df Linse: Klar<\/p>\n","protected":false},"featured_media":170152,"comment_status":"open","ping_status":"closed","template":"","meta":{"_acf_changed":false},"brand":[2115],"gender":[2173],"product_brand":[],"product_cat":[2028,2182],"product_tag":[],"class_list":{"0":"post-170143","1":"product","2":"type-product","3":"status-publish","4":"has-post-thumbnail","6":"brand-fox-de","7":"gender-unisex-de","8":"product_cat-motocross-ausrustung","9":"product_cat-mx-brille","11":"first","12":"instock","13":"taxable","14":"shipping-taxable","15":"purchasable","16":"product-type-simple"},"acf":[],"_links":{"self":[{"href":"https:\/\/moto-oprema.com\/de\/wp-json\/wp\/v2\/product\/170143","targetHints":{"allow":["GET"]}}],"collection":[{"href":"https:\/\/moto-oprema.com\/de\/wp-json\/wp\/v2\/product"}],"about":[{"href":"https:\/\/moto-oprema.com\/de\/wp-json\/wp\/v2\/types\/product"}],"replies":[{"embeddable":true,"href":"https:\/\/moto-oprema.com\/de\/wp-json\/wp\/v2\/comments?post=170143"}],"wp:featuredmedia":[{"embeddable":true,"href":"https:\/\/moto-oprema.com\/de\/wp-json\/wp\/v2\/media\/170152"}],"wp:attachment":[{"href":"https:\/\/moto-oprema.com\/de\/wp-json\/wp\/v2\/media?parent=170143"}],"wp:term":[{"taxonomy":"brand","embeddable":true,"href":"https:\/\/moto-oprema.com\/de\/wp-json\/wp\/v2\/brand?post=170143"},{"taxonomy":"gender","embeddable":true,"href":"https:\/\/moto-oprema.com\/de\/wp-json\/wp\/v2\/gender?post=170143"},{"taxonomy":"product_brand","embeddable":true,"href":"https:\/\/moto-oprema.com\/de\/wp-json\/wp\/v2\/product_brand?post=170143"},{"taxonomy":"product_cat","embeddable":true,"href":"https:\/\/moto-oprema.com\/de\/wp-json\/wp\/v2\/product_cat?post=170143"},{"taxonomy":"product_tag","embeddable":true,"href":"https:\/\/moto-oprema.com\/de\/wp-json\/wp\/v2\/product_tag?post=170143"}],"curies":[{"name":"wp","href":"https:\/\/api.w.org\/{rel}","templated":true}]}}